{"id":8170,"date":"2024-07-10T16:48:56","date_gmt":"2024-07-10T14:48:56","guid":{"rendered":"https:\/\/2021.bruderklaus.com\/produkt\/dorothee-wyss-von-fluee\/"},"modified":"2024-07-22T08:05:41","modified_gmt":"2024-07-22T06:05:41","slug":"dorothee-wyss-von-fluee","status":"publish","type":"product","link":"https:\/\/bruderklaus.com\/it\/produkt\/dorothee-wyss-von-fluee\/","title":{"rendered":"Leseheft Dorothee Wyss von Fl\u00fce &#8211; 2. Auflage"},"content":{"rendered":"<p>Leben und Bedeutung einer aussergew\u00f6hnlichen Frau &#8211; Dorothee Wyss von Fl\u00fce (1430\/2 &#8211; 1495\/6)<\/p>\n<p>Ein Leseheft<\/p>\n<p>Dorothee Wyss ist eine historisch fassbare Pers\u00f6nlichkeit, die von ihren Zeitgenossen hoch geachtet wurde. Ohne sie g\u00e4be es den Schweizer Mystiker, Friedenhseiligen und Landespatron Niklaus von Fl\u00fce (1417-1487) nicht. Der sorgf\u00e4ltig recherchierte Aufsatz von Roland Gr\u00f6bli gibt Dorothee Wyss den Platz zur\u00fcck, den ihr geb\u00fchrt; den Platz an der Seite des Niklaus von Fl\u00fce als seine engste Vertraute und wichtigste Besch\u00fctzerin.<\/p>\n<p>Lebensbild und Quellenverzeichnis von Roland Gr\u00f6bli<br \/>\nVorwort Carmen Kiser, Nachwort Doris Hellm\u00fcller<br \/>\n100 Seiten, bebildert<\/p>\n<p><strong>2. Auflage, M\u00e4rz 2023<\/strong><br \/>\nHerausgegeben vom F\u00f6rderverein Niklaus von Fl\u00fce und Dorothee Wyss<\/p>\n","protected":false},"excerpt":{"rendered":"<p>Leben und Bedeutung einer aussergew\u00f6hnlichen Frau &#8211; Dorothee Wyss von Fl\u00fce (1430\/2 &#8211; 1495\/6) Ein Leseheft Dorothee Wyss ist eine historisch fassbare Pers\u00f6nlichkeit, die von ihren Zeitgenossen hoch geachtet wurde. Ohne sie g\u00e4be es den Schweizer Mystiker, Friedenhseiligen und Landespatron Niklaus von Fl\u00fce (1417-1487) nicht. Der sorgf\u00e4ltig recherchierte Aufsatz von Roland Gr\u00f6bli gibt Dorothee Wyss [&hellip;]<\/p>\n","protected":false},"featured_media":5162,"template":"","meta":{"_acf_changed":false},"product_cat":[94,95,118],"product_tag":[],"acf":[],"_links":{"self":[{"href":"https:\/\/bruderklaus.com\/it\/wp-json\/wp\/v2\/product\/8170"}],"collection":[{"href":"https:\/\/bruderklaus.com\/it\/wp-json\/wp\/v2\/product"}],"about":[{"href":"https:\/\/bruderklaus.com\/it\/wp-json\/wp\/v2\/types\/product"}],"wp:featuredmedia":[{"embeddable":true,"href":"https:\/\/bruderklaus.com\/it\/wp-json\/wp\/v2\/media\/5162"}],"wp:attachment":[{"href":"https:\/\/bruderklaus.com\/it\/wp-json\/wp\/v2\/media?parent=8170"}],"wp:term":[{"taxonomy":"product_cat","embeddable":true,"href":"https:\/\/bruderklaus.com\/it\/wp-json\/wp\/v2\/product_cat?post=8170"},{"taxonomy":"product_tag","embeddable":true,"href":"https:\/\/bruderklaus.com\/it\/wp-json\/wp\/v2\/product_tag?post=8170"}],"curies":[{"name":"wp","href":"https:\/\/api.w.org\/{rel}","templated":true}]}}