{"id":8054,"date":"2019-03-25T13:58:15","date_gmt":"2019-03-25T13:58:15","guid":{"rendered":"https:\/\/2021.bruderklaus.com\/produkt\/le-genie-du-lieu\/"},"modified":"2021-04-09T08:57:52","modified_gmt":"2021-04-09T08:57:52","slug":"le-genie-du-lieu","status":"publish","type":"product","link":"https:\/\/bruderklaus.com\/it\/produkt\/le-genie-du-lieu\/","title":{"rendered":"Le g\u00e9nie du lieu"},"content":{"rendered":"<p><strong>m\u00e9ditations au pays de Nicolas de Flue<\/strong><\/p>\n<p>Der Autor stellt sich der Frage ob die geografische Lage den Charakter von Menschen beeinflussen kann und ob es einen Zusammenhang zwischen einer Landschaft und der Spiritualit\u00e4t der Menschen gibt. Ein praktischer F\u00fchrer, der den Wunsch nach pers\u00f6nlichen Entdeckungen weckt.<\/p>\n<p>Jacques Rime, Cab\u00e9dita Verlag, 2019, kartonierter Einband, reicht bebildert, franz\u00f6sisch.<\/p>\n","protected":false},"excerpt":{"rendered":"<p>m\u00e9ditations au pays de Nicolas de Flue Der Autor stellt sich der Frage ob die geografische Lage den Charakter von Menschen beeinflussen kann und ob es einen Zusammenhang zwischen einer Landschaft und der Spiritualit\u00e4t der Menschen gibt. Ein praktischer F\u00fchrer, der den Wunsch nach pers\u00f6nlichen Entdeckungen weckt. Jacques Rime, Cab\u00e9dita Verlag, 2019, kartonierter Einband, reicht [&hellip;]<\/p>\n","protected":false},"featured_media":8055,"template":"","meta":{"_acf_changed":false},"product_cat":[95,102,120],"product_tag":[],"acf":[],"_links":{"self":[{"href":"https:\/\/bruderklaus.com\/it\/wp-json\/wp\/v2\/product\/8054"}],"collection":[{"href":"https:\/\/bruderklaus.com\/it\/wp-json\/wp\/v2\/product"}],"about":[{"href":"https:\/\/bruderklaus.com\/it\/wp-json\/wp\/v2\/types\/product"}],"wp:featuredmedia":[{"embeddable":true,"href":"https:\/\/bruderklaus.com\/it\/wp-json\/wp\/v2\/media\/8055"}],"wp:attachment":[{"href":"https:\/\/bruderklaus.com\/it\/wp-json\/wp\/v2\/media?parent=8054"}],"wp:term":[{"taxonomy":"product_cat","embeddable":true,"href":"https:\/\/bruderklaus.com\/it\/wp-json\/wp\/v2\/product_cat?post=8054"},{"taxonomy":"product_tag","embeddable":true,"href":"https:\/\/bruderklaus.com\/it\/wp-json\/wp\/v2\/product_tag?post=8054"}],"curies":[{"name":"wp","href":"https:\/\/api.w.org\/{rel}","templated":true}]}}