{"id":8050,"date":"2019-03-25T13:45:28","date_gmt":"2019-03-25T13:45:28","guid":{"rendered":"https:\/\/2021.bruderklaus.com\/produkt\/les-visions-de-nicolas-de-flue\/"},"modified":"2021-04-09T08:58:28","modified_gmt":"2021-04-09T08:58:28","slug":"les-visions-de-nicolas-de-flue","status":"publish","type":"product","link":"https:\/\/bruderklaus.com\/it\/produkt\/les-visions-de-nicolas-de-flue\/","title":{"rendered":"Les visions de Nicolas de Flue"},"content":{"rendered":"<p>Un chemin spirituel de discernement personnel<\/p>\n<p>Autor: Abb\u00e9 Bernard Schubiger, Murten<br \/>\nFotos: Abb\u00e9 Bernard Schubiger, Murten<br \/>\nIllustrationen: Bernadette Lopez (Berna).<\/p>\n<p>Editions du Parvis, Hauteville, 2019, 328 S., franz\u00f6sisch<br \/>\nkartnoierter Einband, reichhaltig illustriert und bebildert<\/p>\n","protected":false},"excerpt":{"rendered":"<p>Un chemin spirituel de discernement personnel Autor: Abb\u00e9 Bernard Schubiger, Murten Fotos: Abb\u00e9 Bernard Schubiger, Murten Illustrationen: Bernadette Lopez (Berna). Editions du Parvis, Hauteville, 2019, 328 S., franz\u00f6sisch kartnoierter Einband, reichhaltig illustriert und bebildert<\/p>\n","protected":false},"featured_media":8051,"template":"","meta":{"_acf_changed":false},"product_cat":[95,102,120],"product_tag":[],"acf":[],"_links":{"self":[{"href":"https:\/\/bruderklaus.com\/it\/wp-json\/wp\/v2\/product\/8050"}],"collection":[{"href":"https:\/\/bruderklaus.com\/it\/wp-json\/wp\/v2\/product"}],"about":[{"href":"https:\/\/bruderklaus.com\/it\/wp-json\/wp\/v2\/types\/product"}],"wp:featuredmedia":[{"embeddable":true,"href":"https:\/\/bruderklaus.com\/it\/wp-json\/wp\/v2\/media\/8051"}],"wp:attachment":[{"href":"https:\/\/bruderklaus.com\/it\/wp-json\/wp\/v2\/media?parent=8050"}],"wp:term":[{"taxonomy":"product_cat","embeddable":true,"href":"https:\/\/bruderklaus.com\/it\/wp-json\/wp\/v2\/product_cat?post=8050"},{"taxonomy":"product_tag","embeddable":true,"href":"https:\/\/bruderklaus.com\/it\/wp-json\/wp\/v2\/product_tag?post=8050"}],"curies":[{"name":"wp","href":"https:\/\/api.w.org\/{rel}","templated":true}]}}