{"id":8026,"date":"2018-10-25T14:39:52","date_gmt":"2018-10-25T14:39:52","guid":{"rendered":"https:\/\/2021.bruderklaus.com\/produkt\/400-jahre-flueeli-kapelle\/"},"modified":"2021-04-09T08:59:15","modified_gmt":"2021-04-09T08:59:15","slug":"400-jahre-flueeli-kapelle","status":"publish","type":"product","link":"https:\/\/bruderklaus.com\/it\/produkt\/400-jahre-flueeli-kapelle\/","title":{"rendered":"400 Jahre Fl\u00fceli-Kapelle"},"content":{"rendered":"<p>Das Wahrzeichen von Fl\u00fceli-Ranft: Die von weitem sichtbare Kapelle Karl Borrom\u00e4us, sie wurde 1614-18 erbaut. Zum 400-j\u00e4hrigen Bestehen der Kapelle gab die Kirchgemeinde Sachseln diese Brosch\u00fcre heraus. Sie ist einerseits ein Kunstf\u00fchrer der Fl\u00fceli-Kapelle und andererseits erz\u00e4hlt sie die Geschichte der Seelsorge, der Wallfahrt und der Schule in Fl\u00fceli-Ranft. Reich bebildert mit vielen Hintergund Informationen.<\/p>\n<p>Autor: Remo Rainoni, Sachseln \/ Fotos: Daniel Reinhard, Sachseln<\/p>\n","protected":false},"excerpt":{"rendered":"<p>Das Wahrzeichen von Fl\u00fceli-Ranft: Die von weitem sichtbare Kapelle Karl Borrom\u00e4us, sie wurde 1614-18 erbaut. Zum 400-j\u00e4hrigen Bestehen der Kapelle gab die Kirchgemeinde Sachseln diese Brosch\u00fcre heraus. Sie ist einerseits ein Kunstf\u00fchrer der Fl\u00fceli-Kapelle und andererseits erz\u00e4hlt sie die Geschichte der Seelsorge, der Wallfahrt und der Schule in Fl\u00fceli-Ranft. Reich bebildert mit vielen Hintergund Informationen. [&hellip;]<\/p>\n","protected":false},"featured_media":8027,"template":"","meta":{"_acf_changed":false},"product_cat":[95,102,118],"product_tag":[],"acf":[],"_links":{"self":[{"href":"https:\/\/bruderklaus.com\/it\/wp-json\/wp\/v2\/product\/8026"}],"collection":[{"href":"https:\/\/bruderklaus.com\/it\/wp-json\/wp\/v2\/product"}],"about":[{"href":"https:\/\/bruderklaus.com\/it\/wp-json\/wp\/v2\/types\/product"}],"wp:featuredmedia":[{"embeddable":true,"href":"https:\/\/bruderklaus.com\/it\/wp-json\/wp\/v2\/media\/8027"}],"wp:attachment":[{"href":"https:\/\/bruderklaus.com\/it\/wp-json\/wp\/v2\/media?parent=8026"}],"wp:term":[{"taxonomy":"product_cat","embeddable":true,"href":"https:\/\/bruderklaus.com\/it\/wp-json\/wp\/v2\/product_cat?post=8026"},{"taxonomy":"product_tag","embeddable":true,"href":"https:\/\/bruderklaus.com\/it\/wp-json\/wp\/v2\/product_tag?post=8026"}],"curies":[{"name":"wp","href":"https:\/\/api.w.org\/{rel}","templated":true}]}}