{"id":8019,"date":"2023-03-09T22:30:22","date_gmt":"2023-03-09T21:30:22","guid":{"rendered":"https:\/\/2021.bruderklaus.com\/produkt\/niklaus-und-dorothee-so-fern-so-nah\/"},"modified":"2023-12-04T10:22:51","modified_gmt":"2023-12-04T09:22:51","slug":"niklaus-und-dorothee-so-fern-so-nah","status":"publish","type":"product","link":"https:\/\/bruderklaus.com\/it\/produkt\/niklaus-und-dorothee-so-fern-so-nah\/","title":{"rendered":"Niklaus und Dorothee, so fern-so nah \/ Nicolas et Doroth\u00e9e, si loin-si pr\u00e8s"},"content":{"rendered":"<p>Die Autoren erz\u00e4hlen die ungew\u00f6hnliche Geschichte des Ehepaars Niklaus von Fl\u00fce und Dorothee Wyss und zeigen das partnerschaftliche Miteinander auf. Ihre Lebenswege, die trotz Trennung untrennbar geblieben sind, sprechen in die Gegenwart. Impulse ins Heute regen dazu an, \u00fcber das eigene Leben nachzudenken und bei Bruder Klaus und Dorothee Antworten zu finden.<\/p>\n<p>Nadia Rudolf von Rohr und Dr. Niklaus Kuster I Hsgr. Bruder-Klausen-Stiftung, Sachseln, 2018, 60 S., bebildert<\/p>\n<p>Von den gleichen Autoren erschienen:\u00a0 <a href=\"https:\/\/bruderklaus.com\/shop\/literatur\/fernnahe-liebe\/\">Fernnahe Liebe Niklaus und Dorothea von Fl\u00fce<\/a><\/p>\n<p>Les auteurs racontent l&#8217;histoire exceptionnelle d&#8217;un couple, celui de Nicolas de Fl\u00fce et de Doroth\u00e9e Wyss. Des r\u00e9flexions pour aujourd&#8217;hui invitent \u00e0 m\u00e9diter et \u00e0 trouver des r\u00e9ponses aupr\u00e8s de Fr\u00e8re Nicolas et de Doroth\u00e9e.<\/p>\n","protected":false},"excerpt":{"rendered":"<p>Die Autoren erz\u00e4hlen die ungew\u00f6hnliche Geschichte des Ehepaars Niklaus von Fl\u00fce und Dorothee Wyss und zeigen das partnerschaftliche Miteinander auf. Ihre Lebenswege, die trotz Trennung untrennbar geblieben sind, sprechen in die Gegenwart. Impulse ins Heute regen dazu an, \u00fcber das eigene Leben nachzudenken und bei Bruder Klaus und Dorothee Antworten zu finden.<\/p>\n<p>Nadia Rudolf von Rohr und Dr. Niklaus Kuster I Hsgr. Bruder-Klausen-Stiftung, Sachseln, 2018, 60 S., bebildert<\/p>\n","protected":false},"featured_media":19919,"template":"","meta":{"_acf_changed":false},"product_cat":[94,95,118,120],"product_tag":[121,122,123,124],"acf":[],"_links":{"self":[{"href":"https:\/\/bruderklaus.com\/it\/wp-json\/wp\/v2\/product\/8019"}],"collection":[{"href":"https:\/\/bruderklaus.com\/it\/wp-json\/wp\/v2\/product"}],"about":[{"href":"https:\/\/bruderklaus.com\/it\/wp-json\/wp\/v2\/types\/product"}],"wp:featuredmedia":[{"embeddable":true,"href":"https:\/\/bruderklaus.com\/it\/wp-json\/wp\/v2\/media\/19919"}],"wp:attachment":[{"href":"https:\/\/bruderklaus.com\/it\/wp-json\/wp\/v2\/media?parent=8019"}],"wp:term":[{"taxonomy":"product_cat","embeddable":true,"href":"https:\/\/bruderklaus.com\/it\/wp-json\/wp\/v2\/product_cat?post=8019"},{"taxonomy":"product_tag","embeddable":true,"href":"https:\/\/bruderklaus.com\/it\/wp-json\/wp\/v2\/product_tag?post=8019"}],"curies":[{"name":"wp","href":"https:\/\/api.w.org\/{rel}","templated":true}]}}