{"id":8015,"date":"2026-02-24T21:08:18","date_gmt":"2026-02-24T20:08:18","guid":{"rendered":"https:\/\/2021.bruderklaus.com\/produkt\/geschichte-verbindet-lehrmittel\/"},"modified":"2026-03-30T15:12:09","modified_gmt":"2026-03-30T13:12:09","slug":"geschichte-verbindet-lehrmittel","status":"publish","type":"product","link":"https:\/\/bruderklaus.com\/it\/produkt\/geschichte-verbindet-lehrmittel\/","title":{"rendered":"Geschichte verbindet &#8211; Lehrmittel 7.\/8. Klasse"},"content":{"rendered":"<p>Das weisse Buch von Sarnen und Niklaus von Fl\u00fce<\/p>\n<div id=\"mk-boxed-layout\">\n<div id=\"mk-theme-container\">\n<div id=\"theme-page\" class=\"master-holder clearfix\" role=\"&quot;main&quot;\">\n<div class=\"mk-main-wrapper-holder\">\n<div class=\"theme-page-wrapper full-layout mk-grid\">\n<div class=\"theme-content \">\n<div id=\"product-5321\" class=\"post-5321 product type-product status-publish has-post-thumbnail product_cat-biografien-studien-quellenwerke product_cat-deutsch product_cat-kinder-und-jugendliche product_cat-literatur mk-product-orientation-horizontal first instock shipping-taxable purchasable product-type-simple\">\n<div class=\"woocommerce-tabs wc-tabs-wrapper\">\n<div id=\"tab-description\" class=\"woocommerce-Tabs-panel woocommerce-Tabs-panel--description panel entry-content wc-tab\" role=\"tabpanel\" aria-labelledby=\"tab-title-description\">\n<p>Das Lehrmittel f\u00fcr die 7. und 8. Klasse wurde vom Bildungs- und Kulturdepartement Obwalden in Zusammenarbeit mit dem Zentrum f\u00fcr Geschichtsdidaktik und Erinnerungskulturen der P\u00e4dagogischen Hochschule Luzern entwickelt.<\/p>\n<div id=\"mk-boxed-layout\">\n<div id=\"mk-theme-container\">\n<div id=\"theme-page\" class=\"master-holder clearfix\" role=\"&quot;main&quot;\">\n<div class=\"mk-main-wrapper-holder\">\n<div class=\"theme-page-wrapper full-layout mk-grid\">\n<div class=\"theme-content \">\n<div id=\"product-5321\" class=\"post-5321 product type-product status-publish has-post-thumbnail product_cat-biografien-studien-quellenwerke product_cat-deutsch product_cat-kinder-und-jugendliche product_cat-literatur mk-product-orientation-horizontal first instock shipping-taxable purchasable product-type-simple\">\n<div class=\"woocommerce-tabs wc-tabs-wrapper\">\n<div id=\"tab-description\" class=\"woocommerce-Tabs-panel woocommerce-Tabs-panel--description panel entry-content wc-tab\" role=\"tabpanel\" aria-labelledby=\"tab-title-description\">\n<p>Einzelexemplare erh\u00e4ltlich.<br \/>\nKlassens\u00e4tze zu beziehen beim <a href=\"https:\/\/shop.lmvdmz.lu.ch\/lmv\/\">Lehrmittelverlag Luzern<\/a><\/p>\n<\/div>\n<\/div>\n<\/div>\n<\/div>\n<\/div>\n<\/div>\n<\/div>\n<\/div>\n<\/div>\n<\/div>\n<\/div>\n<\/div>\n<\/div>\n<\/div>\n<\/div>\n<\/div>\n<\/div>\n<\/div>\n","protected":false},"excerpt":{"rendered":"<p>Das weisse Buch von Sarnen und Niklaus von Fl\u00fce Das Lehrmittel f\u00fcr die 7. und 8. Klasse wurde vom Bildungs- und Kulturdepartement Obwalden in Zusammenarbeit mit dem Zentrum f\u00fcr Geschichtsdidaktik und Erinnerungskulturen der P\u00e4dagogischen Hochschule Luzern entwickelt. Einzelexemplare erh\u00e4ltlich. Klassens\u00e4tze zu beziehen beim Lehrmittelverlag Luzern<\/p>\n","protected":false},"featured_media":8016,"template":"","meta":{"_acf_changed":false},"product_cat":[94,95,96,118],"product_tag":[119],"acf":[],"_links":{"self":[{"href":"https:\/\/bruderklaus.com\/it\/wp-json\/wp\/v2\/product\/8015"}],"collection":[{"href":"https:\/\/bruderklaus.com\/it\/wp-json\/wp\/v2\/product"}],"about":[{"href":"https:\/\/bruderklaus.com\/it\/wp-json\/wp\/v2\/types\/product"}],"wp:featuredmedia":[{"embeddable":true,"href":"https:\/\/bruderklaus.com\/it\/wp-json\/wp\/v2\/media\/8016"}],"wp:attachment":[{"href":"https:\/\/bruderklaus.com\/it\/wp-json\/wp\/v2\/media?parent=8015"}],"wp:term":[{"taxonomy":"product_cat","embeddable":true,"href":"https:\/\/bruderklaus.com\/it\/wp-json\/wp\/v2\/product_cat?post=8015"},{"taxonomy":"product_tag","embeddable":true,"href":"https:\/\/bruderklaus.com\/it\/wp-json\/wp\/v2\/product_tag?post=8015"}],"curies":[{"name":"wp","href":"https:\/\/api.w.org\/{rel}","templated":true}]}}