{"id":8011,"date":"2026-03-25T21:00:49","date_gmt":"2026-03-25T20:00:49","guid":{"rendered":"https:\/\/2021.bruderklaus.com\/produkt\/spurensuche-im-mittelalter-lehrmittel\/"},"modified":"2026-04-17T09:08:33","modified_gmt":"2026-04-17T07:08:33","slug":"spurensuche-im-mittelalter-lehrmittel","status":"publish","type":"product","link":"https:\/\/bruderklaus.com\/it\/produkt\/spurensuche-im-mittelalter-lehrmittel\/","title":{"rendered":"Spurensuche im Mittelalter &#8211; Lehrmittel 5.\/6. Klasse"},"content":{"rendered":"<p>Obwaldner Geschichte und Geschichten entdecken<\/p>\n<p>Das Lehrmittel f\u00fcr die 5. und 6. Klasse wurde vom Bildungs- und Kulturdepartement Obwalden in Zusammenarbeit mit dem Zentrum f\u00fcr Geschichtsdidaktik und Erinnerungskulturen der P\u00e4dagogischen Hochschule Luzern entwickelt.<\/p>\n<p>Einzelexemplare erh\u00e4ltlich. Klassens\u00e4tze zu beziehen beim <a href=\"https:\/\/shop.lmvdmz.lu.ch\/lmv\/\">Lehrmittelverlag Luzern<\/a><\/p>\n<p><strong>Digitales Zusatzmaterial auf<\/strong> <a href=\"https:\/\/www.zebis.ch\/unterrichtsmaterial\/dorothee-wyss-von-der-verlassenen-ehefrau-zum-maincharacter-zebisdigital\">zebis.ch<\/a><\/p>\n","protected":false},"excerpt":{"rendered":"<p>Obwaldner Geschichte und Geschichten entdecken Das Lehrmittel f\u00fcr die 5. und 6. Klasse wurde vom Bildungs- und Kulturdepartement Obwalden in Zusammenarbeit mit dem Zentrum f\u00fcr Geschichtsdidaktik und Erinnerungskulturen der P\u00e4dagogischen Hochschule Luzern entwickelt. Einzelexemplare erh\u00e4ltlich. Klassens\u00e4tze zu beziehen beim Lehrmittelverlag Luzern Digitales Zusatzmaterial auf zebis.ch<\/p>\n","protected":false},"featured_media":8012,"template":"","meta":{"_acf_changed":false},"product_cat":[94,95,96,118],"product_tag":[],"acf":[],"_links":{"self":[{"href":"https:\/\/bruderklaus.com\/it\/wp-json\/wp\/v2\/product\/8011"}],"collection":[{"href":"https:\/\/bruderklaus.com\/it\/wp-json\/wp\/v2\/product"}],"about":[{"href":"https:\/\/bruderklaus.com\/it\/wp-json\/wp\/v2\/types\/product"}],"wp:featuredmedia":[{"embeddable":true,"href":"https:\/\/bruderklaus.com\/it\/wp-json\/wp\/v2\/media\/8012"}],"wp:attachment":[{"href":"https:\/\/bruderklaus.com\/it\/wp-json\/wp\/v2\/media?parent=8011"}],"wp:term":[{"taxonomy":"product_cat","embeddable":true,"href":"https:\/\/bruderklaus.com\/it\/wp-json\/wp\/v2\/product_cat?post=8011"},{"taxonomy":"product_tag","embeddable":true,"href":"https:\/\/bruderklaus.com\/it\/wp-json\/wp\/v2\/product_tag?post=8011"}],"curies":[{"name":"wp","href":"https:\/\/api.w.org\/{rel}","templated":true}]}}