{"id":7815,"date":"2024-09-24T08:12:31","date_gmt":"2024-09-24T06:12:31","guid":{"rendered":"https:\/\/2021.bruderklaus.com\/produkt\/comic-magazin-bruder-klaus\/"},"modified":"2024-09-30T15:08:55","modified_gmt":"2024-09-30T13:08:55","slug":"comic-magazin-bruder-klaus","status":"publish","type":"product","link":"https:\/\/bruderklaus.com\/it\/produkt\/comic-magazin-bruder-klaus\/","title":{"rendered":"Comic | Magazin &#8211; Bruder Klaus"},"content":{"rendered":"<p>Eine Bilderreise ins Sp\u00e4tmittelalter mit spannenden Einblicken in die Kindheit und Jugend von Niklaus von Fl\u00fce.<br \/>\nGut verst\u00e4ndlich, mit einpr\u00e4gsamen Bildern. Liebevoll und detailgetreu gezeichnet, eine ausgezeichnete Einsteigerlekt\u00fcre zum sperrigen Landespatron der Schweiz.<br \/>\nMit Bruder-Klaus-R\u00e4tsel.<\/p>\n<p>Kinder- und Jugendmagazin &#8220;tut&#8221; Nr. 7 &#8211; 2018, Illustrationen: Rudolf Eizenh\u00f6fer, Text: Annett Staubach,\u00a0 35 S.<\/p>\n","protected":false},"excerpt":{"rendered":"<p>Eine Bilderreise ins Sp\u00e4tmittelalter mit spannenden Einblicken in die Kindheit und Jugend von Niklaus von Fl\u00fce. Gut verst\u00e4ndlich, mit einpr\u00e4gsamen Bildern. Liebevoll und detailgetreu gezeichnet, eine ausgezeichnete Einsteigerlekt\u00fcre zum sperrigen Landespatron der Schweiz. Mit Bruder-Klaus-R\u00e4tsel. Kinder- und Jugendmagazin &#8220;tut&#8221; Nr. 7 &#8211; 2018, Illustrationen: Rudolf Eizenh\u00f6fer, Text: Annett Staubach,\u00a0 35 S.<\/p>\n","protected":false},"featured_media":7816,"template":"","meta":{"_acf_changed":false},"product_cat":[94,96,118],"product_tag":[],"acf":[],"_links":{"self":[{"href":"https:\/\/bruderklaus.com\/it\/wp-json\/wp\/v2\/product\/7815"}],"collection":[{"href":"https:\/\/bruderklaus.com\/it\/wp-json\/wp\/v2\/product"}],"about":[{"href":"https:\/\/bruderklaus.com\/it\/wp-json\/wp\/v2\/types\/product"}],"wp:featuredmedia":[{"embeddable":true,"href":"https:\/\/bruderklaus.com\/it\/wp-json\/wp\/v2\/media\/7816"}],"wp:attachment":[{"href":"https:\/\/bruderklaus.com\/it\/wp-json\/wp\/v2\/media?parent=7815"}],"wp:term":[{"taxonomy":"product_cat","embeddable":true,"href":"https:\/\/bruderklaus.com\/it\/wp-json\/wp\/v2\/product_cat?post=7815"},{"taxonomy":"product_tag","embeddable":true,"href":"https:\/\/bruderklaus.com\/it\/wp-json\/wp\/v2\/product_tag?post=7815"}],"curies":[{"name":"wp","href":"https:\/\/api.w.org\/{rel}","templated":true}]}}