{"id":7795,"date":"2020-05-10T17:27:19","date_gmt":"2020-05-10T15:27:19","guid":{"rendered":"https:\/\/2021.bruderklaus.com\/produkt\/600-jahre-niklaus-von-fluee-reden-predigten-texte-zum-gedenkjahr-2017\/"},"modified":"2025-04-15T12:13:05","modified_gmt":"2025-04-15T10:13:05","slug":"600-jahre-niklaus-von-fluee-reden-predigten-texte-zum-gedenkjahr-2017","status":"publish","type":"product","link":"https:\/\/bruderklaus.com\/it\/produkt\/600-jahre-niklaus-von-fluee-reden-predigten-texte-zum-gedenkjahr-2017\/","title":{"rendered":"600 Jahre Niklaus von Fl\u00fce &#8211; Reden, Predigten, Texte zum Gedenkjahr"},"content":{"rendered":"<p>Das Buch ist ein Zeitdokument f\u00fcr alle, die trotz elektronischer Verf\u00fcgbarkeit Texte in den H\u00e4nden halten und (be)greifen wollen. Es enth\u00e4lt Ansprachen, Predigten und Texte der offiziellen Gedenkveranstaltungen sowie den Text des Visionsgedenkspiels und eine kleine Auswahl herausragender Artikel des Gedenkjahres. Im Sinne einer m\u00f6glichst authentischen Dokumentation folgt die formale Darstellung insbesondere der Redetexte in Originalfassung.<\/p>\n<p>Tr\u00e4gerverein \u00ab600 Jahre Niklaus von Fl\u00fce\u00bb und Bruder-Klausen-Stiftung, 2018, 256 S.<\/p>\n","protected":false},"excerpt":{"rendered":"<p>Das Buch ist ein Zeitdokument f\u00fcr alle, die trotz elektronischer Verf\u00fcgbarkeit Texte in den H\u00e4nden halten und (be)greifen wollen. Es enth\u00e4lt Ansprachen, Predigten und Texte der offiziellen Gedenkveranstaltungen sowie den Text des Visionsgedenkspiels und eine kleine Auswahl herausragender Artikel des Gedenkjahres. Im Sinne einer m\u00f6glichst authentischen Dokumentation folgt die formale Darstellung insbesondere der Redetexte in [&hellip;]<\/p>\n","protected":false},"featured_media":7796,"template":"","meta":{"_acf_changed":false},"product_cat":[94,95],"product_tag":[],"acf":[],"_links":{"self":[{"href":"https:\/\/bruderklaus.com\/it\/wp-json\/wp\/v2\/product\/7795"}],"collection":[{"href":"https:\/\/bruderklaus.com\/it\/wp-json\/wp\/v2\/product"}],"about":[{"href":"https:\/\/bruderklaus.com\/it\/wp-json\/wp\/v2\/types\/product"}],"wp:featuredmedia":[{"embeddable":true,"href":"https:\/\/bruderklaus.com\/it\/wp-json\/wp\/v2\/media\/7796"}],"wp:attachment":[{"href":"https:\/\/bruderklaus.com\/it\/wp-json\/wp\/v2\/media?parent=7795"}],"wp:term":[{"taxonomy":"product_cat","embeddable":true,"href":"https:\/\/bruderklaus.com\/it\/wp-json\/wp\/v2\/product_cat?post=7795"},{"taxonomy":"product_tag","embeddable":true,"href":"https:\/\/bruderklaus.com\/it\/wp-json\/wp\/v2\/product_tag?post=7795"}],"curies":[{"name":"wp","href":"https:\/\/api.w.org\/{rel}","templated":true}]}}