{"id":7767,"date":"2021-11-08T17:10:38","date_gmt":"2021-11-08T16:10:38","guid":{"rendered":"https:\/\/2021.bruderklaus.com\/produkt\/kerze-bruder-klaus-angesicht\/"},"modified":"2021-11-11T11:47:26","modified_gmt":"2021-11-11T10:47:26","slug":"kerze-bruder-klaus-angesicht","status":"publish","type":"product","link":"https:\/\/bruderklaus.com\/it\/produkt\/kerze-bruder-klaus-angesicht\/","title":{"rendered":"Kerze | Bruder Klaus und Dorothee"},"content":{"rendered":"<p><strong>Farbe<\/strong><\/p>\n<p>elfenbein, mit Gem\u00e4lde Bruder Klaus und Dorothee vor M\u00f6sli-Kapelle<\/p>\n<p><strong>Gr\u00f6sse<\/strong><br \/>\n15 x 5 cm | 21 x 6 cm<\/p>\n<p>von Lienert Kerzen, Einsiedeln<\/p>\n","protected":false},"excerpt":{"rendered":"<p>Farbe elfenbein, mit Gem\u00e4lde Bruder Klaus und Dorothee vor M\u00f6sli-Kapelle Gr\u00f6sse 15 x 5 cm | 21 x 6 cm von Lienert Kerzen, Einsiedeln<\/p>\n","protected":false},"featured_media":14163,"template":"","meta":{"_acf_changed":false},"product_cat":[106,115],"product_tag":[],"acf":[],"_links":{"self":[{"href":"https:\/\/bruderklaus.com\/it\/wp-json\/wp\/v2\/product\/7767"}],"collection":[{"href":"https:\/\/bruderklaus.com\/it\/wp-json\/wp\/v2\/product"}],"about":[{"href":"https:\/\/bruderklaus.com\/it\/wp-json\/wp\/v2\/types\/product"}],"wp:featuredmedia":[{"embeddable":true,"href":"https:\/\/bruderklaus.com\/it\/wp-json\/wp\/v2\/media\/14163"}],"wp:attachment":[{"href":"https:\/\/bruderklaus.com\/it\/wp-json\/wp\/v2\/media?parent=7767"}],"wp:term":[{"taxonomy":"product_cat","embeddable":true,"href":"https:\/\/bruderklaus.com\/it\/wp-json\/wp\/v2\/product_cat?post=7767"},{"taxonomy":"product_tag","embeddable":true,"href":"https:\/\/bruderklaus.com\/it\/wp-json\/wp\/v2\/product_tag?post=7767"}],"curies":[{"name":"wp","href":"https:\/\/api.w.org\/{rel}","templated":true}]}}