{"id":7686,"date":"2018-07-17T15:20:58","date_gmt":"2018-07-17T15:20:58","guid":{"rendered":"https:\/\/2021.bruderklaus.com\/produkt\/statue-bruder-klaus\/"},"modified":"2026-01-15T15:11:34","modified_gmt":"2026-01-15T14:11:34","slug":"statue-bruder-klaus","status":"publish","type":"product","link":"https:\/\/bruderklaus.com\/it\/produkt\/statue-bruder-klaus\/","title":{"rendered":"Statue | Bruder Klaus"},"content":{"rendered":"<p><strong>Material<\/strong><br \/>\naus Holz geschnitzt, natur hell oder gebeizt; Ausf\u00fchrungswunsch bei Bestellung vermerken<br \/>\n<strong>Gr\u00f6sse<\/strong><br \/>\n12 cm | 17 cm | 20 cm | 25 cm | 33 cm<\/p>\n<p>&nbsp;<\/p>\n<p><strong>Weitere Statuen &#8211; handgeschnitzt in Obwalden<br \/>\n<\/strong>Gr\u00f6ssen: 15 &#8211; 60 cm und Spezialanfertigungen<br \/>\nHanspeter von Rotz, Kerns<br \/>\n+41 41 660 66 59<br \/>\nwww.holz-schnitzerei.ch<\/p>\n","protected":false},"excerpt":{"rendered":"<p>Material aus Holz geschnitzt, natur hell oder gebeizt; Ausf\u00fchrungswunsch bei Bestellung vermerken Gr\u00f6sse 12 cm | 17 cm | 20 cm | 25 cm | 33 cm &nbsp; Weitere Statuen &#8211; handgeschnitzt in Obwalden Gr\u00f6ssen: 15 &#8211; 60 cm und Spezialanfertigungen Hanspeter von Rotz, Kerns +41 41 660 66 59 www.holz-schnitzerei.ch<\/p>\n","protected":false},"featured_media":18472,"template":"","meta":{"_acf_changed":false},"product_cat":[106,113],"product_tag":[],"acf":[],"_links":{"self":[{"href":"https:\/\/bruderklaus.com\/it\/wp-json\/wp\/v2\/product\/7686"}],"collection":[{"href":"https:\/\/bruderklaus.com\/it\/wp-json\/wp\/v2\/product"}],"about":[{"href":"https:\/\/bruderklaus.com\/it\/wp-json\/wp\/v2\/types\/product"}],"wp:featuredmedia":[{"embeddable":true,"href":"https:\/\/bruderklaus.com\/it\/wp-json\/wp\/v2\/media\/18472"}],"wp:attachment":[{"href":"https:\/\/bruderklaus.com\/it\/wp-json\/wp\/v2\/media?parent=7686"}],"wp:term":[{"taxonomy":"product_cat","embeddable":true,"href":"https:\/\/bruderklaus.com\/it\/wp-json\/wp\/v2\/product_cat?post=7686"},{"taxonomy":"product_tag","embeddable":true,"href":"https:\/\/bruderklaus.com\/it\/wp-json\/wp\/v2\/product_tag?post=7686"}],"curies":[{"name":"wp","href":"https:\/\/api.w.org\/{rel}","templated":true}]}}