{"id":7557,"date":"2018-07-17T10:52:33","date_gmt":"2018-07-17T10:52:33","guid":{"rendered":"https:\/\/2021.bruderklaus.com\/produkt\/urauffuehrung-jodler-messe-dae-fridae-isch-allwaeg-i-gott\/"},"modified":"2021-04-09T09:04:54","modified_gmt":"2021-04-09T09:04:54","slug":"urauffuehrung-jodler-messe-dae-fridae-isch-allwaeg-i-gott","status":"publish","type":"product","link":"https:\/\/bruderklaus.com\/it\/produkt\/urauffuehrung-jodler-messe-dae-fridae-isch-allwaeg-i-gott\/","title":{"rendered":"CD | DVD | Urauff\u00fchrung Jodler Messe &#8220;D\u00e4 Frid\u00e4 isch allw\u00e4g i Gott&#8221;"},"content":{"rendered":"<p>Schweizerdeutsche Urauff\u00fchrung der Jodler Messe &#8220;D\u00e4 Frid\u00e4 isch allw\u00e4g i Gott&#8221; vom 21. M\u00e4rz 2017 durch den Jodlerklub Fl\u00fceli-Ranft im Fl\u00fceli-Ranft.<br \/>\nDer Jodlerklub Fl\u00fceli-Raft tr\u00e4gt mit der Jodlermesse die Friedensbotschaft von Bruder Klaus \u00fcber die Grenzen und f\u00fchrt Menschen musikalisch zusammen.<\/p>\n<p>Idee, Text und Leitung: Silvia Windlin, Komposition: Heinz Willisegger, 2017<\/p>\n","protected":false},"excerpt":{"rendered":"<p>Schweizerdeutsche Urauff\u00fchrung der Jodler Messe &#8220;D\u00e4 Frid\u00e4 isch allw\u00e4g i Gott&#8221; vom 21. M\u00e4rz 2017 durch den Jodlerklub Fl\u00fceli-Ranft im Fl\u00fceli-Ranft. Der Jodlerklub Fl\u00fceli-Raft tr\u00e4gt mit der Jodlermesse die Friedensbotschaft von Bruder Klaus \u00fcber die Grenzen und f\u00fchrt Menschen musikalisch zusammen. Idee, Text und Leitung: Silvia Windlin, Komposition: Heinz Willisegger, 2017<\/p>\n","protected":false},"featured_media":7558,"template":"","meta":{"_acf_changed":false},"product_cat":[103,104,112,118],"product_tag":[],"acf":[],"_links":{"self":[{"href":"https:\/\/bruderklaus.com\/it\/wp-json\/wp\/v2\/product\/7557"}],"collection":[{"href":"https:\/\/bruderklaus.com\/it\/wp-json\/wp\/v2\/product"}],"about":[{"href":"https:\/\/bruderklaus.com\/it\/wp-json\/wp\/v2\/types\/product"}],"wp:featuredmedia":[{"embeddable":true,"href":"https:\/\/bruderklaus.com\/it\/wp-json\/wp\/v2\/media\/7558"}],"wp:attachment":[{"href":"https:\/\/bruderklaus.com\/it\/wp-json\/wp\/v2\/media?parent=7557"}],"wp:term":[{"taxonomy":"product_cat","embeddable":true,"href":"https:\/\/bruderklaus.com\/it\/wp-json\/wp\/v2\/product_cat?post=7557"},{"taxonomy":"product_tag","embeddable":true,"href":"https:\/\/bruderklaus.com\/it\/wp-json\/wp\/v2\/product_tag?post=7557"}],"curies":[{"name":"wp","href":"https:\/\/api.w.org\/{rel}","templated":true}]}}