{"id":7539,"date":"2018-07-17T10:27:43","date_gmt":"2018-07-17T10:27:43","guid":{"rendered":"https:\/\/2021.bruderklaus.com\/produkt\/das-leben-des-bruder-klaus-von-fluee-damals-jetzt-und-immer\/"},"modified":"2021-04-09T09:17:57","modified_gmt":"2021-04-09T09:17:57","slug":"das-leben-des-bruder-klaus-von-fluee-damals-jetzt-und-immer","status":"publish","type":"product","link":"https:\/\/bruderklaus.com\/it\/produkt\/das-leben-des-bruder-klaus-von-fluee-damals-jetzt-und-immer\/","title":{"rendered":"DVD | Bruder Klaus von Fl\u00fce. Damals. Jetzt. Und immer."},"content":{"rendered":"<p>DVD u. Texte &#8211;\u00a0F\u00fcr das Filmprojekt zum 175-Jahr-Jubil\u00e4um der Pfarrei Liestal schrieb die Basler Autorin und K\u00fcnstlerin einen dichten und stimmigen Text zum inneren Monolog des Eremiten Bruder Klaus.<\/p>\n<p>Mich\u00e8le M. Salmony Di Stefano, Bruder-Klausen-Stiftung, Sachseln, 2015, 20 S., mit Film-DVD<\/p>\n","protected":false},"excerpt":{"rendered":"<p>DVD u. Texte &#8211;\u00a0F\u00fcr das Filmprojekt zum 175-Jahr-Jubil\u00e4um der Pfarrei Liestal schrieb die Basler Autorin und K\u00fcnstlerin einen dichten und stimmigen Text zum inneren Monolog des Eremiten Bruder Klaus. Mich\u00e8le M. Salmony Di Stefano, Bruder-Klausen-Stiftung, Sachseln, 2015, 20 S., mit Film-DVD<\/p>\n","protected":false},"featured_media":7540,"template":"","meta":{"_acf_changed":false},"product_cat":[94,95,103,104,118],"product_tag":[],"acf":[],"_links":{"self":[{"href":"https:\/\/bruderklaus.com\/it\/wp-json\/wp\/v2\/product\/7539"}],"collection":[{"href":"https:\/\/bruderklaus.com\/it\/wp-json\/wp\/v2\/product"}],"about":[{"href":"https:\/\/bruderklaus.com\/it\/wp-json\/wp\/v2\/types\/product"}],"wp:featuredmedia":[{"embeddable":true,"href":"https:\/\/bruderklaus.com\/it\/wp-json\/wp\/v2\/media\/7540"}],"wp:attachment":[{"href":"https:\/\/bruderklaus.com\/it\/wp-json\/wp\/v2\/media?parent=7539"}],"wp:term":[{"taxonomy":"product_cat","embeddable":true,"href":"https:\/\/bruderklaus.com\/it\/wp-json\/wp\/v2\/product_cat?post=7539"},{"taxonomy":"product_tag","embeddable":true,"href":"https:\/\/bruderklaus.com\/it\/wp-json\/wp\/v2\/product_tag?post=7539"}],"curies":[{"name":"wp","href":"https:\/\/api.w.org\/{rel}","templated":true}]}}