{"id":7535,"date":"2018-05-10T10:19:38","date_gmt":"2018-05-10T08:19:38","guid":{"rendered":"https:\/\/2021.bruderklaus.com\/produkt\/niklaus-von-fluee\/"},"modified":"2022-08-09T22:29:17","modified_gmt":"2022-08-09T20:29:17","slug":"niklaus-von-fluee","status":"publish","type":"product","link":"https:\/\/bruderklaus.com\/it\/produkt\/niklaus-von-fluee\/","title":{"rendered":"DVD | Portr\u00e4t \u00fcber Niklaus von Fl\u00fce | 4-sprachig"},"content":{"rendered":"<p>4-sprachige DVD &#8211; Mystiker.Mittler.Mensch.L\u2019Homme.Le M\u00e9diateur.Le Mystic.Mystic.Mediator.Man.Mistico.Mediatore.Uomo<br \/>\nPortr\u00e4t-DVD \u00fcber das Leben und Wirken von Niklaus von Fl\u00fce, basierend auf der Ausstellung im Museum Bruder Klaus Sachseln.<\/p>\n<p>Deutsch, Franz\u00f6sisch, Englisch, Italienisch.\u00a030 Min. je Sprache, Bruder-Klausen-Stiftung, Sachseln, 2016<\/p>\n","protected":false},"excerpt":{"rendered":"<p>4-sprachige DVD &#8211; Mystiker.Mittler.Mensch.L\u2019Homme.Le M\u00e9diateur.Le Mystic.Mystic.Mediator.Man.Mistico.Mediatore.Uomo Portr\u00e4t-DVD \u00fcber das Leben und Wirken von Niklaus von Fl\u00fce, basierend auf der Ausstellung im Museum Bruder Klaus Sachseln. Deutsch, Franz\u00f6sisch, Englisch, Italienisch.\u00a030 Min. je Sprache, Bruder-Klausen-Stiftung, Sachseln, 2016<\/p>\n","protected":false},"featured_media":7536,"template":"","meta":{"_acf_changed":false},"product_cat":[103,104,118,120,125,127],"product_tag":[],"acf":[],"_links":{"self":[{"href":"https:\/\/bruderklaus.com\/it\/wp-json\/wp\/v2\/product\/7535"}],"collection":[{"href":"https:\/\/bruderklaus.com\/it\/wp-json\/wp\/v2\/product"}],"about":[{"href":"https:\/\/bruderklaus.com\/it\/wp-json\/wp\/v2\/types\/product"}],"wp:featuredmedia":[{"embeddable":true,"href":"https:\/\/bruderklaus.com\/it\/wp-json\/wp\/v2\/media\/7536"}],"wp:attachment":[{"href":"https:\/\/bruderklaus.com\/it\/wp-json\/wp\/v2\/media?parent=7535"}],"wp:term":[{"taxonomy":"product_cat","embeddable":true,"href":"https:\/\/bruderklaus.com\/it\/wp-json\/wp\/v2\/product_cat?post=7535"},{"taxonomy":"product_tag","embeddable":true,"href":"https:\/\/bruderklaus.com\/it\/wp-json\/wp\/v2\/product_tag?post=7535"}],"curies":[{"name":"wp","href":"https:\/\/api.w.org\/{rel}","templated":true}]}}