{"id":7419,"date":"2018-11-08T09:09:15","date_gmt":"2018-11-08T08:09:15","guid":{"rendered":"https:\/\/2021.bruderklaus.com\/produkt\/domino-spiel\/"},"modified":"2021-11-11T10:27:49","modified_gmt":"2021-11-11T09:27:49","slug":"domino-spiel","status":"publish","type":"product","link":"https:\/\/bruderklaus.com\/it\/produkt\/domino-spiel\/","title":{"rendered":"Domino Spiel"},"content":{"rendered":"<p>Zweisprachiges (Deutsch \/\u00a0 Franz\u00f6sisch) Domino-Lege-Spiel mit 16 Karten.\u00a0Beidseitig bedruckt mit Text und Bild, zu den Lebens- und Wirkst\u00e4tten des Niklaus von Fl\u00fce. Auch f\u00fcr den Schulunterricht geeignet.<\/p>\n<p>Preis auf Anfrage bei gr\u00f6sseren Mengen.<\/p>\n","protected":false},"excerpt":{"rendered":"<p>Zweisprachiges (Deutsch \/\u00a0 Franz\u00f6sisch) Domino-Lege-Spiel mit 16 Karten.\u00a0Beidseitig bedruckt mit Text und Bild, zu den Lebens- und Wirkst\u00e4tten des Niklaus von Fl\u00fce. Auch f\u00fcr den Schulunterricht geeignet. Preis auf Anfrage bei gr\u00f6sseren Mengen.<\/p>\n","protected":false},"featured_media":7420,"template":"","meta":{"_acf_changed":false},"product_cat":[94,96,106,118,120],"product_tag":[],"acf":[],"_links":{"self":[{"href":"https:\/\/bruderklaus.com\/it\/wp-json\/wp\/v2\/product\/7419"}],"collection":[{"href":"https:\/\/bruderklaus.com\/it\/wp-json\/wp\/v2\/product"}],"about":[{"href":"https:\/\/bruderklaus.com\/it\/wp-json\/wp\/v2\/types\/product"}],"wp:featuredmedia":[{"embeddable":true,"href":"https:\/\/bruderklaus.com\/it\/wp-json\/wp\/v2\/media\/7420"}],"wp:attachment":[{"href":"https:\/\/bruderklaus.com\/it\/wp-json\/wp\/v2\/media?parent=7419"}],"wp:term":[{"taxonomy":"product_cat","embeddable":true,"href":"https:\/\/bruderklaus.com\/it\/wp-json\/wp\/v2\/product_cat?post=7419"},{"taxonomy":"product_tag","embeddable":true,"href":"https:\/\/bruderklaus.com\/it\/wp-json\/wp\/v2\/product_tag?post=7419"}],"curies":[{"name":"wp","href":"https:\/\/api.w.org\/{rel}","templated":true}]}}