{"id":7402,"date":"2018-07-17T09:05:53","date_gmt":"2018-07-17T09:05:53","guid":{"rendered":"https:\/\/2021.bruderklaus.com\/produkt\/comic-bruder-klaus\/"},"modified":"2025-09-04T09:20:54","modified_gmt":"2025-09-04T07:20:54","slug":"comic-bruder-klaus","status":"publish","type":"product","link":"https:\/\/bruderklaus.com\/it\/produkt\/comic-bruder-klaus\/","title":{"rendered":"Comic Buch | Bruder Klaus"},"content":{"rendered":"<p>Das Leben von Niklaus von Fl\u00fce und seiner Familie in Bildern erz\u00e4hlt. Detailgetreu und liebevoll gestaltet, ein Werk nicht nur f\u00fcr Kinder und Jugendliche. Enger Quellenbezug, humorvoll.<\/p>\n<p>Zeichnungen und Text von Mariann Wenger-Schneiter, canisi-edition GmbH, Gonten, 2016,\u00a064 S.<\/p>\n<p>Comic ist in Deutsch \/ Franz\u00f6sich \/ Italienisch \/ R\u00e4toromanisch erh\u00e4ltlich.<\/p>\n","protected":false},"excerpt":{"rendered":"<p>Das Leben von Niklaus von Fl\u00fce und seiner Familie in Bildern erz\u00e4hlt. Detailgetreu und liebevoll gestaltet, ein Werk nicht nur f\u00fcr Kinder und Jugendliche. Enger Quellenbezug, humorvoll. Zeichnungen und Text von Mariann Wenger-Schneiter, canisi-edition GmbH, Gonten, 2016,\u00a064 S. Comic ist in Deutsch \/ Franz\u00f6sich \/ Italienisch \/ R\u00e4toromanisch erh\u00e4ltlich.<\/p>\n","protected":false},"featured_media":7403,"template":"","meta":{"_acf_changed":false},"product_cat":[94,95,96,106,118,120,125,128],"product_tag":[],"acf":[],"_links":{"self":[{"href":"https:\/\/bruderklaus.com\/it\/wp-json\/wp\/v2\/product\/7402"}],"collection":[{"href":"https:\/\/bruderklaus.com\/it\/wp-json\/wp\/v2\/product"}],"about":[{"href":"https:\/\/bruderklaus.com\/it\/wp-json\/wp\/v2\/types\/product"}],"wp:featuredmedia":[{"embeddable":true,"href":"https:\/\/bruderklaus.com\/it\/wp-json\/wp\/v2\/media\/7403"}],"wp:attachment":[{"href":"https:\/\/bruderklaus.com\/it\/wp-json\/wp\/v2\/media?parent=7402"}],"wp:term":[{"taxonomy":"product_cat","embeddable":true,"href":"https:\/\/bruderklaus.com\/it\/wp-json\/wp\/v2\/product_cat?post=7402"},{"taxonomy":"product_tag","embeddable":true,"href":"https:\/\/bruderklaus.com\/it\/wp-json\/wp\/v2\/product_tag?post=7402"}],"curies":[{"name":"wp","href":"https:\/\/api.w.org\/{rel}","templated":true}]}}