{"id":7388,"date":"2018-07-17T08:47:43","date_gmt":"2018-07-17T08:47:43","guid":{"rendered":"https:\/\/2021.bruderklaus.com\/produkt\/nicolas-de-flue-ou-lame-dun-pays\/"},"modified":"2021-04-08T09:05:31","modified_gmt":"2021-04-08T09:05:31","slug":"nicolas-de-flue-ou-lame-dun-pays","status":"publish","type":"product","link":"https:\/\/bruderklaus.com\/it\/produkt\/nicolas-de-flue-ou-lame-dun-pays\/","title":{"rendered":"Nicolas de Flue \u2013 Ou l\u2019\u00e2me d\u2019un pays"},"content":{"rendered":"<p>Quize itin\u00e9raires au c\u0153ur de la Suisse<br \/>\nL\u2019auteur pr\u00e9sente Nicolas de Fl\u00fce par le moyen plaisant de parcours th\u00e9matiques, en proposant de visiter des lieux fr\u00e9quent\u00e9s par l\u2019ermite. Avec des cartes et des indications pratiques.<\/p>\n<p>Jacques Rime, \u00c9ditions Cab\u00e9dita, 2013, 104 p.<\/p>\n","protected":false},"excerpt":{"rendered":"<p>Quize itin\u00e9raires au c\u0153ur de la Suisse L\u2019auteur pr\u00e9sente Nicolas de Fl\u00fce par le moyen plaisant de parcours th\u00e9matiques, en proposant de visiter des lieux fr\u00e9quent\u00e9s par l\u2019ermite. Avec des cartes et des indications pratiques. Jacques Rime, \u00c9ditions Cab\u00e9dita, 2013, 104 p.<\/p>\n","protected":false},"featured_media":7389,"template":"","meta":{"_acf_changed":false},"product_cat":[94,102,120],"product_tag":[],"acf":[],"_links":{"self":[{"href":"https:\/\/bruderklaus.com\/it\/wp-json\/wp\/v2\/product\/7388"}],"collection":[{"href":"https:\/\/bruderklaus.com\/it\/wp-json\/wp\/v2\/product"}],"about":[{"href":"https:\/\/bruderklaus.com\/it\/wp-json\/wp\/v2\/types\/product"}],"wp:featuredmedia":[{"embeddable":true,"href":"https:\/\/bruderklaus.com\/it\/wp-json\/wp\/v2\/media\/7389"}],"wp:attachment":[{"href":"https:\/\/bruderklaus.com\/it\/wp-json\/wp\/v2\/media?parent=7388"}],"wp:term":[{"taxonomy":"product_cat","embeddable":true,"href":"https:\/\/bruderklaus.com\/it\/wp-json\/wp\/v2\/product_cat?post=7388"},{"taxonomy":"product_tag","embeddable":true,"href":"https:\/\/bruderklaus.com\/it\/wp-json\/wp\/v2\/product_tag?post=7388"}],"curies":[{"name":"wp","href":"https:\/\/api.w.org\/{rel}","templated":true}]}}