{"id":7375,"date":"2018-07-17T08:39:13","date_gmt":"2018-07-17T08:39:13","guid":{"rendered":"https:\/\/2021.bruderklaus.com\/produkt\/le-tissu-de-meditation-de-nicolas-de-flue\/"},"modified":"2021-04-08T09:33:18","modified_gmt":"2021-04-08T09:33:18","slug":"le-tissu-de-meditation-de-nicolas-de-flue","status":"publish","type":"product","link":"https:\/\/bruderklaus.com\/it\/produkt\/le-tissu-de-meditation-de-nicolas-de-flue\/","title":{"rendered":"Le tissu de m\u00e9ditation de Nicolas de Flue"},"content":{"rendered":"<p>Une boussole pour la vie<br \/>\nLe tissu de m\u00e9ditation de Fr\u00e8re Nicolas de Fl\u00fce est une image passionnante, attirante et plaine de signification. L\u2019auteur nous prend par la main et nous entra\u00eene dans un univers, dont nous ne pouvons que deviner la pl\u00e9nitude, d\u2019aide souveraine de ce profond connaisseur de la pi\u00e9t\u00e9 m\u00e9di\u00e9vale tardive.<\/p>\n<p>Abb\u00e9 Bernard Schubiger, Editions du Parvis, 2018, 331 p.<\/p>\n","protected":false},"excerpt":{"rendered":"<p>Une boussole pour la vie Le tissu de m\u00e9ditation de Fr\u00e8re Nicolas de Fl\u00fce est une image passionnante, attirante et plaine de signification. L\u2019auteur nous prend par la main et nous entra\u00eene dans un univers, dont nous ne pouvons que deviner la pl\u00e9nitude, d\u2019aide souveraine de ce profond connaisseur de la pi\u00e9t\u00e9 m\u00e9di\u00e9vale tardive. Abb\u00e9 [&hellip;]<\/p>\n","protected":false},"featured_media":7376,"template":"","meta":{"_acf_changed":false},"product_cat":[94,95,120],"product_tag":[],"acf":[],"_links":{"self":[{"href":"https:\/\/bruderklaus.com\/it\/wp-json\/wp\/v2\/product\/7375"}],"collection":[{"href":"https:\/\/bruderklaus.com\/it\/wp-json\/wp\/v2\/product"}],"about":[{"href":"https:\/\/bruderklaus.com\/it\/wp-json\/wp\/v2\/types\/product"}],"wp:featuredmedia":[{"embeddable":true,"href":"https:\/\/bruderklaus.com\/it\/wp-json\/wp\/v2\/media\/7376"}],"wp:attachment":[{"href":"https:\/\/bruderklaus.com\/it\/wp-json\/wp\/v2\/media?parent=7375"}],"wp:term":[{"taxonomy":"product_cat","embeddable":true,"href":"https:\/\/bruderklaus.com\/it\/wp-json\/wp\/v2\/product_cat?post=7375"},{"taxonomy":"product_tag","embeddable":true,"href":"https:\/\/bruderklaus.com\/it\/wp-json\/wp\/v2\/product_tag?post=7375"}],"curies":[{"name":"wp","href":"https:\/\/api.w.org\/{rel}","templated":true}]}}