{"id":7363,"date":"2018-07-17T08:30:34","date_gmt":"2018-07-17T08:30:34","guid":{"rendered":"https:\/\/2021.bruderklaus.com\/produkt\/bruder-klaus-und-die-reformierten\/"},"modified":"2021-04-09T09:09:51","modified_gmt":"2021-04-09T09:09:51","slug":"bruder-klaus-und-die-reformierten","status":"publish","type":"product","link":"https:\/\/bruderklaus.com\/it\/produkt\/bruder-klaus-und-die-reformierten\/","title":{"rendered":"Bruder Klaus und die Reformierten"},"content":{"rendered":"<p>Der Autor beleuchtet die Konfessionsgeschichte und die unterschiedlichen Interpretationen der Gestalt von Bruder Klaus und ihren Hintergr\u00fcnden vom 16. bis Ende des 20. Jahrhunderts. Mit zahlreichen kaum bekannten Quellentexten werden Zusammenh\u00e4nge dargestellt und die reformierte Perspektive auf Niklaus von Fl\u00fce ins Zentrum gestellt.<\/p>\n<p>Fritz Gloor, TVZ Verlag, Z\u00fcrich, 2017, kartonierter Einband, 135 S.<\/p>\n","protected":false},"excerpt":{"rendered":"<p>Der Autor beleuchtet die Konfessionsgeschichte und die unterschiedlichen Interpretationen der Gestalt von Bruder Klaus und ihren Hintergr\u00fcnden vom 16. bis Ende des 20. Jahrhunderts. Mit zahlreichen kaum bekannten Quellentexten werden Zusammenh\u00e4nge dargestellt und die reformierte Perspektive auf Niklaus von Fl\u00fce ins Zentrum gestellt. Fritz Gloor, TVZ Verlag, Z\u00fcrich, 2017, kartonierter Einband, 135 S.<\/p>\n","protected":false},"featured_media":7364,"template":"","meta":{"_acf_changed":false},"product_cat":[94,95,118],"product_tag":[],"acf":[],"_links":{"self":[{"href":"https:\/\/bruderklaus.com\/it\/wp-json\/wp\/v2\/product\/7363"}],"collection":[{"href":"https:\/\/bruderklaus.com\/it\/wp-json\/wp\/v2\/product"}],"about":[{"href":"https:\/\/bruderklaus.com\/it\/wp-json\/wp\/v2\/types\/product"}],"wp:featuredmedia":[{"embeddable":true,"href":"https:\/\/bruderklaus.com\/it\/wp-json\/wp\/v2\/media\/7364"}],"wp:attachment":[{"href":"https:\/\/bruderklaus.com\/it\/wp-json\/wp\/v2\/media?parent=7363"}],"wp:term":[{"taxonomy":"product_cat","embeddable":true,"href":"https:\/\/bruderklaus.com\/it\/wp-json\/wp\/v2\/product_cat?post=7363"},{"taxonomy":"product_tag","embeddable":true,"href":"https:\/\/bruderklaus.com\/it\/wp-json\/wp\/v2\/product_tag?post=7363"}],"curies":[{"name":"wp","href":"https:\/\/api.w.org\/{rel}","templated":true}]}}