{"id":7331,"date":"2025-10-13T16:57:35","date_gmt":"2025-10-13T14:57:35","guid":{"rendered":"https:\/\/2021.bruderklaus.com\/produkt\/der-aussteiger\/"},"modified":"2025-10-20T13:59:15","modified_gmt":"2025-10-20T11:59:15","slug":"der-aussteiger","status":"publish","type":"product","link":"https:\/\/bruderklaus.com\/it\/produkt\/der-aussteiger\/","title":{"rendered":"Nicolas de Fl\u00fce, un d\u00e9serteur  | San Nicolao della Fl\u00fce, biografia storica"},"content":{"rendered":"<p><strong>Version fran\u00e7aise: Nicolas de Fl\u00fce, un d\u00e9serteur<br \/>\n<\/strong><em>Conna\u00eetre et comprendre le saint patron suisse<\/em><br \/>\nTraduit de l&#8217;allemand par Jean-Marc Salamolard<br \/>\nEditions Saint-Augustin 2017, Staint-Maurice<br \/>\nISBN 978-2-88926-159-8<\/p>\n<p><strong>Edizione italiana: <\/strong><strong>San Nicolao della Fl\u00fce<\/strong><br \/>\n<em>Biografia storica del Santo patrono svizzero in un Paese in subbuglio<br \/>\n<\/em>Traduzione italiana di Maria Cristina Coldagelli e Melani Traini<br \/>\nFormato 13.5 x 21.5 cm, 392 pagine con illustrazioni a colori<br \/>\nVerlag Armando Dad\u00f2, Locarno<br \/>\n<span class=\"product-fields-title\">ISBN <\/span>978-88-8281-621-6<\/p>\n<p><strong>Deutsche Ausgabe: Der Aussteiger &#8211; VERGRIFFEN<\/strong><br \/>\nKann man auf einen Vorfahren wie Bruder Klaus stolz sein? Viele sind skeptisch. Die Autorin mit Jahrgang 1963 ist eine der zahlreichen Nachkommen und beleuchtet das Leben von Niklaus von Fl\u00fce aus der Sicht einer Verwandten.<br \/>\nKathrin Benz Morisoli, Paulus Verlag, Fribourg, 2018, 2. Auflage, kartonierter Einband, 408 S.<\/p>\n<p>&nbsp;<\/p>\n","protected":false},"excerpt":{"rendered":"<p>Version fran\u00e7aise: Nicolas de Fl\u00fce, un d\u00e9serteur Conna\u00eetre et comprendre le saint patron suisse Traduit de l&#8217;allemand par Jean-Marc Salamolard Editions Saint-Augustin 2017, Staint-Maurice ISBN 978-2-88926-159-8 Edizione italiana: San Nicolao della Fl\u00fce Biografia storica del Santo patrono svizzero in un Paese in subbuglio Traduzione italiana di Maria Cristina Coldagelli e Melani Traini Formato 13.5 x [&hellip;]<\/p>\n","protected":false},"featured_media":18947,"template":"","meta":{"_acf_changed":false},"product_cat":[94,95,120,125],"product_tag":[],"acf":[],"_links":{"self":[{"href":"https:\/\/bruderklaus.com\/it\/wp-json\/wp\/v2\/product\/7331"}],"collection":[{"href":"https:\/\/bruderklaus.com\/it\/wp-json\/wp\/v2\/product"}],"about":[{"href":"https:\/\/bruderklaus.com\/it\/wp-json\/wp\/v2\/types\/product"}],"wp:featuredmedia":[{"embeddable":true,"href":"https:\/\/bruderklaus.com\/it\/wp-json\/wp\/v2\/media\/18947"}],"wp:attachment":[{"href":"https:\/\/bruderklaus.com\/it\/wp-json\/wp\/v2\/media?parent=7331"}],"wp:term":[{"taxonomy":"product_cat","embeddable":true,"href":"https:\/\/bruderklaus.com\/it\/wp-json\/wp\/v2\/product_cat?post=7331"},{"taxonomy":"product_tag","embeddable":true,"href":"https:\/\/bruderklaus.com\/it\/wp-json\/wp\/v2\/product_tag?post=7331"}],"curies":[{"name":"wp","href":"https:\/\/api.w.org\/{rel}","templated":true}]}}