{"id":7327,"date":"2021-05-10T16:29:11","date_gmt":"2021-05-10T14:29:11","guid":{"rendered":"https:\/\/2021.bruderklaus.com\/produkt\/lhomme-le-mediateur-le-mystique-les-600-ans-de-nicolas-de-flue\/"},"modified":"2022-08-09T22:13:30","modified_gmt":"2022-08-09T20:13:30","slug":"lhomme-le-mediateur-le-mystique-les-600-ans-de-nicolas-de-flue","status":"publish","type":"product","link":"https:\/\/bruderklaus.com\/it\/produkt\/lhomme-le-mediateur-le-mystique-les-600-ans-de-nicolas-de-flue\/","title":{"rendered":"L\u2019homme. le m\u00e9diateur. le mystique &#8211; 600 ans de Nicolas de Flue"},"content":{"rendered":"<p>Le livre du 600e anniversaire de la naissance de Nicolas de Fl\u00fce pose un regard renouvel\u00e9 sur une figure spirituelle essentielle de la Suisse et invite \u00e0 la red\u00e9couvrir dans son actualit\u00e9 et son attractivit\u00e9 pour notre temps.<\/p>\n<p>\u00c9ditions du Parvis, 2017, 127 p.<\/p>\n","protected":false},"excerpt":{"rendered":"<p>Le livre du 600e anniversaire de la naissance de Nicolas de Fl\u00fce pose un regard renouvel\u00e9 sur une figure spirituelle essentielle de la Suisse et invite \u00e0 la red\u00e9couvrir dans son actualit\u00e9 et son attractivit\u00e9 pour notre temps. \u00c9ditions du Parvis, 2017, 127 p.<\/p>\n","protected":false},"featured_media":7328,"template":"","meta":{"_acf_changed":false},"product_cat":[94,95,120],"product_tag":[],"acf":[],"_links":{"self":[{"href":"https:\/\/bruderklaus.com\/it\/wp-json\/wp\/v2\/product\/7327"}],"collection":[{"href":"https:\/\/bruderklaus.com\/it\/wp-json\/wp\/v2\/product"}],"about":[{"href":"https:\/\/bruderklaus.com\/it\/wp-json\/wp\/v2\/types\/product"}],"wp:featuredmedia":[{"embeddable":true,"href":"https:\/\/bruderklaus.com\/it\/wp-json\/wp\/v2\/media\/7328"}],"wp:attachment":[{"href":"https:\/\/bruderklaus.com\/it\/wp-json\/wp\/v2\/media?parent=7327"}],"wp:term":[{"taxonomy":"product_cat","embeddable":true,"href":"https:\/\/bruderklaus.com\/it\/wp-json\/wp\/v2\/product_cat?post=7327"},{"taxonomy":"product_tag","embeddable":true,"href":"https:\/\/bruderklaus.com\/it\/wp-json\/wp\/v2\/product_tag?post=7327"}],"curies":[{"name":"wp","href":"https:\/\/api.w.org\/{rel}","templated":true}]}}