{"id":7280,"date":"2022-07-07T09:30:07","date_gmt":"2022-07-07T07:30:07","guid":{"rendered":"https:\/\/2021.bruderklaus.com\/produkt\/bruder-klaus-und-seine-heiligtuemer\/"},"modified":"2022-08-09T10:52:58","modified_gmt":"2022-08-09T08:52:58","slug":"bruder-klaus-und-seine-heiligtuemer","status":"publish","type":"product","link":"https:\/\/bruderklaus.com\/it\/produkt\/bruder-klaus-und-seine-heiligtuemer\/","title":{"rendered":"Bruder Klaus und seine Heiligt\u00fcmer"},"content":{"rendered":"<p>Kunst- und Kulturf\u00fchrer der Lebens- und Wirkst\u00e4tten im Pilger- und Sakralraum &#8220;Bruder Klaus&#8221;<br \/>\n4. neu bearbeitete Auflage 2022, erg\u00e4nzt mit einem Kapitel zu Dorothee Wyss und mit zahlreichen neuen Bildern, z.T. ganzseitig.<br \/>\nS. 60<\/p>\n<p>Lothar E. Kaiser, Kunstverlag Josef Fink, Lindenberg,<br \/>\nHerausgeber F\u00f6rderverein Niklaus von Fl\u00fce und Dorothee Wyss<\/p>\n","protected":false},"excerpt":{"rendered":"<p>Kunst- und Kulturf\u00fchrer der Lebens- und Wirkst\u00e4tten im Pilger- und Sakralraum &#8220;Bruder Klaus&#8221; 4. neu bearbeitete Auflage 2022, erg\u00e4nzt mit einem Kapitel zu Dorothee Wyss und mit zahlreichen neuen Bildern, z.T. ganzseitig. S. 60 Lothar E. Kaiser, Kunstverlag Josef Fink, Lindenberg, Herausgeber F\u00f6rderverein Niklaus von Fl\u00fce und Dorothee Wyss<\/p>\n","protected":false},"featured_media":14636,"template":"","meta":{"_acf_changed":false},"product_cat":[94,95,102,118],"product_tag":[],"acf":[],"_links":{"self":[{"href":"https:\/\/bruderklaus.com\/it\/wp-json\/wp\/v2\/product\/7280"}],"collection":[{"href":"https:\/\/bruderklaus.com\/it\/wp-json\/wp\/v2\/product"}],"about":[{"href":"https:\/\/bruderklaus.com\/it\/wp-json\/wp\/v2\/types\/product"}],"wp:featuredmedia":[{"embeddable":true,"href":"https:\/\/bruderklaus.com\/it\/wp-json\/wp\/v2\/media\/14636"}],"wp:attachment":[{"href":"https:\/\/bruderklaus.com\/it\/wp-json\/wp\/v2\/media?parent=7280"}],"wp:term":[{"taxonomy":"product_cat","embeddable":true,"href":"https:\/\/bruderklaus.com\/it\/wp-json\/wp\/v2\/product_cat?post=7280"},{"taxonomy":"product_tag","embeddable":true,"href":"https:\/\/bruderklaus.com\/it\/wp-json\/wp\/v2\/product_tag?post=7280"}],"curies":[{"name":"wp","href":"https:\/\/api.w.org\/{rel}","templated":true}]}}