{"id":7251,"date":"2018-07-11T08:52:35","date_gmt":"2018-07-11T08:52:35","guid":{"rendered":"https:\/\/2021.bruderklaus.com\/produkt\/niklaus-von-fluee-ein-politischer-mystiker\/"},"modified":"2021-04-08T10:07:27","modified_gmt":"2021-04-08T10:07:27","slug":"niklaus-von-fluee-ein-politischer-mystiker","status":"publish","type":"product","link":"https:\/\/bruderklaus.com\/it\/produkt\/niklaus-von-fluee-ein-politischer-mystiker\/","title":{"rendered":"Niklaus von Fl\u00fce \u2013 ein politischer Mystiker"},"content":{"rendered":"<p>Illustrierte viersprachige Kurzbiografie (deutsch, englisch, franz\u00f6sisch, spanisch)<br \/>\nHerausgegeben zur Europ\u00e4ischen \u00f6kumenischen Versammlung \u201eFrieden in Gerechtigkeit\u201c 1989 in Basel<\/p>\n<p>Walter Signer \/ Guido Appius, Bruder-Klausen-Stiftung, Sachseln, 4. Auflage 2011, 36 S.<\/p>\n","protected":false},"excerpt":{"rendered":"<p>Illustrierte viersprachige Kurzbiografie (deutsch, englisch, franz\u00f6sisch, spanisch) Herausgegeben zur Europ\u00e4ischen \u00f6kumenischen Versammlung \u201eFrieden in Gerechtigkeit\u201c 1989 in Basel Walter Signer \/ Guido Appius, Bruder-Klausen-Stiftung, Sachseln, 4. Auflage 2011, 36 S.<\/p>\n","protected":false},"featured_media":7252,"template":"","meta":{"_acf_changed":false},"product_cat":[94,95,118,120,127,129],"product_tag":[],"acf":[],"_links":{"self":[{"href":"https:\/\/bruderklaus.com\/it\/wp-json\/wp\/v2\/product\/7251"}],"collection":[{"href":"https:\/\/bruderklaus.com\/it\/wp-json\/wp\/v2\/product"}],"about":[{"href":"https:\/\/bruderklaus.com\/it\/wp-json\/wp\/v2\/types\/product"}],"wp:featuredmedia":[{"embeddable":true,"href":"https:\/\/bruderklaus.com\/it\/wp-json\/wp\/v2\/media\/7252"}],"wp:attachment":[{"href":"https:\/\/bruderklaus.com\/it\/wp-json\/wp\/v2\/media?parent=7251"}],"wp:term":[{"taxonomy":"product_cat","embeddable":true,"href":"https:\/\/bruderklaus.com\/it\/wp-json\/wp\/v2\/product_cat?post=7251"},{"taxonomy":"product_tag","embeddable":true,"href":"https:\/\/bruderklaus.com\/it\/wp-json\/wp\/v2\/product_tag?post=7251"}],"curies":[{"name":"wp","href":"https:\/\/api.w.org\/{rel}","templated":true}]}}