{"id":7230,"date":"2018-07-11T08:32:18","date_gmt":"2018-07-11T08:32:18","guid":{"rendered":"https:\/\/2021.bruderklaus.com\/produkt\/ganz-nah-und-weit-weg\/"},"modified":"2021-04-09T09:06:19","modified_gmt":"2021-04-09T09:06:19","slug":"ganz-nah-und-weit-weg","status":"publish","type":"product","link":"https:\/\/bruderklaus.com\/it\/produkt\/ganz-nah-und-weit-weg\/","title":{"rendered":"Ganz nah und weit weg"},"content":{"rendered":"<p>Fragen an Dorothee, die Frau des Niklaus von Fl\u00fce<br \/>\nDie bekannte Publizistin Klara Oberm\u00fcller hat aus eigener Betroffenheit das literarische Gespr\u00e4ch mit Dorothee Wyss gesucht. Das bekannte H\u00f6rspiel als Buch.<\/p>\n<p>Klara Oberm\u00fcller, Rex-Verlag, Luzern, Auflage 2017, 64 S.<\/p>\n","protected":false},"excerpt":{"rendered":"<p>Fragen an Dorothee, die Frau des Niklaus von Fl\u00fce Die bekannte Publizistin Klara Oberm\u00fcller hat aus eigener Betroffenheit das literarische Gespr\u00e4ch mit Dorothee Wyss gesucht. Das bekannte H\u00f6rspiel als Buch. Klara Oberm\u00fcller, Rex-Verlag, Luzern, Auflage 2017, 64 S.<\/p>\n","protected":false},"featured_media":7231,"template":"","meta":{"_acf_changed":false},"product_cat":[94,95,118],"product_tag":[],"acf":[],"_links":{"self":[{"href":"https:\/\/bruderklaus.com\/it\/wp-json\/wp\/v2\/product\/7230"}],"collection":[{"href":"https:\/\/bruderklaus.com\/it\/wp-json\/wp\/v2\/product"}],"about":[{"href":"https:\/\/bruderklaus.com\/it\/wp-json\/wp\/v2\/types\/product"}],"wp:featuredmedia":[{"embeddable":true,"href":"https:\/\/bruderklaus.com\/it\/wp-json\/wp\/v2\/media\/7231"}],"wp:attachment":[{"href":"https:\/\/bruderklaus.com\/it\/wp-json\/wp\/v2\/media?parent=7230"}],"wp:term":[{"taxonomy":"product_cat","embeddable":true,"href":"https:\/\/bruderklaus.com\/it\/wp-json\/wp\/v2\/product_cat?post=7230"},{"taxonomy":"product_tag","embeddable":true,"href":"https:\/\/bruderklaus.com\/it\/wp-json\/wp\/v2\/product_tag?post=7230"}],"curies":[{"name":"wp","href":"https:\/\/api.w.org\/{rel}","templated":true}]}}