{"id":7222,"date":"2022-07-11T08:25:21","date_gmt":"2022-07-11T06:25:21","guid":{"rendered":"https:\/\/2021.bruderklaus.com\/produkt\/die-sehnsucht-nach-dem-einig-wesen\/"},"modified":"2024-01-15T16:18:58","modified_gmt":"2024-01-15T15:18:58","slug":"die-sehnsucht-nach-dem-einig-wesen","status":"publish","type":"product","link":"https:\/\/bruderklaus.com\/it\/produkt\/die-sehnsucht-nach-dem-einig-wesen\/","title":{"rendered":"Die Sehnsucht nach dem \u00abeinig Wesen\u00bb"},"content":{"rendered":"<p>Das Standardwerk von Roland Gr\u00f6bli zeigt die innere und \u00e4ussere Biografie des Bruder Klaus: wie die Gnade Gottes und die eigenen Kr\u00e4fte ineinandergreifen und Frieden schaffen.<\/p>\n<p>Roland Gr\u00f6bli, Leben und Lehre des Bruder Klaus von Fl\u00fce, Rex-Verlag, Luzern, Neuauflage 2006, 156 S.<\/p>\n","protected":false},"excerpt":{"rendered":"<p>Das Standardwerk von Roland Gr\u00f6bli zeigt die innere und \u00e4ussere Biografie des Bruder Klaus: wie die Gnade Gottes und die eigenen Kr\u00e4fte ineinandergreifen und Frieden schaffen. Roland Gr\u00f6bli, Leben und Lehre des Bruder Klaus von Fl\u00fce, Rex-Verlag, Luzern, Neuauflage 2006, 156 S.<\/p>\n","protected":false},"featured_media":7223,"template":"","meta":{"_acf_changed":false},"product_cat":[94,95,118],"product_tag":[],"acf":[],"_links":{"self":[{"href":"https:\/\/bruderklaus.com\/it\/wp-json\/wp\/v2\/product\/7222"}],"collection":[{"href":"https:\/\/bruderklaus.com\/it\/wp-json\/wp\/v2\/product"}],"about":[{"href":"https:\/\/bruderklaus.com\/it\/wp-json\/wp\/v2\/types\/product"}],"wp:featuredmedia":[{"embeddable":true,"href":"https:\/\/bruderklaus.com\/it\/wp-json\/wp\/v2\/media\/7223"}],"wp:attachment":[{"href":"https:\/\/bruderklaus.com\/it\/wp-json\/wp\/v2\/media?parent=7222"}],"wp:term":[{"taxonomy":"product_cat","embeddable":true,"href":"https:\/\/bruderklaus.com\/it\/wp-json\/wp\/v2\/product_cat?post=7222"},{"taxonomy":"product_tag","embeddable":true,"href":"https:\/\/bruderklaus.com\/it\/wp-json\/wp\/v2\/product_tag?post=7222"}],"curies":[{"name":"wp","href":"https:\/\/api.w.org\/{rel}","templated":true}]}}