{"id":7218,"date":"2025-02-11T08:21:27","date_gmt":"2025-02-11T07:21:27","guid":{"rendered":"https:\/\/2021.bruderklaus.com\/produkt\/ein-stern-am-himmel-niklaus-von-fluee\/"},"modified":"2026-04-01T01:00:06","modified_gmt":"2026-03-31T23:00:06","slug":"ein-stern-am-himmel-niklaus-von-fluee","status":"publish","type":"product","link":"https:\/\/bruderklaus.com\/it\/produkt\/ein-stern-am-himmel-niklaus-von-fluee\/","title":{"rendered":"Ein Stern am Himmel \u2013 Niklaus von Fl\u00fce"},"content":{"rendered":"<p>Der mehrfach ausgezeichnete Jugendbuchautor zeigt in seiner klaren Sprache Bruder Klaus, wie er uns in den Quellen \u00fcberliefert ist. Illustriert von Ulrich St\u00fcckelberger. Das Buch eignet sich als Vorlesebuch f\u00fcr Kinder und Erwachsene.<\/p>\n<p>Max Bolliger, Bruder-Klausen-Stiftung, Sachseln, Neuauflage 2013, 76 S.<\/p>\n","protected":false},"excerpt":{"rendered":"<p>Der mehrfach ausgezeichnete Jugendbuchautor zeigt in seiner klaren Sprache Bruder Klaus, wie er uns in den Quellen \u00fcberliefert ist. Illustriert von Ulrich St\u00fcckelberger. Das Buch eignet sich als Vorlesebuch f\u00fcr Kinder und Erwachsene. Max Bolliger, Bruder-Klausen-Stiftung, Sachseln, Neuauflage 2013, 76 S.<\/p>\n","protected":false},"featured_media":7219,"template":"","meta":{"_acf_changed":false},"product_cat":[94,95,96,118],"product_tag":[],"acf":[],"_links":{"self":[{"href":"https:\/\/bruderklaus.com\/it\/wp-json\/wp\/v2\/product\/7218"}],"collection":[{"href":"https:\/\/bruderklaus.com\/it\/wp-json\/wp\/v2\/product"}],"about":[{"href":"https:\/\/bruderklaus.com\/it\/wp-json\/wp\/v2\/types\/product"}],"wp:featuredmedia":[{"embeddable":true,"href":"https:\/\/bruderklaus.com\/it\/wp-json\/wp\/v2\/media\/7219"}],"wp:attachment":[{"href":"https:\/\/bruderklaus.com\/it\/wp-json\/wp\/v2\/media?parent=7218"}],"wp:term":[{"taxonomy":"product_cat","embeddable":true,"href":"https:\/\/bruderklaus.com\/it\/wp-json\/wp\/v2\/product_cat?post=7218"},{"taxonomy":"product_tag","embeddable":true,"href":"https:\/\/bruderklaus.com\/it\/wp-json\/wp\/v2\/product_tag?post=7218"}],"curies":[{"name":"wp","href":"https:\/\/api.w.org\/{rel}","templated":true}]}}