{"id":21740,"date":"2024-12-03T11:37:02","date_gmt":"2024-12-03T10:37:02","guid":{"rendered":"https:\/\/bruderklaus.com\/?post_type=product&#038;p=21740"},"modified":"2025-01-01T00:00:11","modified_gmt":"2024-12-31T23:00:11","slug":"untersetzer-4-motive-des-pilger-u-sakralraums-bruder-klaus","status":"publish","type":"product","link":"https:\/\/bruderklaus.com\/it\/produkt\/untersetzer-4-motive-des-pilger-u-sakralraums-bruder-klaus\/","title":{"rendered":"Untersetzer | 8 Motive des Pilgerraums Bruder Klaus"},"content":{"rendered":"<p>Erinnerungsst\u00fccke an die Lebens- und Wirkst\u00e4tten im Pilger- und Sakralraum Sachseln\/Fl\u00fceli-Ranft &#8211; echt Obwalden.<\/p>\n<p>Ein Upcycling-Produkt, aus gebrauchten, unbehandelten MDF-Faserplatten. Unikate, hergestellt von FAMO in Obwalden.<br \/>\nJeder Untersetzer ist auch zum Aufh\u00e4ngen geeignet.<\/p>\n<p>Insgesamt 8 Motive in zwei Sets.<br \/>\nSet A: Geburtshaus des Niklaus von Fl\u00fce, Fl\u00fceli-Kapelle, Museum Bruder Klaus, Obere Ranftkapelle<br \/>\nSet B: M\u00f6sli-Kapelle des Bruder Ulrich, Untere Ranftkapelle, Wohnhaus von Niklaus und Dorothee, Pfarr- und Wallfahrtskirche Sachseln<\/p>\n<p>&nbsp;<\/p>\n","protected":false},"excerpt":{"rendered":"<p>Erinnerungsst\u00fccke an die Lebens- und Wirkst\u00e4tten im Pilger- und Sakralraum Sachseln\/Fl\u00fceli-Ranft &#8211; echt Obwalden. Ein Upcycling-Produkt, aus gebrauchten, unbehandelten MDF-Faserplatten. Unikate, hergestellt von FAMO in Obwalden. Jeder Untersetzer ist auch zum Aufh\u00e4ngen geeignet. Insgesamt 8 Motive in zwei Sets. Set A: Geburtshaus des Niklaus von Fl\u00fce, Fl\u00fceli-Kapelle, Museum Bruder Klaus, Obere Ranftkapelle Set B: M\u00f6sli-Kapelle [&hellip;]<\/p>\n","protected":false},"featured_media":21994,"template":"","meta":{"_acf_changed":false},"product_cat":[106,107,176],"product_tag":[],"acf":[],"_links":{"self":[{"href":"https:\/\/bruderklaus.com\/it\/wp-json\/wp\/v2\/product\/21740"}],"collection":[{"href":"https:\/\/bruderklaus.com\/it\/wp-json\/wp\/v2\/product"}],"about":[{"href":"https:\/\/bruderklaus.com\/it\/wp-json\/wp\/v2\/types\/product"}],"wp:featuredmedia":[{"embeddable":true,"href":"https:\/\/bruderklaus.com\/it\/wp-json\/wp\/v2\/media\/21994"}],"wp:attachment":[{"href":"https:\/\/bruderklaus.com\/it\/wp-json\/wp\/v2\/media?parent=21740"}],"wp:term":[{"taxonomy":"product_cat","embeddable":true,"href":"https:\/\/bruderklaus.com\/it\/wp-json\/wp\/v2\/product_cat?post=21740"},{"taxonomy":"product_tag","embeddable":true,"href":"https:\/\/bruderklaus.com\/it\/wp-json\/wp\/v2\/product_tag?post=21740"}],"curies":[{"name":"wp","href":"https:\/\/api.w.org\/{rel}","templated":true}]}}