{"id":21687,"date":"2024-12-02T15:34:40","date_gmt":"2024-12-02T14:34:40","guid":{"rendered":"https:\/\/bruderklaus.com\/?post_type=product&#038;p=21687"},"modified":"2025-01-01T00:00:10","modified_gmt":"2024-12-31T23:00:10","slug":"steinbild-ranft-farbdruck-auf-guber-naturstein","status":"publish","type":"product","link":"https:\/\/bruderklaus.com\/it\/produkt\/steinbild-ranft-farbdruck-auf-guber-naturstein\/","title":{"rendered":"Steinbild Ranft | Farbdruck auf Guber Naturstein"},"content":{"rendered":"<p>Ein Erinnerungsst\u00fcck an den Friedensort Ranft &#8211; echt Obwalden.<\/p>\n<p>STEINBILD RANFT mit Einsiedelei, Oberer- und Unterer Ranftkapelle<br \/>\nFarbdruck auf Guberstein (Steinbruch in Obwalden) &#8211; hergestellt in Obwalden.<br \/>\nJedes Steinbild ist ein Unikat.<\/p>\n<p><strong>Natursteine z\u00e4hlen zu den \u00e4ltesten und bew\u00e4hrtesten Baumaterialien des Menschen.<br \/>\nDer GUBERSTEIN ist ein Schweizer Naturprodukt mit einer langen Tradition aus Obwalden.<br \/>\n<\/strong><\/p>\n<p>Gr\u00f6sse: 15 x 10 x 2 cm<br \/>\nGewicht: 820 gr<\/p>\n<p>Auf Anfrage k\u00f6nnen andere Bilder auf Original Gubersteine gedruckt werden.<\/p>\n","protected":false},"excerpt":{"rendered":"<p>Ein Erinnerungsst\u00fcck an den Friedensort Ranft &#8211; echt Obwalden. STEINBILD RANFT mit Einsiedelei, Oberer- und Unterer Ranftkapelle Farbdruck auf Guberstein (Steinbruch in Obwalden) &#8211; hergestellt in Obwalden. Jedes Steinbild ist ein Unikat. Natursteine z\u00e4hlen zu den \u00e4ltesten und bew\u00e4hrtesten Baumaterialien des Menschen. Der GUBERSTEIN ist ein Schweizer Naturprodukt mit einer langen Tradition aus Obwalden. Gr\u00f6sse: [&hellip;]<\/p>\n","protected":false},"featured_media":21684,"template":"","meta":{"_acf_changed":false},"product_cat":[106,113,176],"product_tag":[],"acf":[],"_links":{"self":[{"href":"https:\/\/bruderklaus.com\/it\/wp-json\/wp\/v2\/product\/21687"}],"collection":[{"href":"https:\/\/bruderklaus.com\/it\/wp-json\/wp\/v2\/product"}],"about":[{"href":"https:\/\/bruderklaus.com\/it\/wp-json\/wp\/v2\/types\/product"}],"wp:featuredmedia":[{"embeddable":true,"href":"https:\/\/bruderklaus.com\/it\/wp-json\/wp\/v2\/media\/21684"}],"wp:attachment":[{"href":"https:\/\/bruderklaus.com\/it\/wp-json\/wp\/v2\/media?parent=21687"}],"wp:term":[{"taxonomy":"product_cat","embeddable":true,"href":"https:\/\/bruderklaus.com\/it\/wp-json\/wp\/v2\/product_cat?post=21687"},{"taxonomy":"product_tag","embeddable":true,"href":"https:\/\/bruderklaus.com\/it\/wp-json\/wp\/v2\/product_tag?post=21687"}],"curies":[{"name":"wp","href":"https:\/\/api.w.org\/{rel}","templated":true}]}}