{"id":19915,"date":"2023-12-04T10:05:27","date_gmt":"2023-12-04T09:05:27","guid":{"rendered":"https:\/\/bruderklaus.com\/?post_type=product&#038;p=19915"},"modified":"2023-12-04T10:07:37","modified_gmt":"2023-12-04T09:07:37","slug":"gebetsbildli-friede-ist-in-gott","status":"publish","type":"product","link":"https:\/\/bruderklaus.com\/it\/produkt\/gebetsbildli-friede-ist-in-gott\/","title":{"rendered":"Gebetsbildli | Friede ist in Gott"},"content":{"rendered":"<p>Friedens-Gebet zweisprachig, Deutsch und Franz\u00f6sisch<\/p>\n<p>Herausgeber: F\u00f6rderverein Niklaus von Fl\u00fce und Dorothee Wyss, Dezember 2023<br \/>\nGr\u00f6sse: 10.5 x 17 cm<\/p>\n<p>Gr\u00f6ssere Mengen: Preis auf Anfrage<\/p>\n","protected":false},"excerpt":{"rendered":"<p>Friedens-Gebet zweisprachig, Deutsch und Franz\u00f6sisch Herausgeber: F\u00f6rderverein Niklaus von Fl\u00fce und Dorothee Wyss, Dezember 2023 Gr\u00f6sse: 10.5 x 17 cm Gr\u00f6ssere Mengen: Preis auf Anfrage<\/p>\n","protected":false},"featured_media":19900,"template":"","meta":{"_acf_changed":false},"product_cat":[101,107,118,120],"product_tag":[],"acf":[],"_links":{"self":[{"href":"https:\/\/bruderklaus.com\/it\/wp-json\/wp\/v2\/product\/19915"}],"collection":[{"href":"https:\/\/bruderklaus.com\/it\/wp-json\/wp\/v2\/product"}],"about":[{"href":"https:\/\/bruderklaus.com\/it\/wp-json\/wp\/v2\/types\/product"}],"wp:featuredmedia":[{"embeddable":true,"href":"https:\/\/bruderklaus.com\/it\/wp-json\/wp\/v2\/media\/19900"}],"wp:attachment":[{"href":"https:\/\/bruderklaus.com\/it\/wp-json\/wp\/v2\/media?parent=19915"}],"wp:term":[{"taxonomy":"product_cat","embeddable":true,"href":"https:\/\/bruderklaus.com\/it\/wp-json\/wp\/v2\/product_cat?post=19915"},{"taxonomy":"product_tag","embeddable":true,"href":"https:\/\/bruderklaus.com\/it\/wp-json\/wp\/v2\/product_tag?post=19915"}],"curies":[{"name":"wp","href":"https:\/\/api.w.org\/{rel}","templated":true}]}}