{"id":16925,"date":"2023-10-17T09:12:14","date_gmt":"2023-10-17T07:12:14","guid":{"rendered":"https:\/\/bruderklaus.com\/produkt\/neu-friedenslicht-oelkerze\/"},"modified":"2026-03-02T10:05:05","modified_gmt":"2026-03-02T09:05:05","slug":"neu-friedenslicht-oelkerze","status":"publish","type":"product","link":"https:\/\/bruderklaus.com\/it\/produkt\/neu-friedenslicht-oelkerze\/","title":{"rendered":"Friedenslicht | \u00d6lkerze"},"content":{"rendered":"<p><strong>Glas-\u00d6lkerze mit Golddach<\/strong><br \/>\nSpezialanfertigung, zwei Varianten<\/p>\n<p>1. Bruder Klaus, Statue der Unteren Ranftkapelle<br \/>\n2. Startrails \u00fcber der Unteren Ranftkapelle (Nachtbild)<br \/>\nF\u00fcr Aussenanwendung geeignet. Glas ist wiederverwendbar!<br \/>\nHergestellt bei Lienert Kerzen, Einsiedeln<\/p>\n<p><strong>Gr\u00f6sse Glas: <\/strong>10 x 6.5 cm<br \/>\n<strong>Nachf\u00fcllerkerze passend in das Glas: <\/strong>8 x 6 cm<\/p>\n","protected":false},"excerpt":{"rendered":"<p>Glas-\u00d6lkerze mit Golddach Spezialanfertigung, zwei Varianten 1. Bruder Klaus, Statue der Unteren Ranftkapelle 2. Startrails \u00fcber der Unteren Ranftkapelle (Nachtbild) F\u00fcr Aussenanwendung geeignet. Glas ist wiederverwendbar! Hergestellt bei Lienert Kerzen, Einsiedeln Gr\u00f6sse Glas: 10 x 6.5 cm Nachf\u00fcllerkerze passend in das Glas: 8 x 6 cm<\/p>\n","protected":false},"featured_media":22705,"template":"","meta":{"_acf_changed":false},"product_cat":[166,167],"product_tag":[],"acf":[],"_links":{"self":[{"href":"https:\/\/bruderklaus.com\/it\/wp-json\/wp\/v2\/product\/16925"}],"collection":[{"href":"https:\/\/bruderklaus.com\/it\/wp-json\/wp\/v2\/product"}],"about":[{"href":"https:\/\/bruderklaus.com\/it\/wp-json\/wp\/v2\/types\/product"}],"wp:featuredmedia":[{"embeddable":true,"href":"https:\/\/bruderklaus.com\/it\/wp-json\/wp\/v2\/media\/22705"}],"wp:attachment":[{"href":"https:\/\/bruderklaus.com\/it\/wp-json\/wp\/v2\/media?parent=16925"}],"wp:term":[{"taxonomy":"product_cat","embeddable":true,"href":"https:\/\/bruderklaus.com\/it\/wp-json\/wp\/v2\/product_cat?post=16925"},{"taxonomy":"product_tag","embeddable":true,"href":"https:\/\/bruderklaus.com\/it\/wp-json\/wp\/v2\/product_tag?post=16925"}],"curies":[{"name":"wp","href":"https:\/\/api.w.org\/{rel}","templated":true}]}}