{"id":16040,"date":"2022-05-09T08:59:57","date_gmt":"2022-05-09T06:59:57","guid":{"rendered":"https:\/\/bruderklaus.com\/?post_type=product&#038;p=16040"},"modified":"2022-05-09T08:59:57","modified_gmt":"2022-05-09T06:59:57","slug":"exerzitien-mit-niklaus-von-fluee","status":"publish","type":"product","link":"https:\/\/bruderklaus.com\/it\/produkt\/exerzitien-mit-niklaus-von-fluee\/","title":{"rendered":"Exerzitien mit Niklaus von Fl\u00fce"},"content":{"rendered":"<p>C\u00e9cile Schubiger nimmt Lesende mit auf eine innere Reise zu Niklaus von Fl\u00fce, dem grossen Mystiker und Vision\u00e4r und zu seinen tiefen, bildstarken Visionen. Mit vielen \u00dcbungen, Text- und Bildbetrachtungen, Bibeltexten und Gebeten entfalten sich die Exerzitien \u00fcber f\u00fcnf Wochen.<\/p>\n<p>Autorin:<br \/>\nC\u00e9cile M. Schubiger-Bossard (1953), verheiratet, Mutter von drei Kindern, r\u00f6m. kath., wohnt in Wetzikon. Sie ist Mitglied der Gemeinschaft Chemin Neuf und hat langj\u00e4hrige Erfahrung ist geistlicher Begleitung, ignatianischen Exerzitien und in der Gestaltung von Exerzitien im Alltag.<\/p>\n<p>108 S, bebildert<br \/>\nErschienen im WeG Verlag, 2022<\/p>\n","protected":false},"excerpt":{"rendered":"<p>C\u00e9cile Schubiger nimmt Lesende mit auf eine innere Reise zu Niklaus von Fl\u00fce, dem grossen Mystiker und Vision\u00e4r und zu seinen tiefen, bildstarken Visionen. Mit vielen \u00dcbungen, Text- und Bildbetrachtungen, Bibeltexten und Gebeten entfalten sich die Exerzitien \u00fcber f\u00fcnf Wochen. Autorin: C\u00e9cile M. Schubiger-Bossard (1953), verheiratet, Mutter von drei Kindern, r\u00f6m. kath., wohnt in Wetzikon. [&hellip;]<\/p>\n","protected":false},"featured_media":16044,"template":"","meta":{"_acf_changed":false},"product_cat":[95,102,118],"product_tag":[],"acf":[],"_links":{"self":[{"href":"https:\/\/bruderklaus.com\/it\/wp-json\/wp\/v2\/product\/16040"}],"collection":[{"href":"https:\/\/bruderklaus.com\/it\/wp-json\/wp\/v2\/product"}],"about":[{"href":"https:\/\/bruderklaus.com\/it\/wp-json\/wp\/v2\/types\/product"}],"wp:featuredmedia":[{"embeddable":true,"href":"https:\/\/bruderklaus.com\/it\/wp-json\/wp\/v2\/media\/16044"}],"wp:attachment":[{"href":"https:\/\/bruderklaus.com\/it\/wp-json\/wp\/v2\/media?parent=16040"}],"wp:term":[{"taxonomy":"product_cat","embeddable":true,"href":"https:\/\/bruderklaus.com\/it\/wp-json\/wp\/v2\/product_cat?post=16040"},{"taxonomy":"product_tag","embeddable":true,"href":"https:\/\/bruderklaus.com\/it\/wp-json\/wp\/v2\/product_tag?post=16040"}],"curies":[{"name":"wp","href":"https:\/\/api.w.org\/{rel}","templated":true}]}}