{"id":9780,"date":"2021-01-26T21:50:17","date_gmt":"2021-01-26T21:50:17","guid":{"rendered":"https:\/\/bruderklaus.com\/stiftung\/"},"modified":"2025-12-29T21:58:58","modified_gmt":"2025-12-29T20:58:58","slug":"stiftung","status":"publish","type":"page","link":"https:\/\/bruderklaus.com\/it\/kontakt\/stiftung\/","title":{"rendered":"Fondazione"},"content":{"rendered":"\n<h2 class=\"wp-block-heading\">Fondazione Bruder Klaus (Bruder-Klausen-Stiftung)<\/h2>\n\n\n\n<p>La Fondazione Bruder Klaus \u00e8 una fondazione ecclesiastica indipendente. Coltiva e promuove la venerazione di Nicolao della Fl\u00fce da parte di sua moglie Dorotea Wyss. La Fondazione \u00e8 stata creata nel 1945 e iscritta nel registro di commercio svizzero nel 2020.<\/p>\n\n\n\n<p>Oltre ai compiti della Fondazione, l&#8217;associazione di promotrice \u00abF\u00f6rderverein Niklaus von Fl\u00fce und Dorothee Wyss\u00bb ha assunto dal 1\u00b0 gennaio 2020 la responsabilit\u00e0 operativa del pellegrinaggio a Bruder Klaus e della venerazione mondiale di Nicolao della Fl\u00fce e Dorotea Wyss.<\/p>\n\n\n\n<p>La Fondazione e l&#8217;Associazione promotrice finanziano le loro attivit\u00e0 esclusivamente attraverso i contributi e le donazioni dei membri e dei patroni.<\/p>\n\n\n\n<div class=\"wp-block-columns is-layout-flex wp-container-core-columns-layout-1 wp-block-columns-is-layout-flex\">\n<div class=\"wp-block-column is-layout-flow wp-block-column-is-layout-flow\" style=\"flex-basis:33.33%\">\n<figure class=\"wp-block-image size-full\"><img decoding=\"async\" width=\"1551\" height=\"1551\" src=\"https:\/\/bruderklaus.com\/wp-content\/uploads\/2025\/12\/patricia-dahinden-1.jpg\" alt=\"\" class=\"wp-image-23982\" srcset=\"https:\/\/bruderklaus.com\/wp-content\/uploads\/2025\/12\/patricia-dahinden-1.jpg 1551w, https:\/\/bruderklaus.com\/wp-content\/uploads\/2025\/12\/patricia-dahinden-1-768x768.jpg 768w, https:\/\/bruderklaus.com\/wp-content\/uploads\/2025\/12\/patricia-dahinden-1-600x600.jpg 600w\" sizes=\"(max-width: 1551px) 100vw, 1551px\" \/><\/figure>\n<\/div>\n\n\n\n<div class=\"wp-block-column is-layout-flow wp-block-column-is-layout-flow\" style=\"flex-basis:66.66%\">\n<p>Patricia Dahinden<br>Segreteria della fondazione<br>Pilatusstrasse 12<br>6072 Sachseln<br>Svizzera<\/p>\n\n\n\n<p>Tel: +41 41 660 44 18<br><a href=\"mailto:stiftung@bruderklaus.com\">stiftung@bruderklaus.com<\/a><\/p>\n<\/div>\n<\/div>\n\n\n\n<div class=\"wp-block-columns is-layout-flex wp-container-core-columns-layout-2 wp-block-columns-is-layout-flex\">\n<div class=\"wp-block-column is-layout-flow wp-block-column-is-layout-flow\" style=\"flex-basis:33.33%\"><\/div>\n\n\n\n<div class=\"wp-block-column is-layout-flow wp-block-column-is-layout-flow\" style=\"flex-basis:66.66%\">\n<h2 class=\"wp-block-heading\"><strong>Donazioni<\/strong><\/h2>\n\n\n\n<p>Per questioni relative alle donazioni, si prega di rivolgersi alla segreteria della fondazione.<br><\/p>\n\n\n\n<h2 class=\"wp-block-heading\"><strong>Consiglio di Fondazione<\/strong><\/h2>\n\n\n\n<p>Fuchs Ernst, amministratore parrocchiale, 6072 Sachseln, Presidente<br>Amrein Markus, T\u00fcrliweg 3, 6072 Sachseln, Vicepresidente<br>Amrhein Anton, Br\u00fcggistrasse 20, 6072 Sachseln<br>Gasser Richard, Dammweg 13, 6072 Sachseln<br>Kappeler Thomas, Enetriederstrasse 40, 6060 Sarnen<br>Willi Bernhard, Bergstrasse 3, 6060 Sarnen, Vicario Generale<\/p>\n\n\n<p><a class=\"c-btn-main\"  href=\"https:\/\/bruderklaus.com\/wp-content\/uploads\/2022\/04\/Stiftungsstatut-unterzeichnet_genehmigt_15.7.20-1.pdf\">Statuti di fondazione<\/a><\/p>\n\n<p><a class=\"c-btn-main\"  href=\"https:\/\/bruderklaus.com\/wp-content\/uploads\/2024\/02\/2024_HR_Auszug.pdf\">Registro<\/a><\/p><\/div>\n<\/div>\n","protected":false},"excerpt":{"rendered":"<p>Fondazione Bruder Klaus (Bruder-Klausen-Stiftung) La Fondazione Bruder Klaus \u00e8 una fondazione ecclesiastica indipendente. Coltiva e promuove la venerazione di Nicolao della Fl\u00fce da parte di sua moglie Dorotea Wyss. La Fondazione \u00e8 stata creata nel 1945 e iscritta nel registro di commercio svizzero nel 2020. Oltre ai compiti della Fondazione, l&#8217;associazione di promotrice \u00abF\u00f6rderverein Niklaus [&hellip;]<\/p>\n","protected":false},"author":3,"featured_media":2244,"parent":9784,"menu_order":40,"comment_status":"closed","ping_status":"closed","template":"","meta":{"_acf_changed":false,"footnotes":""},"acf":[],"_links":{"self":[{"href":"https:\/\/bruderklaus.com\/it\/wp-json\/wp\/v2\/pages\/9780"}],"collection":[{"href":"https:\/\/bruderklaus.com\/it\/wp-json\/wp\/v2\/pages"}],"about":[{"href":"https:\/\/bruderklaus.com\/it\/wp-json\/wp\/v2\/types\/page"}],"author":[{"embeddable":true,"href":"https:\/\/bruderklaus.com\/it\/wp-json\/wp\/v2\/users\/3"}],"replies":[{"embeddable":true,"href":"https:\/\/bruderklaus.com\/it\/wp-json\/wp\/v2\/comments?post=9780"}],"version-history":[{"count":12,"href":"https:\/\/bruderklaus.com\/it\/wp-json\/wp\/v2\/pages\/9780\/revisions"}],"predecessor-version":[{"id":24006,"href":"https:\/\/bruderklaus.com\/it\/wp-json\/wp\/v2\/pages\/9780\/revisions\/24006"}],"up":[{"embeddable":true,"href":"https:\/\/bruderklaus.com\/it\/wp-json\/wp\/v2\/pages\/9784"}],"wp:featuredmedia":[{"embeddable":true,"href":"https:\/\/bruderklaus.com\/it\/wp-json\/wp\/v2\/media\/2244"}],"wp:attachment":[{"href":"https:\/\/bruderklaus.com\/it\/wp-json\/wp\/v2\/media?parent=9780"}],"curies":[{"name":"wp","href":"https:\/\/api.w.org\/{rel}","templated":true}]}}