{"id":9714,"date":"2021-01-19T09:36:07","date_gmt":"2021-01-19T09:36:07","guid":{"rendered":"https:\/\/bruderklaus.com\/anreise\/"},"modified":"2025-02-14T17:11:31","modified_gmt":"2025-02-14T16:11:31","slug":"anreise","status":"publish","type":"page","link":"https:\/\/bruderklaus.com\/it\/orte-informationen\/anreise-oeffnungszeiten\/anreise\/","title":{"rendered":"Come arrivare"},"content":{"rendered":"\n<div class=\"wp-block-columns is-layout-flex wp-container-core-columns-layout-1 wp-block-columns-is-layout-flex\">\n<div class=\"wp-block-column is-layout-flow wp-block-column-is-layout-flow\">\n<p><strong>Sachseln\/Fl\u00fceli-Ranft si trova sul lago di Sarnen nel cuore della Svizzera, tra Lucerna e  Br\u00fcnig &#8211; Interlaken.<\/strong><\/p>\n<\/div>\n<\/div>\n\n\n\n<div class=\"wp-block-columns is-layout-flex wp-container-core-columns-layout-2 wp-block-columns-is-layout-flex\">\n<div class=\"wp-block-column is-layout-flow wp-block-column-is-layout-flow\" style=\"flex-basis:33.33%\">\n<figure class=\"wp-block-image size-large\"><img decoding=\"async\" src=\"https:\/\/bruderklaus.com\/wp-content\/uploads\/2021\/03\/Bahnhof-20210222_074540-002.jpg\" alt=\"\" class=\"wp-image-3278\"\/><\/figure>\n<\/div>\n\n\n\n<div class=\"wp-block-column is-layout-flow wp-block-column-is-layout-flow\" style=\"flex-basis:66.66%\">\n<p><strong>Arrivo con il trasporto pubblico<\/strong><\/p>\n\n\n\n<p>Sachseln \u00e8 raggiungibile con la Zentralbahn\/SBB da Lucerna in 20-30 minuti.<br>Tre collegamenti ferroviari ogni ora.<\/p>\n\n\n\n<p>La chiesa parrocchiale e di pellegrinaggio, la cappella funeraria e il museo Bruder Klaus Sachseln sono raggiungibili a piedi dalla stazione di Sachseln in 5-8 minuti.<br>Con l&#8217;autopostale dalla stazione, 1a fermata al museo Bruder Klaus.<\/p>\n\n\n\n<p><a href=\"https:\/\/www.sbb.ch\/de\/kaufen\/pages\/fahrplan\/fahrplan.xhtml\">Orario<\/a><\/p>\n<\/div>\n<\/div>\n\n\n\n<div class=\"wp-block-columns is-layout-flex wp-container-core-columns-layout-4 wp-block-columns-is-layout-flex\">\n<div class=\"wp-block-column is-layout-flow wp-block-column-is-layout-flow\">\n<hr class=\"wp-block-separator has-css-opacity\"\/>\n\n\n\n<div class=\"wp-block-columns is-layout-flex wp-container-core-columns-layout-3 wp-block-columns-is-layout-flex\">\n<div class=\"wp-block-column is-layout-flow wp-block-column-is-layout-flow\" style=\"flex-basis:33.33%\">\n<figure class=\"wp-block-image size-large\"><img decoding=\"async\" src=\"https:\/\/bruderklaus.com\/wp-content\/uploads\/2021\/03\/Orte_Flueeli_Dorfplatz_Postauto_geschnitten.jpg\" alt=\"\" class=\"wp-image-3281\"\/><\/figure>\n<\/div>\n\n\n\n<div class=\"wp-block-column is-layout-flow wp-block-column-is-layout-flow\" style=\"flex-basis:66.66%\">\n<p><strong>Sachseln \u2013 Fl\u00fceli-Ranft<\/strong><\/p>\n\n\n\n<p>Fl\u00fceli-Ranft si trova a 4 km sopra Sachseln e pu\u00f2 essere raggiunto in 15 minuti con l&#8217;autopostale. Fermata dell&#8217;autopostale alla stazione ferroviaria e al Museo Bruder Klaus Sachseln.<\/p>\n\n\n\n<p><a href=\"Alternativa: Collegamento autopostale Sarnen - Sachseln - Fl\u00fceli-Ranft\">Alternativa: Collegamento autopostale Sarnen &#8211; Sachseln &#8211; Fl\u00fceli-Ranft<\/a><\/p>\n\n\n\n<p><a href=\"https:\/\/www.postauto.ch\/de\/freizeitangebote\/ausflugstipps\/flueeli-ranft-linie\">Orario<\/a><\/p>\n<\/div>\n<\/div>\n<\/div>\n<\/div>\n\n\n\n<hr class=\"wp-block-separator has-alpha-channel-opacity\"\/>\n\n\n\n<div class=\"wp-block-columns is-layout-flex wp-container-core-columns-layout-5 wp-block-columns-is-layout-flex\">\n<div class=\"wp-block-column is-layout-flow wp-block-column-is-layout-flow\" style=\"flex-basis:33.33%\">\n<figure class=\"wp-block-image size-large\"><img decoding=\"async\" width=\"2048\" height=\"1152\" src=\"https:\/\/bruderklaus.com\/wp-content\/uploads\/2021\/03\/20200320_095103.jpg\" alt=\"\" class=\"wp-image-2511\"\/><\/figure>\n<\/div>\n\n\n\n<div class=\"wp-block-column is-layout-flow wp-block-column-is-layout-flow\" style=\"flex-basis:66.66%\">\n<p><strong>Con l&#8217;auto privata<\/strong><\/p>\n\n\n\n<p>Il parcheggio della chiesa \u00e8 raggiungibile attraverso la Pilatusstrasse. Girare in Br\u00fcnigstrasse direttamente dopo la Raiffeisenbank.<\/p>\n\n\n\n<p>44 posti auto, parchimetro centrale. I parchimetri funzionano anche per il tempo libero.<\/p>\n\n\n\n<p>Fino a 2 ore gratis \/ 3 ore = CHF 1 \/ Ogni ora supplementare = CHF 2<br>Il parchimetro deve essere utilizzato con monete (franchi o euro). <br>Tempo massimo di parcheggio 28 ore.<br>Tariffa standard giornaliera 07.00 &#8211; 19.00, gratis di notte.<\/p>\n\n\n\n<p><a href=\"https:\/\/bruderklaus.com\/wp-content\/uploads\/parkpltze_verkehrssituation-sachseln.pdf\">Situazione del parcheggio Sachseln<\/a><\/p>\n<\/div>\n<\/div>\n\n\n\n<div class=\"wp-block-columns is-layout-flex wp-container-core-columns-layout-6 wp-block-columns-is-layout-flex\">\n<div class=\"wp-block-column is-layout-flow wp-block-column-is-layout-flow\">\n<hr class=\"wp-block-separator has-css-opacity\"\/>\n<\/div>\n<\/div>\n\n\n\n<div class=\"wp-block-columns is-layout-flex wp-container-core-columns-layout-7 wp-block-columns-is-layout-flex\">\n<div class=\"wp-block-column is-layout-flow wp-block-column-is-layout-flow\" style=\"flex-basis:33.33%\">\n<figure class=\"wp-block-image size-large\"><img decoding=\"async\" width=\"2048\" height=\"1152\" src=\"https:\/\/bruderklaus.com\/wp-content\/uploads\/2021\/03\/20200320_095103.jpg\" alt=\"\" class=\"wp-image-2511\"\/><\/figure>\n<\/div>\n\n\n\n<div class=\"wp-block-column is-layout-flow wp-block-column-is-layout-flow\" style=\"flex-basis:66.66%\">\n<p><strong>In autobus a Sachseln<\/strong><\/p>\n\n\n\n<p>Usa la fermata di Br\u00fcnigstrasse per far salire e scendere i passeggeri.<br>Da qui, la chiesa \u00e8 facilmente raggiungibile a piedi in 150 metri.<\/p>\n\n\n\n<p>Parcheggio degli autobus alla stazione ferroviaria di Sachseln, accesso via Br\u00fcnigstrasse\/Bahnhofstrasse e al Werkhof\/punto di raccolta in Br\u00fcnigstrasse, accesso via Br\u00fcnigstrasse\/Mattlistrasse.<\/p>\n<\/div>\n<\/div>\n\n\n\n<div class=\"wp-block-columns is-layout-flex wp-container-core-columns-layout-8 wp-block-columns-is-layout-flex\">\n<div class=\"wp-block-column is-layout-flow wp-block-column-is-layout-flow\">\n<hr class=\"wp-block-separator has-css-opacity\"\/>\n<\/div>\n<\/div>\n\n\n\n<p><\/p>\n","protected":false},"excerpt":{"rendered":"<p>Sachseln\/Fl\u00fceli-Ranft si trova sul lago di Sarnen nel cuore della Svizzera, tra Lucerna e Br\u00fcnig &#8211; Interlaken. Arrivo con il trasporto pubblico Sachseln \u00e8 raggiungibile con la Zentralbahn\/SBB da Lucerna in 20-30 minuti.Tre collegamenti ferroviari ogni ora. La chiesa parrocchiale e di pellegrinaggio, la cappella funeraria e il museo Bruder Klaus Sachseln sono raggiungibili a [&hellip;]<\/p>\n","protected":false},"author":3,"featured_media":2085,"parent":9741,"menu_order":1,"comment_status":"closed","ping_status":"closed","template":"","meta":{"_acf_changed":false,"footnotes":""},"acf":[],"_links":{"self":[{"href":"https:\/\/bruderklaus.com\/it\/wp-json\/wp\/v2\/pages\/9714"}],"collection":[{"href":"https:\/\/bruderklaus.com\/it\/wp-json\/wp\/v2\/pages"}],"about":[{"href":"https:\/\/bruderklaus.com\/it\/wp-json\/wp\/v2\/types\/page"}],"author":[{"embeddable":true,"href":"https:\/\/bruderklaus.com\/it\/wp-json\/wp\/v2\/users\/3"}],"replies":[{"embeddable":true,"href":"https:\/\/bruderklaus.com\/it\/wp-json\/wp\/v2\/comments?post=9714"}],"version-history":[{"count":17,"href":"https:\/\/bruderklaus.com\/it\/wp-json\/wp\/v2\/pages\/9714\/revisions"}],"predecessor-version":[{"id":22440,"href":"https:\/\/bruderklaus.com\/it\/wp-json\/wp\/v2\/pages\/9714\/revisions\/22440"}],"up":[{"embeddable":true,"href":"https:\/\/bruderklaus.com\/it\/wp-json\/wp\/v2\/pages\/9741"}],"wp:featuredmedia":[{"embeddable":true,"href":"https:\/\/bruderklaus.com\/it\/wp-json\/wp\/v2\/media\/2085"}],"wp:attachment":[{"href":"https:\/\/bruderklaus.com\/it\/wp-json\/wp\/v2\/media?parent=9714"}],"curies":[{"name":"wp","href":"https:\/\/api.w.org\/{rel}","templated":true}]}}