{"id":9662,"date":"2021-01-26T21:42:56","date_gmt":"2021-01-26T21:42:56","guid":{"rendered":"https:\/\/bruderklaus.com\/orte-informationen\/flueeli-ranft\/dorfplatzzeitkapsel\/"},"modified":"2021-05-02T18:27:36","modified_gmt":"2021-05-02T16:27:36","slug":"dorfplatzzeitkapsel","status":"publish","type":"page","link":"https:\/\/bruderklaus.com\/it\/orte-informationen\/flueeli-ranft\/dorfplatzzeitkapsel\/","title":{"rendered":"Piazza del paese"},"content":{"rendered":"\n<h2 class=\"wp-block-heading\">La piazza del paese e la capsula del tempo<\/h2>\n\n\n\n<div class=\"wp-block-columns is-layout-flex wp-container-core-columns-layout-1 wp-block-columns-is-layout-flex\">\n<div class=\"wp-block-column is-layout-flow wp-block-column-is-layout-flow\">\n<figure class=\"wp-block-image size-large\"><img decoding=\"async\" width=\"1024\" height=\"576\" src=\"https:\/\/bruderklaus.com\/wp-content\/uploads\/2021\/03\/Orte_Flueeli_Dorfplatz20180827_165117-1024x576.jpg\" alt=\"\" class=\"wp-image-1352\" srcset=\"https:\/\/bruderklaus.com\/wp-content\/uploads\/2021\/03\/Orte_Flueeli_Dorfplatz20180827_165117-1024x576.jpg 1024w, https:\/\/bruderklaus.com\/wp-content\/uploads\/2021\/03\/Orte_Flueeli_Dorfplatz20180827_165117-300x169.jpg 300w, https:\/\/bruderklaus.com\/wp-content\/uploads\/2021\/03\/Orte_Flueeli_Dorfplatz20180827_165117-768x432.jpg 768w, https:\/\/bruderklaus.com\/wp-content\/uploads\/2021\/03\/Orte_Flueeli_Dorfplatz20180827_165117-1536x864.jpg 1536w, https:\/\/bruderklaus.com\/wp-content\/uploads\/2021\/03\/Orte_Flueeli_Dorfplatz20180827_165117.jpg 2048w, https:\/\/bruderklaus.com\/wp-content\/uploads\/2021\/03\/Orte_Flueeli_Dorfplatz20180827_165117-600x338.jpg 600w\" sizes=\"(max-width: 1024px) 100vw, 1024px\" \/><\/figure>\n<\/div>\n\n\n\n<div class=\"wp-block-column is-layout-flow wp-block-column-is-layout-flow\">\n<h2 class=\"wp-block-heading\">La piazza del paese con la fontana<\/h2>\n\n\n\n<p>La piazza del paese di Fl\u00fceli-Ranft \u00e8 stata ridisegnata per l&#8217;anno commemorativo 2017 \u00ab600 anni di Nicolao della Fl\u00fce\u00bb. Alberi ombrosi, panchine di pietra e l&#8217;acqua fresca di sorgente della fontana storica vi invitano a fare una pausa.<\/p>\n<\/div>\n<\/div>\n\n\n\n<div class=\"wp-block-columns is-layout-flex wp-container-core-columns-layout-2 wp-block-columns-is-layout-flex\">\n<div class=\"wp-block-column is-layout-flow wp-block-column-is-layout-flow\">\n<figure class=\"wp-block-image size-large\"><img decoding=\"async\" width=\"1024\" height=\"576\" src=\"https:\/\/bruderklaus.com\/wp-content\/uploads\/2021\/03\/Orte_Flueeli_Zeitkapsel20180731_170125-1-1024x576.jpg\" alt=\"\" class=\"wp-image-1345\" srcset=\"https:\/\/bruderklaus.com\/wp-content\/uploads\/2021\/03\/Orte_Flueeli_Zeitkapsel20180731_170125-1-1024x576.jpg 1024w, https:\/\/bruderklaus.com\/wp-content\/uploads\/2021\/03\/Orte_Flueeli_Zeitkapsel20180731_170125-1-300x169.jpg 300w, https:\/\/bruderklaus.com\/wp-content\/uploads\/2021\/03\/Orte_Flueeli_Zeitkapsel20180731_170125-1-768x432.jpg 768w, https:\/\/bruderklaus.com\/wp-content\/uploads\/2021\/03\/Orte_Flueeli_Zeitkapsel20180731_170125-1-1536x864.jpg 1536w, https:\/\/bruderklaus.com\/wp-content\/uploads\/2021\/03\/Orte_Flueeli_Zeitkapsel20180731_170125-1.jpg 2048w, https:\/\/bruderklaus.com\/wp-content\/uploads\/2021\/03\/Orte_Flueeli_Zeitkapsel20180731_170125-1-600x338.jpg 600w\" sizes=\"(max-width: 1024px) 100vw, 1024px\" \/><\/figure>\n<\/div>\n\n\n\n<div class=\"wp-block-column is-layout-flow wp-block-column-is-layout-flow\">\n<h2 class=\"wp-block-heading\">La capsula del tempo<\/h2>\n\n\n\n<p>L\u00ec si trova, interrata e coperta da uns lastra di vetro, la capsula in rame in ricordo dei \u00ab600 anni di Nicolao della Fl\u00fce\u00bb commemorati nel 2017. La capsula conserva 2602 messaggi che persone di tutta la Svizzera hanno scritto per i posteri.<\/p>\n\n\n\n<p>Sar\u00e0 riaperta nell&#8217;anno 2117, quando ricorrer\u00e0 il 700 della nascita di Nicolao della Fl\u00fce.<\/p>\n<\/div>\n<\/div>\n\n\n\n<p><\/p>\n","protected":false},"excerpt":{"rendered":"<p>La piazza del paese e la capsula del tempo La piazza del paese con la fontana La piazza del paese di Fl\u00fceli-Ranft \u00e8 stata ridisegnata per l&#8217;anno commemorativo 2017 \u00ab600 anni di Nicolao della Fl\u00fce\u00bb. Alberi ombrosi, panchine di pietra e l&#8217;acqua fresca di sorgente della fontana storica vi invitano a fare una pausa. La [&hellip;]<\/p>\n","protected":false},"author":3,"featured_media":1347,"parent":9213,"menu_order":170,"comment_status":"closed","ping_status":"closed","template":"","meta":{"_acf_changed":false,"footnotes":""},"acf":[],"_links":{"self":[{"href":"https:\/\/bruderklaus.com\/it\/wp-json\/wp\/v2\/pages\/9662"}],"collection":[{"href":"https:\/\/bruderklaus.com\/it\/wp-json\/wp\/v2\/pages"}],"about":[{"href":"https:\/\/bruderklaus.com\/it\/wp-json\/wp\/v2\/types\/page"}],"author":[{"embeddable":true,"href":"https:\/\/bruderklaus.com\/it\/wp-json\/wp\/v2\/users\/3"}],"replies":[{"embeddable":true,"href":"https:\/\/bruderklaus.com\/it\/wp-json\/wp\/v2\/comments?post=9662"}],"version-history":[{"count":5,"href":"https:\/\/bruderklaus.com\/it\/wp-json\/wp\/v2\/pages\/9662\/revisions"}],"predecessor-version":[{"id":9668,"href":"https:\/\/bruderklaus.com\/it\/wp-json\/wp\/v2\/pages\/9662\/revisions\/9668"}],"up":[{"embeddable":true,"href":"https:\/\/bruderklaus.com\/it\/wp-json\/wp\/v2\/pages\/9213"}],"wp:featuredmedia":[{"embeddable":true,"href":"https:\/\/bruderklaus.com\/it\/wp-json\/wp\/v2\/media\/1347"}],"wp:attachment":[{"href":"https:\/\/bruderklaus.com\/it\/wp-json\/wp\/v2\/media?parent=9662"}],"curies":[{"name":"wp","href":"https:\/\/api.w.org\/{rel}","templated":true}]}}