{"id":9653,"date":"2021-01-26T21:42:56","date_gmt":"2021-01-26T21:42:56","guid":{"rendered":"https:\/\/bruderklaus.com\/orte-informationen\/flueeli-ranft\/picknic-spielplatz\/"},"modified":"2021-05-02T17:19:33","modified_gmt":"2021-05-02T15:19:33","slug":"picknic-spielplatz","status":"publish","type":"page","link":"https:\/\/bruderklaus.com\/it\/orte-informationen\/flueeli-ranft\/picknic-spielplatz\/","title":{"rendered":"Barbecue \/ parco giochi"},"content":{"rendered":"\n<div class=\"wp-block-columns is-layout-flex wp-container-core-columns-layout-1 wp-block-columns-is-layout-flex\">\n<div class=\"wp-block-column is-layout-flow wp-block-column-is-layout-flow\">\n<figure class=\"wp-block-image size-large\"><img decoding=\"async\" width=\"1024\" height=\"768\" src=\"https:\/\/bruderklaus.com\/wp-content\/uploads\/2021\/03\/Picknick-Platz20200806_132520_001-2-1024x768.jpg\" alt=\"\" class=\"wp-image-1221\" srcset=\"https:\/\/bruderklaus.com\/wp-content\/uploads\/2021\/03\/Picknick-Platz20200806_132520_001-2-1024x768.jpg 1024w, https:\/\/bruderklaus.com\/wp-content\/uploads\/2021\/03\/Picknick-Platz20200806_132520_001-2-300x225.jpg 300w, https:\/\/bruderklaus.com\/wp-content\/uploads\/2021\/03\/Picknick-Platz20200806_132520_001-2-768x576.jpg 768w, https:\/\/bruderklaus.com\/wp-content\/uploads\/2021\/03\/Picknick-Platz20200806_132520_001-2-1536x1152.jpg 1536w, https:\/\/bruderklaus.com\/wp-content\/uploads\/2021\/03\/Picknick-Platz20200806_132520_001-2.jpg 2048w, https:\/\/bruderklaus.com\/wp-content\/uploads\/2021\/03\/Picknick-Platz20200806_132520_001-2-600x450.jpg 600w\" sizes=\"(max-width: 1024px) 100vw, 1024px\" \/><\/figure>\n<\/div>\n\n\n\n<div class=\"wp-block-column is-layout-flow wp-block-column-is-layout-flow\">\n<h2 class=\"wp-block-heading\">Barbecue Chappelenwald, Fl\u00fceli<\/h2>\n\n\n\n<p>Area barbecue sul sentiero delle visioni (Visionenweg \/Bruderklausenweg). All&#8217;ingresso della foresta, vicino alla casa natale.<br>Camino coperto, due tavoli all&#8217;esterno, un tavolo coperto.<\/p>\n\n\n\n<p><a href=\"https:\/\/spielplaetze.ow.ch\/portfolio-items\/chappelenwald-flueeli\/\">Pi\u00f9<\/a><\/p>\n\n\n\n<p><a href=\"https:\/\/spielplaetze.ow.ch\/feuerstellen\/\">Altri barbecue<\/a><\/p>\n\n\n\n<p><\/p>\n<\/div>\n<\/div>\n\n\n\n<div class=\"wp-block-columns is-layout-flex wp-container-core-columns-layout-2 wp-block-columns-is-layout-flex\">\n<div class=\"wp-block-column is-layout-flow wp-block-column-is-layout-flow\">\n<hr class=\"wp-block-separator\"\/>\n<\/div>\n<\/div>\n\n\n\n<div class=\"wp-block-columns is-layout-flex wp-container-core-columns-layout-3 wp-block-columns-is-layout-flex\">\n<div class=\"wp-block-column is-layout-flow wp-block-column-is-layout-flow\">\n<figure class=\"wp-block-image size-large\"><img decoding=\"async\" width=\"1024\" height=\"576\" src=\"https:\/\/bruderklaus.com\/wp-content\/uploads\/2021\/03\/Spielplatz-MZH-Flueeli20190425_132540-5-1024x576.jpg\" alt=\"\" class=\"wp-image-1518\" srcset=\"https:\/\/bruderklaus.com\/wp-content\/uploads\/2021\/03\/Spielplatz-MZH-Flueeli20190425_132540-5-1024x576.jpg 1024w, https:\/\/bruderklaus.com\/wp-content\/uploads\/2021\/03\/Spielplatz-MZH-Flueeli20190425_132540-5-300x169.jpg 300w, https:\/\/bruderklaus.com\/wp-content\/uploads\/2021\/03\/Spielplatz-MZH-Flueeli20190425_132540-5-768x432.jpg 768w, https:\/\/bruderklaus.com\/wp-content\/uploads\/2021\/03\/Spielplatz-MZH-Flueeli20190425_132540-5-1536x864.jpg 1536w, https:\/\/bruderklaus.com\/wp-content\/uploads\/2021\/03\/Spielplatz-MZH-Flueeli20190425_132540-5.jpg 2048w, https:\/\/bruderklaus.com\/wp-content\/uploads\/2021\/03\/Spielplatz-MZH-Flueeli20190425_132540-5-600x338.jpg 600w\" sizes=\"(max-width: 1024px) 100vw, 1024px\" \/><\/figure>\n<\/div>\n\n\n\n<div class=\"wp-block-column is-layout-flow wp-block-column-is-layout-flow\">\n<h2 class=\"wp-block-heading\">Parco giochi, Fl\u00fceli<\/h2>\n\n\n\n<p>Parco giochi vario accanto all&#8217;edificio polivalente, con campo da calcio, ping-pong, area picnic.<\/p>\n\n\n\n<p><a href=\"https:\/\/spielplaetze.ow.ch\/portfolio-items\/flueeli-ranft\/\">Pi\u00f9<\/a><\/p>\n\n\n\n<p><a href=\"https:\/\/spielplaetze.ow.ch\/spielplaetze\/\">Altri parco giochi<\/a><\/p>\n<\/div>\n<\/div>\n\n\n\n<p><\/p>\n","protected":false},"excerpt":{"rendered":"<p>Barbecue Chappelenwald, Fl\u00fceli Area barbecue sul sentiero delle visioni (Visionenweg \/Bruderklausenweg). All&#8217;ingresso della foresta, vicino alla casa natale.Camino coperto, due tavoli all&#8217;esterno, un tavolo coperto. Pi\u00f9 Altri barbecue Parco giochi, Fl\u00fceli Parco giochi vario accanto all&#8217;edificio polivalente, con campo da calcio, ping-pong, area picnic. Pi\u00f9 Altri parco giochi<\/p>\n","protected":false},"author":3,"featured_media":1540,"parent":9213,"menu_order":180,"comment_status":"closed","ping_status":"closed","template":"","meta":{"_acf_changed":false,"footnotes":""},"acf":[],"_links":{"self":[{"href":"https:\/\/bruderklaus.com\/it\/wp-json\/wp\/v2\/pages\/9653"}],"collection":[{"href":"https:\/\/bruderklaus.com\/it\/wp-json\/wp\/v2\/pages"}],"about":[{"href":"https:\/\/bruderklaus.com\/it\/wp-json\/wp\/v2\/types\/page"}],"author":[{"embeddable":true,"href":"https:\/\/bruderklaus.com\/it\/wp-json\/wp\/v2\/users\/3"}],"replies":[{"embeddable":true,"href":"https:\/\/bruderklaus.com\/it\/wp-json\/wp\/v2\/comments?post=9653"}],"version-history":[{"count":1,"href":"https:\/\/bruderklaus.com\/it\/wp-json\/wp\/v2\/pages\/9653\/revisions"}],"predecessor-version":[{"id":9655,"href":"https:\/\/bruderklaus.com\/it\/wp-json\/wp\/v2\/pages\/9653\/revisions\/9655"}],"up":[{"embeddable":true,"href":"https:\/\/bruderklaus.com\/it\/wp-json\/wp\/v2\/pages\/9213"}],"wp:featuredmedia":[{"embeddable":true,"href":"https:\/\/bruderklaus.com\/it\/wp-json\/wp\/v2\/media\/1540"}],"wp:attachment":[{"href":"https:\/\/bruderklaus.com\/it\/wp-json\/wp\/v2\/media?parent=9653"}],"curies":[{"name":"wp","href":"https:\/\/api.w.org\/{rel}","templated":true}]}}