{"id":9627,"date":"2021-01-26T21:42:56","date_gmt":"2021-01-26T21:42:56","guid":{"rendered":"https:\/\/bruderklaus.com\/orte-informationen\/sachseln\/flueeli-kapelle\/"},"modified":"2024-02-15T15:34:26","modified_gmt":"2024-02-15T14:34:26","slug":"flueeli-kapelle","status":"publish","type":"page","link":"https:\/\/bruderklaus.com\/it\/orte-informationen\/sachseln\/flueeli-kapelle\/","title":{"rendered":"La statua di Dorotea"},"content":{"rendered":"\n<div class=\"wp-block-columns is-layout-flex wp-container-core-columns-layout-1 wp-block-columns-is-layout-flex\">\n<div class=\"wp-block-column is-layout-flow wp-block-column-is-layout-flow\">\n<figure class=\"wp-block-image size-large\"><a href=\"https:\/\/bruderklaus.com\/wp-content\/uploads\/2022\/04\/208_DSC00974_klein_Dorothee_K.Kiser_.jpg\"><img decoding=\"async\" width=\"1024\" height=\"683\" src=\"https:\/\/bruderklaus.com\/wp-content\/uploads\/2022\/04\/208_DSC00974_klein_Dorothee_K.Kiser_-1024x683.jpg\" alt=\"\" class=\"wp-image-15882\" srcset=\"https:\/\/bruderklaus.com\/wp-content\/uploads\/2022\/04\/208_DSC00974_klein_Dorothee_K.Kiser_-1024x683.jpg 1024w, https:\/\/bruderklaus.com\/wp-content\/uploads\/2022\/04\/208_DSC00974_klein_Dorothee_K.Kiser_-300x200.jpg 300w, https:\/\/bruderklaus.com\/wp-content\/uploads\/2022\/04\/208_DSC00974_klein_Dorothee_K.Kiser_-768x512.jpg 768w, https:\/\/bruderklaus.com\/wp-content\/uploads\/2022\/04\/208_DSC00974_klein_Dorothee_K.Kiser_-1536x1024.jpg 1536w, https:\/\/bruderklaus.com\/wp-content\/uploads\/2022\/04\/208_DSC00974_klein_Dorothee_K.Kiser_-600x400.jpg 600w, https:\/\/bruderklaus.com\/wp-content\/uploads\/2022\/04\/208_DSC00974_klein_Dorothee_K.Kiser_.jpg 2048w\" sizes=\"(max-width: 1024px) 100vw, 1024px\" \/><\/a><\/figure>\n<\/div>\n\n\n\n<div class=\"wp-block-column is-layout-flow wp-block-column-is-layout-flow\">\n<h2 class=\"wp-block-heading\">Dorothee Statue<\/h2>\n\n\n\n<p>Die Dorothee Statue beim Kirchturm von Sachseln wurde 1991 vom Luzerner Bildhauer Rolf Brem im Auftrag der katholischen B\u00e4uerinnen geschaffen. Der Standort befindet sich in der N\u00e4he des vermuteten Grabes von Dorothee Wyss.<\/p>\n\n\n\n<p>Papst Johannes Paul II nannte Dorothee Wyss 1984 bei seinem Besuch am Grab von Bruder Klaus von Fl\u00fce \u00abeine heiligm\u00e4ssige Frau\u00bb.<\/p>\n<\/div>\n<\/div>\n\n\n\n<p><\/p>\n\n\n\n<div class=\"wp-block-columns is-layout-flex wp-container-core-columns-layout-2 wp-block-columns-is-layout-flex\">\n<div class=\"wp-block-column is-layout-flow wp-block-column-is-layout-flow\">\n<figure class=\"wp-block-image size-large\"><a href=\"https:\/\/bruderklaus.com\/wp-content\/uploads\/2022\/04\/Sachseln-Monument-de-Dorothee-05-680x1024.jpg\"><img decoding=\"async\" width=\"680\" height=\"1024\" src=\"https:\/\/bruderklaus.com\/wp-content\/uploads\/2022\/04\/Sachseln-Monument-de-Dorothee-05-680x1024.jpg\" alt=\"\" class=\"wp-image-15889\" srcset=\"https:\/\/bruderklaus.com\/wp-content\/uploads\/2022\/04\/Sachseln-Monument-de-Dorothee-05-680x1024.jpg 680w, https:\/\/bruderklaus.com\/wp-content\/uploads\/2022\/04\/Sachseln-Monument-de-Dorothee-05-199x300.jpg 199w, https:\/\/bruderklaus.com\/wp-content\/uploads\/2022\/04\/Sachseln-Monument-de-Dorothee-05-768x1157.jpg 768w, https:\/\/bruderklaus.com\/wp-content\/uploads\/2022\/04\/Sachseln-Monument-de-Dorothee-05-1020x1536.jpg 1020w, https:\/\/bruderklaus.com\/wp-content\/uploads\/2022\/04\/Sachseln-Monument-de-Dorothee-05-600x904.jpg 600w, https:\/\/bruderklaus.com\/wp-content\/uploads\/2022\/04\/Sachseln-Monument-de-Dorothee-05.jpg 1360w\" sizes=\"(max-width: 680px) 100vw, 680px\" \/><\/a><\/figure>\n<\/div>\n\n\n\n<div class=\"wp-block-column is-layout-flow wp-block-column-is-layout-flow\">\n<figure class=\"wp-block-image size-large\"><a href=\"https:\/\/bruderklaus.com\/wp-content\/uploads\/2022\/04\/Sachseln-Monument-de-Dorothee-03-680x1024.jpg\"><img decoding=\"async\" width=\"680\" height=\"1024\" src=\"https:\/\/bruderklaus.com\/wp-content\/uploads\/2022\/04\/Sachseln-Monument-de-Dorothee-03-680x1024.jpg\" alt=\"\" class=\"wp-image-15892\" srcset=\"https:\/\/bruderklaus.com\/wp-content\/uploads\/2022\/04\/Sachseln-Monument-de-Dorothee-03-680x1024.jpg 680w, https:\/\/bruderklaus.com\/wp-content\/uploads\/2022\/04\/Sachseln-Monument-de-Dorothee-03-199x300.jpg 199w, https:\/\/bruderklaus.com\/wp-content\/uploads\/2022\/04\/Sachseln-Monument-de-Dorothee-03-768x1157.jpg 768w, https:\/\/bruderklaus.com\/wp-content\/uploads\/2022\/04\/Sachseln-Monument-de-Dorothee-03-1020x1536.jpg 1020w, https:\/\/bruderklaus.com\/wp-content\/uploads\/2022\/04\/Sachseln-Monument-de-Dorothee-03-600x904.jpg 600w, https:\/\/bruderklaus.com\/wp-content\/uploads\/2022\/04\/Sachseln-Monument-de-Dorothee-03.jpg 1360w\" sizes=\"(max-width: 680px) 100vw, 680px\" \/><\/a><\/figure>\n<\/div>\n\n\n\n<div class=\"wp-block-column is-layout-flow wp-block-column-is-layout-flow\">\n<figure class=\"wp-block-image size-large\"><a href=\"https:\/\/bruderklaus.com\/wp-content\/uploads\/2022\/04\/Sachseln-Monument-de-Dorothee-04-680x1024.jpg\"><img decoding=\"async\" width=\"680\" height=\"1024\" src=\"https:\/\/bruderklaus.com\/wp-content\/uploads\/2022\/04\/Sachseln-Monument-de-Dorothee-04-680x1024.jpg\" alt=\"\" class=\"wp-image-15895\" srcset=\"https:\/\/bruderklaus.com\/wp-content\/uploads\/2022\/04\/Sachseln-Monument-de-Dorothee-04-680x1024.jpg 680w, https:\/\/bruderklaus.com\/wp-content\/uploads\/2022\/04\/Sachseln-Monument-de-Dorothee-04-199x300.jpg 199w, https:\/\/bruderklaus.com\/wp-content\/uploads\/2022\/04\/Sachseln-Monument-de-Dorothee-04-768x1157.jpg 768w, https:\/\/bruderklaus.com\/wp-content\/uploads\/2022\/04\/Sachseln-Monument-de-Dorothee-04-1020x1536.jpg 1020w, https:\/\/bruderklaus.com\/wp-content\/uploads\/2022\/04\/Sachseln-Monument-de-Dorothee-04-600x904.jpg 600w, https:\/\/bruderklaus.com\/wp-content\/uploads\/2022\/04\/Sachseln-Monument-de-Dorothee-04.jpg 1360w\" sizes=\"(max-width: 680px) 100vw, 680px\" \/><\/a><\/figure>\n<\/div>\n<\/div>\n\n\n\n<p><\/p>\n\n\n\n<h2 class=\"wp-block-heading\">Visita guidata \u00ab<strong>Chi era Dorotea Wyss\u00a0?<\/strong>\u00bb <\/h2>\n\n\n\n<div class=\"wp-block-columns is-layout-flex wp-container-core-columns-layout-3 wp-block-columns-is-layout-flex\">\n<div class=\"wp-block-column is-layout-flow wp-block-column-is-layout-flow\" style=\"flex-basis:33.33%\">\n<figure class=\"wp-block-image size-large\"><a href=\"https:\/\/bruderklaus.com\/wp-content\/uploads\/2022\/04\/1631-wappenscheibe_hess_-Schweizerisches-Landesmuseum-22873-002-985x1024.jpg\"><img decoding=\"async\" width=\"985\" height=\"1024\" src=\"https:\/\/bruderklaus.com\/wp-content\/uploads\/2022\/04\/1631-wappenscheibe_hess_-Schweizerisches-Landesmuseum-22873-002-985x1024.jpg\" alt=\"\" class=\"wp-image-15898\" srcset=\"https:\/\/bruderklaus.com\/wp-content\/uploads\/2022\/04\/1631-wappenscheibe_hess_-Schweizerisches-Landesmuseum-22873-002-985x1024.jpg 985w, https:\/\/bruderklaus.com\/wp-content\/uploads\/2022\/04\/1631-wappenscheibe_hess_-Schweizerisches-Landesmuseum-22873-002-288x300.jpg 288w, https:\/\/bruderklaus.com\/wp-content\/uploads\/2022\/04\/1631-wappenscheibe_hess_-Schweizerisches-Landesmuseum-22873-002-768x799.jpg 768w, https:\/\/bruderklaus.com\/wp-content\/uploads\/2022\/04\/1631-wappenscheibe_hess_-Schweizerisches-Landesmuseum-22873-002-600x624.jpg 600w, https:\/\/bruderklaus.com\/wp-content\/uploads\/2022\/04\/1631-wappenscheibe_hess_-Schweizerisches-Landesmuseum-22873-002.jpg 1172w\" sizes=\"(max-width: 985px) 100vw, 985px\" \/><\/a><\/figure>\n<\/div>\n\n\n\n<div class=\"wp-block-column is-layout-flow wp-block-column-is-layout-flow\" style=\"flex-basis:66.66%\">\n<p><strong><strong>Chi era<\/strong><\/strong> <strong>Dorotea Wyss&nbsp;?<\/strong><\/p>\n\n\n\n<p>La visita guidata \u00abChi era Dorotea Wyss?\u00bb \u00e8 un modo per avvicinarsi alla contadin ache per 50 anni visse nella fattoria \u00abSch\u00fcbelacher\u00bb, fu la pi\u00f9 stretta confidente di Nicolao della Fl\u00fce e per amore lo lasi\u00f2 andare.<\/p>\n\n\n\n<p>Durata: ca. 1 h 30&#8242;<br>Prezzo: 200 CHF, max. 25 persone per gruppo<\/p>\n\n\n<p><a class=\"c-btn-main\"  href=\"https:\/\/bruderklaus.com\/it\/angebote-wallfahrt\/fuehrungen\/\">Richieda una visita guidata<\/a><\/p><\/div>\n<\/div>\n","protected":false},"excerpt":{"rendered":"<p>Visita guidata \u00abChi era Dorotea Wyss\u00a0?\u00bb Chi era Dorotea Wyss&nbsp;? La visita guidata \u00abChi era Dorotea Wyss?\u00bb \u00e8 un modo per avvicinarsi alla contadin ache per 50 anni visse nella fattoria \u00abSch\u00fcbelacher\u00bb, fu la pi\u00f9 stretta confidente di Nicolao della Fl\u00fce e per amore lo lasi\u00f2 andare. Durata: ca. 1 h 30&#8242;Prezzo: 200 CHF, max. [&hellip;]<\/p>\n","protected":false},"author":3,"featured_media":1181,"parent":9623,"menu_order":50,"comment_status":"closed","ping_status":"closed","template":"","meta":{"_acf_changed":false,"footnotes":""},"acf":[],"_links":{"self":[{"href":"https:\/\/bruderklaus.com\/it\/wp-json\/wp\/v2\/pages\/9627"}],"collection":[{"href":"https:\/\/bruderklaus.com\/it\/wp-json\/wp\/v2\/pages"}],"about":[{"href":"https:\/\/bruderklaus.com\/it\/wp-json\/wp\/v2\/types\/page"}],"author":[{"embeddable":true,"href":"https:\/\/bruderklaus.com\/it\/wp-json\/wp\/v2\/users\/3"}],"replies":[{"embeddable":true,"href":"https:\/\/bruderklaus.com\/it\/wp-json\/wp\/v2\/comments?post=9627"}],"version-history":[{"count":13,"href":"https:\/\/bruderklaus.com\/it\/wp-json\/wp\/v2\/pages\/9627\/revisions"}],"predecessor-version":[{"id":20409,"href":"https:\/\/bruderklaus.com\/it\/wp-json\/wp\/v2\/pages\/9627\/revisions\/20409"}],"up":[{"embeddable":true,"href":"https:\/\/bruderklaus.com\/it\/wp-json\/wp\/v2\/pages\/9623"}],"wp:featuredmedia":[{"embeddable":true,"href":"https:\/\/bruderklaus.com\/it\/wp-json\/wp\/v2\/media\/1181"}],"wp:attachment":[{"href":"https:\/\/bruderklaus.com\/it\/wp-json\/wp\/v2\/media?parent=9627"}],"curies":[{"name":"wp","href":"https:\/\/api.w.org\/{rel}","templated":true}]}}