{"id":9623,"date":"2021-01-26T21:42:56","date_gmt":"2021-01-26T21:42:56","guid":{"rendered":"https:\/\/bruderklaus.com\/orte-informationen\/sachseln\/"},"modified":"2021-05-02T16:17:48","modified_gmt":"2021-05-02T14:17:48","slug":"sachseln","status":"publish","type":"page","link":"https:\/\/bruderklaus.com\/it\/orte-informationen\/sachseln\/","title":{"rendered":"Sachseln"},"content":{"rendered":"\n<h2 class=\"wp-block-heading\"><strong>Sachseln, luogo di pellegrinaggio<\/strong><\/h2>\n\n\n\n<p><strong><strong>Sachseln \u00e8 un noto luogo di pellegrinaggio e ed \u00e8 anche una destinazione per vacanze rilassanti in riva al lago di Sarnen, con una grande offerta di attivit\u00e0 per il tempo libero sul lago e in montagna.<\/strong><\/strong><\/p>\n\n\n\n<p>Grazie alla sua posizione centrale, Sachseln \u00e8 un punto di partenza ideale per le escursioni&nbsp; sul Passo del Br\u00fcnig in direzione di Interlaken, nonch\u00e9 verso Lucerna e il Lago dei Quattro Cantoni. Le escursioni sulle montagne del Pilatus, del Rigi, del Titlis, dell&#8217;Oberland Bernese e della regione della Jungfrau invitano ad essere esplorate.<\/p>\n\n\n\n<p>Sapevate che il centro spirituale, il <strong>Ranft<\/strong> di Bruder Klaus, e il centro geografico della Svizzera, l\u2019alpe di <strong>\u00c4lggi<\/strong>, si trovano entrambi nel comune di Sachseln?<\/p>\n\n\n\n<p>Le vicine stazioni sciistiche e di sport invernali a Melchsee-Frutt, a Meiringen-Hasliberg e ad Engelberg offrono piste ideali per sciatori, snowboarder e amanti dello slittino. Escursionisti invernali e sciatori di fondo possono godere dei sentieri e delle piste di fondo a Langis sul passo del Glaubenberg, sopra Sarnen.<\/p>\n","protected":false},"excerpt":{"rendered":"<p>Sachseln, luogo di pellegrinaggio Sachseln \u00e8 un noto luogo di pellegrinaggio e ed \u00e8 anche una destinazione per vacanze rilassanti in riva al lago di Sarnen, con una grande offerta di attivit\u00e0 per il tempo libero sul lago e in montagna. Grazie alla sua posizione centrale, Sachseln \u00e8 un punto di partenza ideale per le [&hellip;]<\/p>\n","protected":false},"author":3,"featured_media":3302,"parent":9592,"menu_order":10,"comment_status":"closed","ping_status":"closed","template":"","meta":{"_acf_changed":false,"footnotes":""},"acf":[],"_links":{"self":[{"href":"https:\/\/bruderklaus.com\/it\/wp-json\/wp\/v2\/pages\/9623"}],"collection":[{"href":"https:\/\/bruderklaus.com\/it\/wp-json\/wp\/v2\/pages"}],"about":[{"href":"https:\/\/bruderklaus.com\/it\/wp-json\/wp\/v2\/types\/page"}],"author":[{"embeddable":true,"href":"https:\/\/bruderklaus.com\/it\/wp-json\/wp\/v2\/users\/3"}],"replies":[{"embeddable":true,"href":"https:\/\/bruderklaus.com\/it\/wp-json\/wp\/v2\/comments?post=9623"}],"version-history":[{"count":2,"href":"https:\/\/bruderklaus.com\/it\/wp-json\/wp\/v2\/pages\/9623\/revisions"}],"predecessor-version":[{"id":9625,"href":"https:\/\/bruderklaus.com\/it\/wp-json\/wp\/v2\/pages\/9623\/revisions\/9625"}],"up":[{"embeddable":true,"href":"https:\/\/bruderklaus.com\/it\/wp-json\/wp\/v2\/pages\/9592"}],"wp:featuredmedia":[{"embeddable":true,"href":"https:\/\/bruderklaus.com\/it\/wp-json\/wp\/v2\/media\/3302"}],"wp:attachment":[{"href":"https:\/\/bruderklaus.com\/it\/wp-json\/wp\/v2\/media?parent=9623"}],"curies":[{"name":"wp","href":"https:\/\/api.w.org\/{rel}","templated":true}]}}