{"id":9611,"date":"2021-01-26T21:42:56","date_gmt":"2021-01-26T21:42:56","guid":{"rendered":"https:\/\/bruderklaus.com\/orte-informationen\/pilgerwege\/visionenweg\/"},"modified":"2021-05-02T16:02:42","modified_gmt":"2021-05-02T14:02:42","slug":"visionenweg","status":"publish","type":"page","link":"https:\/\/bruderklaus.com\/it\/orte-informationen\/pilgerwege\/visionenweg\/","title":{"rendered":"Via delle visioni"},"content":{"rendered":"\n<h2 class=\"wp-block-heading\"><strong>Via delle visioni<\/strong><\/h2>\n\n\n\n<p><strong>Il sentiero di meditazione \u00abvia delle visioni\u00bb conduce da Fl\u00fceli-Ranft a Sachseln sul Bruderklausenweg (itinerario di SvizzeraMobile n. 571, Via Jacobi n. 4).<\/strong><\/p>\n\n\n\n<p>Sei sculture in metallo, dell&#8217;artista obwaldese Andr\u00e9 Bucher, rappresentano cinque visioni che ebbe Nicolao della Fl\u00fce, e un evento di sua moglie Dorotea Wyss. Il percorso di meditazione inizia dal luogo di nascita di Bruder Klaus a Fl\u00fceli-Ranft e termina nella chiesa parrocchiale di Sachseln davanti alla sua tomba. Il sentiero \u00e8 liberamente accessibile.<\/p>\n\n\n\n<p>Dislivello: 240 metri<br>Tempo di percorrenza: discesa: 45 minuti \/ salita: 60 minuti<br><\/p>\n\n\n\n<p>Concedetevi del tempo per la quiete e per la contemplazione nella natura.<strong><br><\/strong><\/p>\n\n\n\n<p><a href=\"https:\/\/www.schweizmobil.ch\/de\/wanderland\/routen\/route-0571.html\">Percorso<\/a><\/p>\n\n\n\n<p><strong><strong>Le singole visioni<\/strong><\/strong><\/p>\n\n\n\n<div class=\"wp-block-columns is-layout-flex wp-container-core-columns-layout-1 wp-block-columns-is-layout-flex\">\n<div class=\"wp-block-column is-layout-flow wp-block-column-is-layout-flow\">\n<figure class=\"wp-block-image size-large\"><img decoding=\"async\" width=\"1490\" height=\"2048\" src=\"https:\/\/bruderklaus.com\/wp-content\/uploads\/2021\/03\/000609-21.gif\" alt=\"\" class=\"wp-image-1634\"\/><\/figure>\n<\/div>\n\n\n\n<div class=\"wp-block-column is-layout-flow wp-block-column-is-layout-flow\">\n<p><strong>Visione 1: pietra, stella, olio santo<\/strong><\/p>\n\n\n\n<p>Nicolao della Fl\u00fce vede, gi\u00e0 nel grembo materno, dei segni che gli indicheranno la strada.<\/p>\n\n\n\n<p><\/p>\n<\/div>\n<\/div>\n\n\n\n<div class=\"wp-block-columns is-layout-flex wp-container-core-columns-layout-2 wp-block-columns-is-layout-flex\">\n<div class=\"wp-block-column is-layout-flow wp-block-column-is-layout-flow\">\n<figure class=\"wp-block-image size-large\"><img decoding=\"async\" width=\"1423\" height=\"2048\" src=\"https:\/\/bruderklaus.com\/wp-content\/uploads\/2021\/03\/000610-3.gif\" alt=\"\" class=\"wp-image-822\"\/><\/figure>\n<\/div>\n\n\n\n<div class=\"wp-block-column is-layout-flow wp-block-column-is-layout-flow\">\n<p><strong>Visione 2: Una bella torre alta<\/strong><\/p>\n\n\n\n<p>Il sedicenne Nicolao vede una torre alta nel luogo, in cui pi\u00f9 tardi vivr\u00e0 come eremita. Da\u00a0questo momento in poi cerca l\u2019unit\u00e0 con Dio.<\/p>\n<\/div>\n<\/div>\n\n\n\n<div class=\"wp-block-columns is-layout-flex wp-container-core-columns-layout-3 wp-block-columns-is-layout-flex\">\n<div class=\"wp-block-column is-layout-flow wp-block-column-is-layout-flow\">\n<figure class=\"wp-block-image size-large\"><img decoding=\"async\" width=\"1890\" height=\"2048\" src=\"https:\/\/bruderklaus.com\/wp-content\/uploads\/2021\/03\/000611-41.gif\" alt=\"\" class=\"wp-image-1631\"\/><\/figure>\n<\/div>\n\n\n\n<div class=\"wp-block-column is-layout-flow wp-block-column-is-layout-flow\">\n<p><strong>Visione 3: decisione del giovane uomo<\/strong><\/p>\n\n\n\n<p>Dopo l\u2019apparizione di tre uomini, simbolo della Trinit\u00e0 di Dio, Nicolao decide di servire, d\u2019ora in poi, solo Dio.<\/p>\n<\/div>\n<\/div>\n\n\n\n<div class=\"wp-block-columns is-layout-flex wp-container-core-columns-layout-4 wp-block-columns-is-layout-flex\">\n<div class=\"wp-block-column is-layout-flow wp-block-column-is-layout-flow\">\n<figure class=\"wp-block-image size-large\"><img decoding=\"async\" width=\"1729\" height=\"2048\" src=\"https:\/\/bruderklaus.com\/wp-content\/uploads\/2021\/03\/000678-101.jpg\" alt=\"\" class=\"wp-image-1628\" srcset=\"https:\/\/bruderklaus.com\/wp-content\/uploads\/2021\/03\/000678-101.jpg 2000w, https:\/\/bruderklaus.com\/wp-content\/uploads\/2021\/03\/000678-101-864x1024.jpg 864w, https:\/\/bruderklaus.com\/wp-content\/uploads\/2021\/03\/000678-101-768x910.jpg 768w, https:\/\/bruderklaus.com\/wp-content\/uploads\/2021\/03\/000678-101-253x300.jpg 253w, https:\/\/bruderklaus.com\/wp-content\/uploads\/2021\/03\/000678-101-1297x1536.jpg 1297w, https:\/\/bruderklaus.com\/wp-content\/uploads\/2021\/03\/000678-101-600x711.jpg 600w, https:\/\/bruderklaus.com\/wp-content\/uploads\/2021\/03\/000678-101.jpg 1729w\" sizes=\"(max-width: 1729px) 100vw, 1729px\" \/><\/figure>\n<\/div>\n\n\n\n<div class=\"wp-block-column is-layout-flow wp-block-column-is-layout-flow\">\n<p><strong>Visione 4: Visione della fontana<\/strong><\/p>\n\n\n\n<p>Nicolao vede una fontana che trabocca di vino, di olio e di miele e si rende conto, d\u2019essere lui stesso questa fontana.<\/p>\n\n\n\n<p><\/p>\n<\/div>\n<\/div>\n\n\n\n<div class=\"wp-block-columns is-layout-flex wp-container-core-columns-layout-5 wp-block-columns-is-layout-flex\">\n<div class=\"wp-block-column is-layout-flow wp-block-column-is-layout-flow\">\n<figure class=\"wp-block-image size-large\"><img decoding=\"async\" width=\"1530\" height=\"2048\" src=\"https:\/\/bruderklaus.com\/wp-content\/uploads\/2021\/03\/000679-62.jpg\" alt=\"\" class=\"wp-image-1622\" srcset=\"https:\/\/bruderklaus.com\/wp-content\/uploads\/2021\/03\/000679-62.jpg 1530w, https:\/\/bruderklaus.com\/wp-content\/uploads\/2021\/03\/000679-62-224x300.jpg 224w, https:\/\/bruderklaus.com\/wp-content\/uploads\/2021\/03\/000679-62-765x1024.jpg 765w, https:\/\/bruderklaus.com\/wp-content\/uploads\/2021\/03\/000679-62-768x1028.jpg 768w, https:\/\/bruderklaus.com\/wp-content\/uploads\/2021\/03\/000679-62-1148x1536.jpg 1148w, https:\/\/bruderklaus.com\/wp-content\/uploads\/2021\/03\/000679-62-600x803.jpg 600w\" sizes=\"(max-width: 1530px) 100vw, 1530px\" \/><\/figure>\n<\/div>\n\n\n\n<div class=\"wp-block-column is-layout-flow wp-block-column-is-layout-flow\">\n<p><strong>Visione 5:<\/strong> <strong>Triplice ringraziamento<\/strong><\/p>\n\n\n\n<p>Dio Padre, Maria ed il Figlio ringraziano Nicolao di essere venuto in aiuto a Cristo in croce.<\/p>\n<\/div>\n<\/div>\n\n\n\n<div class=\"wp-block-columns is-layout-flex wp-container-core-columns-layout-6 wp-block-columns-is-layout-flex\">\n<div class=\"wp-block-column is-layout-flow wp-block-column-is-layout-flow\">\n<figure class=\"wp-block-image size-large\"><img decoding=\"async\" width=\"2023\" height=\"2000\" src=\"https:\/\/bruderklaus.com\/wp-content\/uploads\/2021\/03\/000680-71.jpg\" alt=\"\" class=\"wp-image-1625\" srcset=\"https:\/\/bruderklaus.com\/wp-content\/uploads\/2021\/03\/000680-71.jpg 2023w, https:\/\/bruderklaus.com\/wp-content\/uploads\/2021\/03\/000680-71-300x297.jpg 300w, https:\/\/bruderklaus.com\/wp-content\/uploads\/2021\/03\/000680-71-768x759.jpg 768w, https:\/\/bruderklaus.com\/wp-content\/uploads\/2021\/03\/000680-71-1024x1012.jpg 1024w, https:\/\/bruderklaus.com\/wp-content\/uploads\/2021\/03\/000680-71-1536x1519.jpg 1536w, https:\/\/bruderklaus.com\/wp-content\/uploads\/2021\/03\/000680-71-600x593.jpg 600w, https:\/\/bruderklaus.com\/wp-content\/uploads\/2021\/03\/000680-71-100x100.jpg 100w\" sizes=\"(max-width: 2023px) 100vw, 2023px\" \/><\/figure>\n<\/div>\n\n\n\n<div class=\"wp-block-column is-layout-flow wp-block-column-is-layout-flow\">\n<p><strong>Visione 6<\/strong>: <strong>Evento pasquale di Dorotea<\/strong><\/p>\n\n\n\n<p>Le visioni accompagnano la vita di Nicolao della Fl\u00fce. Dorotea lo segue, anche se non comprende tutto. Sulla tomba del marito un messaggero la conforta dicendo, di aver visto Nicolao con la bandiera della vittoria in segno di compimento.<\/p>\n\n\n\n<p><\/p>\n<\/div>\n<\/div>\n\n\n\n<p>Opuscolo \u00abVia delle visioni\u00bb disponibile presso l\u2019ufficio pellegrinaggi di Sachseln.<\/p>\n\n\n\n<p class=\"has-text-align-left\">Passeggiata accompagnata\/visita guidata:<br>Luzia Maria Ledergerber, <a href=\"mailto:lml@herzbiografie.ch\">lml@herzbiografie.ch<\/a>, +41 (0)79 364 05 92<\/p>\n","protected":false},"excerpt":{"rendered":"<p>Via delle visioni Il sentiero di meditazione \u00abvia delle visioni\u00bb conduce da Fl\u00fceli-Ranft a Sachseln sul Bruderklausenweg (itinerario di SvizzeraMobile n. 571, Via Jacobi n. 4). Sei sculture in metallo, dell&#8217;artista obwaldese Andr\u00e9 Bucher, rappresentano cinque visioni che ebbe Nicolao della Fl\u00fce, e un evento di sua moglie Dorotea Wyss. Il percorso di meditazione inizia [&hellip;]<\/p>\n","protected":false},"author":3,"featured_media":1546,"parent":9604,"menu_order":290,"comment_status":"closed","ping_status":"closed","template":"","meta":{"_acf_changed":false,"footnotes":""},"acf":[],"_links":{"self":[{"href":"https:\/\/bruderklaus.com\/it\/wp-json\/wp\/v2\/pages\/9611"}],"collection":[{"href":"https:\/\/bruderklaus.com\/it\/wp-json\/wp\/v2\/pages"}],"about":[{"href":"https:\/\/bruderklaus.com\/it\/wp-json\/wp\/v2\/types\/page"}],"author":[{"embeddable":true,"href":"https:\/\/bruderklaus.com\/it\/wp-json\/wp\/v2\/users\/3"}],"replies":[{"embeddable":true,"href":"https:\/\/bruderklaus.com\/it\/wp-json\/wp\/v2\/comments?post=9611"}],"version-history":[{"count":1,"href":"https:\/\/bruderklaus.com\/it\/wp-json\/wp\/v2\/pages\/9611\/revisions"}],"predecessor-version":[{"id":9613,"href":"https:\/\/bruderklaus.com\/it\/wp-json\/wp\/v2\/pages\/9611\/revisions\/9613"}],"up":[{"embeddable":true,"href":"https:\/\/bruderklaus.com\/it\/wp-json\/wp\/v2\/pages\/9604"}],"wp:featuredmedia":[{"embeddable":true,"href":"https:\/\/bruderklaus.com\/it\/wp-json\/wp\/v2\/media\/1546"}],"wp:attachment":[{"href":"https:\/\/bruderklaus.com\/it\/wp-json\/wp\/v2\/media?parent=9611"}],"curies":[{"name":"wp","href":"https:\/\/api.w.org\/{rel}","templated":true}]}}