{"id":9555,"date":"2021-01-26T21:42:56","date_gmt":"2021-01-26T21:42:56","guid":{"rendered":"https:\/\/bruderklaus.com\/jakobsweg\/"},"modified":"2021-05-01T15:39:31","modified_gmt":"2021-05-01T13:39:31","slug":"jakobsweg","status":"publish","type":"page","link":"https:\/\/bruderklaus.com\/it\/orte-informationen\/pilgerwege\/jakobsweg\/","title":{"rendered":"Cammino di Santiago"},"content":{"rendered":"\n<h2 class=\"wp-block-heading\">Pellegrini sul cammino di Santiago<\/h2>\n\n\n\n<p>Il Cammino di Santiago fino alla tomba di San Giacomo a Santiago de Compostela, \u00e8 stato uno dei percorsi di pellegrinaggio pi\u00f9 frequentati fin dal Medioevo. Ancora oggi, persone con diverse motivazioni sono a piedi sulla strada per il sud-ovest della Spagna.<\/p>\n\n\n\n<p>Sachseln e Fl\u00fceli-Ranft, insieme a Einsiedeln, sono tra i pi\u00f9 importanti luoghi di pellegrinaggio lungo il Cammino di Santiago (Via Jacobi) attraverso la Svizzera.<\/p>\n\n\n\n<div class=\"wp-block-columns is-layout-flex wp-container-core-columns-layout-1 wp-block-columns-is-layout-flex\">\n<div class=\"wp-block-column is-layout-flow wp-block-column-is-layout-flow\">\n<figure class=\"wp-block-image size-large\"><img decoding=\"async\" width=\"520\" height=\"341\" src=\"https:\/\/bruderklaus.com\/wp-content\/uploads\/2021\/03\/bruder-klaus-und-jakobspilger.jpg1_.gif\" alt=\"\" class=\"wp-image-1704\"\/><\/figure>\n<\/div>\n\n\n\n<div class=\"wp-block-column is-layout-flow wp-block-column-is-layout-flow\">\n<p><strong><strong>Bruder Klaus e i pellegrini sul cammino di Santiago<\/strong><\/strong><\/p>\n\n\n\n<p>Quando nel XV secolo si seppe che nel Ranft viveva un uomo con una reputazione di santit\u00e0, anche i pellegrini (di San Giacomo) lo visitarono. Bruder Klaus, da buon ascoltatore, dava consigli ai pellegrini con parole semplici. Ampiamente descritta \u00e8 la visita del mercante sassone Hans Waltheym nel maggio del 1474, che annot\u00f2 la sua conversazione con Bruder Klaus nel suo diario di viaggio.<\/p>\n\n\n\n<p><\/p>\n<\/div>\n<\/div>\n\n\n\n<p>Dopo la morte di Bruder Klaus nel 1487, la sua tomba a Sachseln divenne un importante luogo di pellegrinaggio. Veniva visitata nella speranza di guarigione da malattie gravi. L\u2019impressionante guarigione di un pellegrino proveniente dalla Danimarca nel 1488 \u00e8 documentata nel registro di chiesa a Sachseln.<\/p>\n\n\n\n<div class=\"wp-block-columns is-layout-flex wp-container-core-columns-layout-2 wp-block-columns-is-layout-flex\">\n<div class=\"wp-block-column is-layout-flow wp-block-column-is-layout-flow\">\n<figure class=\"wp-block-image size-large\"><img decoding=\"async\" width=\"1024\" height=\"1007\" src=\"https:\/\/bruderklaus.com\/wp-content\/uploads\/2021\/03\/pilgerstempel00067411-1024x1007.jpg\" alt=\"\" class=\"wp-image-1700\" srcset=\"https:\/\/bruderklaus.com\/wp-content\/uploads\/2021\/03\/pilgerstempel00067411-1024x1007.jpg 1024w, https:\/\/bruderklaus.com\/wp-content\/uploads\/2021\/03\/pilgerstempel00067411.jpg 2008w, https:\/\/bruderklaus.com\/wp-content\/uploads\/2021\/03\/pilgerstempel00067411-300x295.jpg 300w, https:\/\/bruderklaus.com\/wp-content\/uploads\/2021\/03\/pilgerstempel00067411-768x755.jpg 768w, https:\/\/bruderklaus.com\/wp-content\/uploads\/2021\/03\/pilgerstempel00067411-1536x1510.jpg 1536w, https:\/\/bruderklaus.com\/wp-content\/uploads\/2021\/03\/pilgerstempel00067411-600x590.jpg 600w\" sizes=\"(max-width: 1024px) 100vw, 1024px\" \/><\/figure>\n<\/div>\n\n\n\n<div class=\"wp-block-column is-layout-flow wp-block-column-is-layout-flow\">\n<p><strong><strong>Timbro del pellegrino<\/strong><\/strong><\/p>\n\n\n\n<p>Nel 1999, per commemorare l\u2019anno del pellegrino di Santiago, l&#8217;artista Alois Spichtig di Sachseln, ha creato un timbro per il pellegrino, disponibile nei seguenti luoghi:<\/p>\n\n\n\n<p>a Sachseln: chiesa parrocchiale, ufficio pellegrinaggi, Museo Bruder Klaus<\/p>\n\n\n\n<p>a Fl\u00fceli-Ranft: ostello della giovent\u00f9, cappellania di Fl\u00fceli, casa di Nicolao e Dorotea (Wohnhaus)<\/p>\n\n\n\n<p>nel Ranft: al negozietto del Ranft<\/p>\n\n\n\n<p><strong>La Credenziale o \u201cpassaporto del pellegrino\u201d <\/strong>\u00e8 disponibile presso l\u2019ufficio pellegrinaggi di Sachseln<\/p>\n\n\n\n<p><a href=\"https:\/\/www.schweizmobil.ch\/de\/wanderland\/route\/etappe-01178.html\">Piu<\/a><\/p>\n<\/div>\n<\/div>\n\n\n\n<p><\/p>\n","protected":false},"excerpt":{"rendered":"<p>Pellegrini sul cammino di Santiago Il Cammino di Santiago fino alla tomba di San Giacomo a Santiago de Compostela, \u00e8 stato uno dei percorsi di pellegrinaggio pi\u00f9 frequentati fin dal Medioevo. Ancora oggi, persone con diverse motivazioni sono a piedi sulla strada per il sud-ovest della Spagna. Sachseln e Fl\u00fceli-Ranft, insieme a Einsiedeln, sono tra [&hellip;]<\/p>\n","protected":false},"author":3,"featured_media":2533,"parent":9604,"menu_order":280,"comment_status":"closed","ping_status":"closed","template":"","meta":{"_acf_changed":false,"footnotes":""},"acf":[],"_links":{"self":[{"href":"https:\/\/bruderklaus.com\/it\/wp-json\/wp\/v2\/pages\/9555"}],"collection":[{"href":"https:\/\/bruderklaus.com\/it\/wp-json\/wp\/v2\/pages"}],"about":[{"href":"https:\/\/bruderklaus.com\/it\/wp-json\/wp\/v2\/types\/page"}],"author":[{"embeddable":true,"href":"https:\/\/bruderklaus.com\/it\/wp-json\/wp\/v2\/users\/3"}],"replies":[{"embeddable":true,"href":"https:\/\/bruderklaus.com\/it\/wp-json\/wp\/v2\/comments?post=9555"}],"version-history":[{"count":2,"href":"https:\/\/bruderklaus.com\/it\/wp-json\/wp\/v2\/pages\/9555\/revisions"}],"predecessor-version":[{"id":9557,"href":"https:\/\/bruderklaus.com\/it\/wp-json\/wp\/v2\/pages\/9555\/revisions\/9557"}],"up":[{"embeddable":true,"href":"https:\/\/bruderklaus.com\/it\/wp-json\/wp\/v2\/pages\/9604"}],"wp:featuredmedia":[{"embeddable":true,"href":"https:\/\/bruderklaus.com\/it\/wp-json\/wp\/v2\/media\/2533"}],"wp:attachment":[{"href":"https:\/\/bruderklaus.com\/it\/wp-json\/wp\/v2\/media?parent=9555"}],"curies":[{"name":"wp","href":"https:\/\/api.w.org\/{rel}","templated":true}]}}