{"id":9546,"date":"2021-01-26T21:44:34","date_gmt":"2021-01-26T21:44:34","guid":{"rendered":"https:\/\/bruderklaus.com\/bruder-klaus-gebet-in-15-sprachen\/"},"modified":"2022-03-04T15:45:07","modified_gmt":"2022-03-04T14:45:07","slug":"bruder-klaus-gebet-in-15-sprachen","status":"publish","type":"page","link":"https:\/\/bruderklaus.com\/it\/niklaus-von-fluee-dorothee-wyss\/gebete\/bruder-klaus-gebet-in-15-sprachen\/","title":{"rendered":"Preghiera in 18 lingue"},"content":{"rendered":"\n<h2 class=\"wp-block-heading\" id=\"la-preghiera-di-bruder-klaus\"><strong>La preghiera di Bruder Klaus<\/strong><\/h2>\n\n\n\n<p>La preghiera di Bruder Klaus \u00e8 inseparabilmente legata al santo del Ranft. Non manca in nessuna chiesa o cappella a lui consacrata ed \u00e8 stata tradotta in innumerevoli lingue.<\/p>\n\n\n\n<p>Ecco le traduzioni a noi note. Questa collezione viene costantemente aggiornata.<\/p>\n\n\n\n<p><\/p>\n\n\n\n<div class=\"wp-block-columns is-layout-flex wp-container-core-columns-layout-1 wp-block-columns-is-layout-flex\">\n<div class=\"wp-block-column bk-blue is-layout-flow wp-block-column-is-layout-flow\">\n<p><em><em>Italiano<\/em><\/em><\/p>\n\n\n\n<h2 class=\"wp-block-heading\" id=\"preghiera-di-san-nicolao-della-flue-1\"><strong>Preghiera di San Nicolao della Fl\u00fce<\/strong><\/h2>\n\n\n\n<p>Mio Signore e mio Dio,<br>togli da me<br>tutto ci\u00f2 che mi allontana da Te.<\/p>\n\n\n\n<p>Mio Signore e mio Dio,<br>dammi tutto ci\u00f2<br>che mi conduce a Te.<\/p>\n\n\n\n<p>Mio Signore e mio Dio,<br>toglimi a me<br>e dammi tutto a Te.<\/p>\n<\/div>\n\n\n\n<div class=\"wp-block-column bk-blue is-layout-flow wp-block-column-is-layout-flow\">\n<p><em>Dialetto di Obvaldo<\/em><\/p>\n\n\n\n<h2 class=\"wp-block-heading\" id=\"gebat-vom-bruader-chlais\"><strong><strong>Geb\u00e4t vom Bru\u00e4der Chlais<\/strong><\/strong><\/h2>\n\n\n\n<p>Mi Herr und mi Gott,<br>nimm all\u00e4s vo mi\u00e4r,<br>was mich hinder\u00e4d zu di\u00e4r.<\/p>\n\n\n\n<p>Mi Herr und mi Gott,<br>gib all\u00e4s mi\u00e4r,<br>was mich fi\u00e4r\u00e4 tu\u00e4d zu di\u00e4r.<\/p>\n\n\n\n<p>Mi Herr und mi Gott,<br>nimm mich mi\u00e4r<br>und gib mich ganz zu eig\u00e4 di\u00e4r.<\/p>\n<\/div>\n<\/div>\n\n\n\n<div style=\"height:35px\" aria-hidden=\"true\" class=\"wp-block-spacer\"><\/div>\n\n\n\n<div class=\"wp-block-columns is-layout-flex wp-container-core-columns-layout-2 wp-block-columns-is-layout-flex\">\n<div class=\"wp-block-column bk-blue is-layout-flow wp-block-column-is-layout-flow\">\n<p><em><em>Tedesco<\/em><\/em><\/p>\n\n\n\n<h2 class=\"wp-block-heading\" id=\"bruder-klaus-gebet\"><strong><strong>Bruder Klaus Gebet<\/strong><\/strong><\/h2>\n\n\n\n<p>Mein Herr und mein Gott,<br>nimm alles von mir,<br>was mich hindert zu Dir.<\/p>\n\n\n\n<p>Mein Herr und mein Gott,<br>gib alles mir,<br>was mich f\u00f6rdert zu Dir.<\/p>\n\n\n\n<p>Mein Herr und mein Gott,<br>nimm mich mir<br>und gib mich ganz zu eigen Dir.<\/p>\n<\/div>\n\n\n\n<div class=\"wp-block-column bk-blue is-layout-flow wp-block-column-is-layout-flow\">\n<p><em><em>Francese<\/em><\/em><\/p>\n\n\n\n<h2 class=\"wp-block-heading\" id=\"preghiera-di-san-nicolao-della-flue\"><strong><strong>Pri\u00e8re de Saint Nicolas de Fl\u00fce&nbsp;<\/strong><\/strong><\/h2>\n\n\n\n<p>Mon Seigneur et mon Dieu,<br>prends-moi tout<br>ce qui m\u2019\u00e9loigne de Toi.<\/p>\n\n\n\n<p>Mon Seigneur et mon Dieu,<br>donne-moi tout<br>ce qui me rapproche de Toi.<\/p>\n\n\n\n<p>Mon Seigneur et mon Dieu,<br>d\u00e9tache-moi de moi-m\u00eame<br>pour me donner tout \u00e0 Toi.<\/p>\n<\/div>\n<\/div>\n\n\n\n<div style=\"height:35px\" aria-hidden=\"true\" class=\"wp-block-spacer\"><\/div>\n\n\n\n<div class=\"wp-block-columns is-layout-flex wp-container-core-columns-layout-3 wp-block-columns-is-layout-flex\">\n<div class=\"wp-block-column bk-blue is-layout-flow wp-block-column-is-layout-flow\">\n<p><em>Spagnolo<\/em><\/p>\n\n\n\n<h2 class=\"wp-block-heading\" id=\"la-oracion-del-hermano-klaus\"><strong>La oracion del Hermano Klaus&nbsp;<\/strong><\/h2>\n\n\n\n<p>\u00a1Se\u00f1or m\u00edo y Dios m\u00edo,<br>qu\u00edtame todo lo que<br>me aleja de ti!<\/p>\n\n\n\n<p>\u00a1Se\u00f1or m\u00edo y Dios m\u00edo,<br>dame todo lo que<br>me acerca a ti!<\/p>\n\n\n\n<p>\u00a1Se\u00f1or m\u00edo y Dios m\u00edo,<br>desp\u00f3jame de m\u00ed<br>mismo para darme todo a ti.<\/p>\n<\/div>\n\n\n\n<div class=\"wp-block-column bk-blue is-layout-flow wp-block-column-is-layout-flow\">\n<p><em>Inglese<\/em><\/p>\n\n\n\n<h2 class=\"wp-block-heading\" id=\"the-prayer-of-brother-klaus\"><strong>The prayer of Brother Klaus&nbsp;&nbsp;<\/strong><\/h2>\n\n\n\n<p>My Lord and my God,<br>take from me everything<br>that distances me from you.<\/p>\n\n\n\n<p>My Lord and my God,<br>give me everything<br>that brings me closer to you.<\/p>\n\n\n\n<p>My Lord and my God,<br>detach me from myself<br>to give my all to you.<\/p>\n<\/div>\n<\/div>\n\n\n\n<div style=\"height:35px\" aria-hidden=\"true\" class=\"wp-block-spacer\"><\/div>\n\n\n\n<div class=\"wp-block-columns is-layout-flex wp-container-core-columns-layout-4 wp-block-columns-is-layout-flex\">\n<div class=\"wp-block-column bk-blue is-layout-flow wp-block-column-is-layout-flow\">\n<p><em>Retoromanzo<\/em><\/p>\n\n\n\n<h2 class=\"wp-block-heading\" id=\"uraziun-dal-frar-cla-da-flue\"><strong>Uraziun dal frar Cl\u00e0 da Fl\u00fce&nbsp;<\/strong><\/h2>\n\n\n\n<p>Mes Segner, mes Dieu,<br>quai prenda da mai,<br>che m\u2019 separa da tai.<\/p>\n\n\n\n<p>Mes Segner, mes Dieu,<br>d\u00e0 tut a mai,<br>che ma maina tar tai.<\/p>\n\n\n\n<p>Mes Segner, mes Dieu,<br>o, prenda \u2018m da mai<br>e fa che jau saja dal tut en tai.<\/p>\n<\/div>\n\n\n\n<div class=\"wp-block-column bk-blue is-layout-flow wp-block-column-is-layout-flow\">\n<p><em>Portoghese (Brasile)<\/em><\/p>\n\n\n\n<h2 class=\"wp-block-heading\" id=\"oracao-do-irmao-nicolau-de-flue\"><strong>Ora\u00e7\u00e3o do irm\u00e3o Nicolau de Fl\u00fce &nbsp;<\/strong><\/h2>\n\n\n\n<p>Meu Senhor e meu Deus<br>tome tudo de mim,<br>que me impe\u00e7a ir a Voc\u00ea.<\/p>\n\n\n\n<p>Meu Senhor e meu Deus,<br>d\u00e1-me tudo,<br>que me leve a Voc\u00ea.<\/p>\n\n\n\n<p>Meu Senhor e meu Deus,<br>leve-me de mim mesmo<br>e me d\u00ea completamante a Voc\u00ea.<\/p>\n<\/div>\n<\/div>\n\n\n\n<div style=\"height:35px\" aria-hidden=\"true\" class=\"wp-block-spacer\"><\/div>\n\n\n\n<div class=\"wp-block-columns is-layout-flex wp-container-core-columns-layout-5 wp-block-columns-is-layout-flex\">\n<div class=\"wp-block-column bk-blue is-layout-flow wp-block-column-is-layout-flow\">\n<p><em>Portoghese (Portogallo)<\/em><\/p>\n\n\n\n<h2 class=\"wp-block-heading\" id=\"oracao-do-irmao-nicolau-de-flue\"><strong>Ora\u00e7\u00e3o do irm\u00e3o Nicolau de Fl\u00fce &nbsp;<\/strong><\/h2>\n\n\n\n<p>Meu Senhor e meu Deus<br>Tire tudo de mim,<br>que me impe\u00e7a &nbsp;ir at\u00e9 a ti.<\/p>\n\n\n\n<p>Meu Senhor e meu Deus,<br>d\u00e1-me tudo,<br>Que me leve a ti.<\/p>\n\n\n\n<p>Meu Senhor e meu Deus,<br>Leve-me de mim mesmo<br>E me d\u00ea completamente a ti.<\/p>\n<\/div>\n\n\n\n<div class=\"wp-block-column bk-blue is-layout-flow wp-block-column-is-layout-flow\">\n<p><em>Mandarino cinese<\/em><\/p>\n\n\n\n<h2 class=\"wp-block-heading\" id=\"\u514b\u52b3\u65af\u5144\u5f1f\u7977\u544a\"><strong>\u514b<\/strong><strong>\u52b3\u65af\u5144\u5f1f\u7977<\/strong><strong>\u544a<\/strong><\/h2>\n\n\n\n<p>\u6211\u7684\u4e3b\u6211\u7684\u795e<br>\u8bf7\u62ff\u8d70\u4e00\u5207<br>\u963b\u6b62\u6211\u53bb\u5230\u7962\u90a3\u91cc\u7684\u969c\u788d\u3002<\/p>\n\n\n\n<p>\u6211\u7684\u4e3b\u6211\u7684\u795e<br>\u8bf7\u7ed9\u6211\u6240\u6709\uff0c<br>\u63a8\u52a8\u6211\u53bb\u5230\u7962\u90a3\u91cc\u7684\u4e00\u5207\u3002<\/p>\n\n\n\n<p>\u6211\u7684\u4e3b\u6211\u7684\u795e<br>\u62ff\u8d70\u6211\u7684\u5e76\u7ed9\u4e88\u6211\uff0c<br>\u62ff\u8d70\u6211\u7684\u5e76\u7ed9\u4e88\u6211<\/p>\n<\/div>\n<\/div>\n\n\n\n<div style=\"height:35px\" aria-hidden=\"true\" class=\"wp-block-spacer\"><\/div>\n\n\n\n<div class=\"wp-block-columns is-layout-flex wp-container-core-columns-layout-6 wp-block-columns-is-layout-flex\">\n<div class=\"wp-block-column bk-blue is-layout-flow wp-block-column-is-layout-flow\">\n<p><em>Polacco<\/em><\/p>\n\n\n\n<h2 class=\"wp-block-heading\" id=\"modlitwa-brata-mikolaja-de-flue\"><strong>Modlitwa brata Miko\u0142aja de Fl\u00fce<\/strong><\/h2>\n\n\n\n<p>Panie m\u00f3j i Bo\u017ce m\u00f3j,<br>zabierz wszystko,<br>co mnie oddala od Ciebie.<\/p>\n\n\n\n<p>Panie m\u00f3j i Bo\u017ce m\u00f3j,<br>daj mi wszystko,<br>co mnie do Ciebie zbli\u017ca.<\/p>\n\n\n\n<p>Panie m\u00f3j i Bo\u017ce m\u00f3j,<br>odwi\u0105\u017c mnie ode mnie samego,<br>abym ca\u0142y odda\u0142 si\u0119 Tobie.<\/p>\n<\/div>\n\n\n\n<div class=\"wp-block-column bk-blue is-layout-flow wp-block-column-is-layout-flow\">\n<p><em>Slovacco<\/em><\/p>\n\n\n\n<h2 class=\"wp-block-heading\" id=\"tw-target-text\"><strong>Modlitba sv\u00e4t\u00e9ho Mikul\u00e1\u0161a z Fl\u00fce<\/strong><\/h2>\n\n\n\n<p>M\u00f4j P\u00e1n a m\u00f4j Boh,<br>odober mi v\u0161etko,<br>\u010do ma od Teba vz\u010fa\u013euje.<\/p>\n\n\n\n<p>M\u00f4j P\u00e1n a m\u00f4j Boh,<br>daj mi v\u0161etko,<br>\u010do ma k Tebe pribli\u017euje.<\/p>\n\n\n\n<p>M\u00f4j P\u00e1n a m\u00f4j Boh,<br>odp\u00fataj ma odo m\u0148a,<br>aby som sa Ti cel\u00fd odovzdal.<\/p>\n<\/div>\n<\/div>\n\n\n\n<div style=\"height:35px\" aria-hidden=\"true\" class=\"wp-block-spacer\"><\/div>\n\n\n\n<div class=\"wp-block-columns is-layout-flex wp-container-core-columns-layout-7 wp-block-columns-is-layout-flex\">\n<div class=\"wp-block-column bk-blue is-layout-flow wp-block-column-is-layout-flow\">\n<p><em>Ucraino<\/em><\/p>\n\n\n\n<h2 class=\"wp-block-heading\" id=\"\u043c\u043e\u043b\u0438\u0442\u0432\u0430-\u0431\u0440\u0430\u0442\u0430-\u043a\u043b\u0430\u0443\u0441\u0430\"><strong>\u0413\u043e\u0441\u043f\u043e\u0434\u044c \u043c\u0456\u0439 \u0456 \u0411\u043e\u0433 \u043c\u0456\u0439<\/strong><\/h2>\n\n\n\n<p>\u0413\u043e\u0441\u043f\u043e\u0434\u044c \u043c\u0456\u0439 \u0456 \u0411\u043e\u0433 \u043c\u0456\u0439<br>\u0430\u0431\u0435\u0440\u0438 \u0432\u0456\u0434 \u043c\u0435\u043d\u0435 \u0432\u0441\u0435,<br>\u0449\u043e \u043d\u0435 \u043f\u0443\u0441\u043a\u0430\u0454 \u043c\u0435\u043d\u0435 \u0431\u043b\u0438\u0436\u0447\u0435 \u0434\u043e \u0422\u0435\u0431\u0435<\/p>\n\n\n\n<p>\u0413\u043e\u0441\u043f\u043e\u0434\u044c \u043c\u0456\u0439 \u0456 \u0411\u043e\u0433 \u043c\u0456\u0439<br>\u0434\u0430\u0440\u0443\u0439 \u043c\u0435\u043d\u0456 \u0432\u0441\u0435<br>\u0449\u043e \u043d\u0430\u0431\u043b\u0438\u0436\u0430\u0454 \u043c\u0435\u043d\u0435 \u0434\u043e \u0422\u0435\u0431\u0435<\/p>\n\n\n\n<p>\u0413\u043e\u0441\u043f\u043e\u0434\u044c \u043c\u0456\u0439 \u0456 \u0411\u043e\u0433 \u043c\u0456\u0439<br>\u0417\u0430\u0431\u0435\u0440\u0438 \u043c\u0435\u043d\u0435 \u0432\u0456\u0434 \u043c\u0435\u043d\u0435<br>\u0406 \u0437\u0440\u043e\u0431\u0438 \u043c\u0435\u043d\u0435 \u0446\u0456\u043b\u043a\u043e\u0432\u0438\u0442\u043e \u0422\u0432\u043e\u0457\u043c.<\/p>\n\n\n\n<p><\/p>\n\n\n\n<p><\/p>\n\n\n\n<p><\/p>\n<\/div>\n\n\n\n<div class=\"wp-block-column bk-blue is-layout-flow wp-block-column-is-layout-flow\">\n<p><em><em>Russo<\/em><\/em><\/p>\n\n\n\n<h2 class=\"wp-block-heading\" id=\"\uc131-\ub2c8\ucf5c\ub77c\uc624-\ud3f0-\ud50c\ub93c\uc5d0\uc758-\uae30\ub3c4\">\u041c\u043e\u043b\u0438\u0442\u0432\u0430 \u0411\u0440\u0430\u0442\u0430 \u041a\u043b\u0430\u0443\u0441\u0430<\/h2>\n\n\n\n<p>\u0413\u043e\u0441\u043f\u043e\u0434\u044c \u043c\u043e\u0439 \u0438 \u0411\u043e\u0433 \u043c\u043e\u0439,<br>\u0432\u043e\u0437\u044c\u043c\u0438 \u0443 \u043c\u0435\u043d\u044f \u0432\u0441\u0451,<br>\u0447\u0442\u043e \u043c\u0435\u0448\u0430\u0435\u0442 \u0438\u0434\u0442\u0438 \u043a \u0422\u0435\u0431\u0435.<\/p>\n\n\n\n<p>\u0413\u043e\u0441\u043f\u043e\u0434\u044c \u043c\u043e\u0439 \u0438 \u0411\u043e\u0433 \u043c\u043e\u0439,<br>\u0434\u0430\u0439 \u043c\u043d\u0435 \u0432\u0441\u0451,<br>\u0447\u0442\u043e \u043f\u043e\u043c\u043e\u0436\u0435\u0442 \u0438\u0434\u0442\u0438 \u043a \u0422\u0435\u0431\u0435.<\/p>\n\n\n\n<p>\u0413\u043e\u0441\u043f\u043e\u0434\u044c \u043c\u043e\u0439 \u0438 \u0411\u043e\u0433 \u043c\u043e\u0439,<br>\u0432\u043e\u0437\u044c\u043c\u0438 \u043c\u0435\u043d\u044f \u0441\u0430\u043c\u043e\u0433\u043e<br>\u0438 \u0441\u0434\u0435\u043b\u0430\u0439 \u043c\u0435\u043d\u044f \u0422\u0432\u043e\u0438\u043c.<\/p>\n<\/div>\n<\/div>\n\n\n\n<div style=\"height:35px\" aria-hidden=\"true\" class=\"wp-block-spacer\"><\/div>\n\n\n\n<div class=\"wp-block-columns is-layout-flex wp-container-core-columns-layout-8 wp-block-columns-is-layout-flex\">\n<div class=\"wp-block-column bk-blue is-layout-flow wp-block-column-is-layout-flow\">\n<p><em>Armeno<\/em><\/p>\n\n\n\n<h2 class=\"wp-block-heading\" id=\"\u043c\u043e\u043b\u0438\u0442\u0432\u0430-\u0431\u0440\u0430\u0442\u0430-\u043a\u043b\u0430\u0443\u0441\u0430\">\u0535\u0572\u0562\u0561\u0575\u0580 \u0554\u056c\u0561\u0578\u0582\u057d\u056b \u0561\u0572\u0578\u0569\u0584\u0568<\/h2>\n\n\n\n<p>\u054e\u0565\u0580\u0581\u0580\u0578\u0582 \u0561\u0575\u0576 \u0562\u0578\u056c\u0578\u0580 \u0561\u0580\u0563\u0565\u056c\u0584\u0576\u0565\u0580\u0568<br>\u0578\u0580\u0568 \u057a\u0561\u057f\u0573\u0561\u057c \u056f\u0564\u0561\u057c\u0576\u0561\u0576 \u0570\u0565\u057c\u0561\u0576\u0561\u0574 \u0584\u0565\u0566\u0561\u0576\u056b\u0581\u0589<\/p>\n\n\n\n<p>\u054f\u0565\u0580 \u056b\u0574 \u0587 \u0531\u057d\u057f\u0582\u0561\u056e \u056b\u0574,<br>\u054f\u0578\u0582\u0580 \u056b\u0576\u0571 \u0561\u0575\u0576 \u0561\u0574\u0565\u0576\u0568,<br>\u0548\u0580 \u056b\u0576\u0571 \u056f\u0574\u0585\u057f\u0565\u0581\u0576\u056b \u0584\u0565\u0566\u0589<\/p>\n\n\n\n<p>\u054f\u0565\u0580 \u056b\u0574 \u0587 \u0531\u057d\u057f\u0582\u0561\u056e \u056b\u0574,<br>\u053b\u0576\u0571 \u0562\u0561\u056a\u0561\u0576\u056b\u0580 \u056b\u0576\u0571\u0561\u0576\u056b\u0581,<br>\u0587 \u0569\u0578\u0572 \u0561\u0574\u0562\u0578\u0572\u057b\u0578\u057e\u056b\u0576 \u057f\u0580\u0582\u0565\u0574 \u0584\u0565\u0566\u0589<\/p>\n<\/div>\n\n\n\n<div class=\"wp-block-column bk-blue is-layout-flow wp-block-column-is-layout-flow\">\n<p><em>Coreano<\/em><\/p>\n\n\n\n<h2 class=\"wp-block-heading\" id=\"\uc131-\ub2c8\ucf5c\ub77c\uc624-\ud3f0-\ud50c\ub93c\uc5d0\uc758-\uae30\ub3c4\">\uc131 \ub2c8\ucf5c\ub77c\uc624 \ud3f0 \ud50c\ub93c\uc5d0\uc758 \uae30\ub3c4<\/h2>\n\n\n\n<p>\uc800\uc758 \uc8fc\ub2d8, \uc800\uc758 \ud558\ub290\ub2d8,<br>\uc800\ub97c \ub2f9\uc2e0\uc73c\ub85c\ubd80\ud130 \uba40\uc5b4\uc9c0\uac8c \ud558\ub294 \ubaa8\ub4e0 \uac83\uc744 \uc81c\uac8c\uc11c \uac00\uc838\uac00\uc18c\uc11c.<\/p>\n\n\n\n<p>\uc800\uc758 \uc8fc\ub2d8, \uc800\uc758 \ud558\ub290\ub2d8,<br>\uc800\ub97c \ub2f9\uc2e0\uaed8 \ub2e4\uac00\uac00\uac8c \ud558\ub294 \ubaa8\ub4e0 \uac83\uc744 \uc81c\uac8c \ud5c8\ub77d\ud558\uc18c\uc11c.<\/p>\n\n\n\n<p>\uc800\uc758 \uc8fc\ub2d8, \uc800\uc758 \ud558\ub290\ub2d8,<br>\uc81c\uac00 \uc800\ub85c\ubd80\ud130 \ubc97\uc5b4\ub098 \uc628\uc804\ud788 \ub2f9\uc2e0\uc758 \uac83\uc774 \ub418\uac8c \ud558\uc18c\uc11c.<br>\uc544\uba58.<\/p>\n<\/div>\n<\/div>\n\n\n\n<div style=\"height:35px\" aria-hidden=\"true\" class=\"wp-block-spacer\"><\/div>\n\n\n\n<div class=\"wp-block-columns is-layout-flex wp-container-core-columns-layout-9 wp-block-columns-is-layout-flex\">\n<div class=\"wp-block-column bk-blue is-layout-flow wp-block-column-is-layout-flow\">\n<p><em>Arabo<\/em><\/p>\n\n\n\n<p>\u0631\u0628\u0651\u064a \u0648\u0625\u0644\u0647\u064a\u060c \u0627\u0646\u0632\u0639 \u0645\u0646\u0651\u064a \u0643\u0644\u0651 \u0645\u0627 \u064a\u0628\u0639\u062f\u0646\u064a \u0639\u0646\u0643<\/p>\n\n\n\n<p>\u0631\u0628\u0651\u064a \u0648\u0625\u0644\u0647\u064a\u060c \u0647\u0628\u0646\u064a \u0643\u0644\u0651 \u0645\u0627 \u064a\u0642\u0631\u0651\u0628\u0646\u064a \u0645\u0646\u0643<\/p>\n\n\n\n<p>\u0631\u0628\u0651\u064a \u0648\u0625\u0644\u0647\u064a\u060c \u062c\u0631\u062f\u0646\u064a \u0645\u0646 \u0630\u0627\u062a\u064a \u0644\u0643\u064a \u0623\u0643\u0648\u0646 \u0643\u0644\u064a \u0644\u0643<\/p>\n<\/div>\n\n\n\n<div class=\"wp-block-column bk-blue is-layout-flow wp-block-column-is-layout-flow\">\n<p><em>Persiano<\/em><\/p>\n\n\n\n<p class=\"has-text-align-right\">\u06cc \u0633\u0631\u0648\u0631 \u0648 \u0627\u06cc \u062e\u062f\u0627\u0648\u0646\u062f \u0645\u0646\u060c<br>\u0647\u0631 \u0622\u0646\u0686\u0647 \u0631\u0627 \u06a9\u0647 \u0628\u06cc\u0646 \u0645\u0646 \u0648 \u062a\u0648 \u0641\u0627\u0635\u0644\u0647 \u0645\u06cc \u0627\u0646\u062f\u0627\u0632\u062f \u0627\u0632 \u0645\u0646 \u062f\u0648\u0631 \u06a9\u0646.<br>\u06cc \u0633\u0631\u0648\u0631 \u0648 \u0627\u06cc \u062e\u062f\u0627\u0648\u0646\u062f \u0645\u0646\u060c<br>\u0647\u0631 \u0622\u0646\u0686\u0647 \u0631\u0627 \u06a9\u0647 \u0645\u0648\u062c\u0628 \u0646\u0632\u062f\u06cc\u06a9 \u062a\u0631 \u0634\u062f\u0646 \u0628\u0647 \u062a\u0648 \u0645\u06cc \u0634\u0648\u062f\u060c \u0628\u0647 \u0645\u0646 \u0639\u0637\u0627 \u0641\u0631\u0645\u0627<\/p>\n\n\n\n<p class=\"has-text-align-right\">\u06cc \u0633\u0631\u0648\u0631 \u0648 \u0627\u06cc \u062e\u062f\u0627\u0648\u0646\u062f \u0645\u0646\u060c<br>\u0645\u0631\u0627 \u0627\u0632 \u062e\u0648\u062f \u0631\u0647\u0627 \u0633\u0627\u0632 \u062a\u0627 \u062e\u0648\u062f \u0631\u0627 \u0628\u0627 \u062a\u0645\u0627\u0645 \u0648\u062c\u0648\u062f\u0645 \u0628\u0647 \u062a\u0648 \u062a\u0642\u062f\u06cc\u0645 \u0646\u0645\u0627\u06cc\u0645.\u062f\u0639\u0627\u06cc \u0628\u0631<br>\u0644\u0627\u0648\u0633<\/p>\n<\/div>\n<\/div>\n","protected":false},"excerpt":{"rendered":"<p>La preghiera di Bruder Klaus La preghiera di Bruder Klaus \u00e8 inseparabilmente legata al santo del Ranft. Non manca in nessuna chiesa o cappella a lui consacrata ed \u00e8 stata tradotta in innumerevoli lingue. Ecco le traduzioni a noi note. Questa collezione viene costantemente aggiornata. Italiano Preghiera di San Nicolao della Fl\u00fce Mio Signore e [&hellip;]<\/p>\n","protected":false},"author":3,"featured_media":1887,"parent":10921,"menu_order":90,"comment_status":"closed","ping_status":"closed","template":"","meta":{"_acf_changed":false,"footnotes":""},"acf":[],"_links":{"self":[{"href":"https:\/\/bruderklaus.com\/it\/wp-json\/wp\/v2\/pages\/9546"}],"collection":[{"href":"https:\/\/bruderklaus.com\/it\/wp-json\/wp\/v2\/pages"}],"about":[{"href":"https:\/\/bruderklaus.com\/it\/wp-json\/wp\/v2\/types\/page"}],"author":[{"embeddable":true,"href":"https:\/\/bruderklaus.com\/it\/wp-json\/wp\/v2\/users\/3"}],"replies":[{"embeddable":true,"href":"https:\/\/bruderklaus.com\/it\/wp-json\/wp\/v2\/comments?post=9546"}],"version-history":[{"count":6,"href":"https:\/\/bruderklaus.com\/it\/wp-json\/wp\/v2\/pages\/9546\/revisions"}],"predecessor-version":[{"id":15122,"href":"https:\/\/bruderklaus.com\/it\/wp-json\/wp\/v2\/pages\/9546\/revisions\/15122"}],"up":[{"embeddable":true,"href":"https:\/\/bruderklaus.com\/it\/wp-json\/wp\/v2\/pages\/10921"}],"wp:featuredmedia":[{"embeddable":true,"href":"https:\/\/bruderklaus.com\/it\/wp-json\/wp\/v2\/media\/1887"}],"wp:attachment":[{"href":"https:\/\/bruderklaus.com\/it\/wp-json\/wp\/v2\/media?parent=9546"}],"curies":[{"name":"wp","href":"https:\/\/api.w.org\/{rel}","templated":true}]}}