{"id":9537,"date":"2021-03-06T09:31:56","date_gmt":"2021-03-06T09:31:56","guid":{"rendered":"https:\/\/bruderklaus.com\/gebete-und-impulse\/"},"modified":"2024-01-04T09:16:26","modified_gmt":"2024-01-04T08:16:26","slug":"gebete-und-impulse","status":"publish","type":"page","link":"https:\/\/bruderklaus.com\/it\/niklaus-von-fluee-dorothee-wyss\/gebete\/gebete-und-impulse\/","title":{"rendered":"Preghiere e impulsi"},"content":{"rendered":"\n<h2 class=\"wp-block-heading\" id=\"preghiere-e-impulsi\"><strong>Preghiere e impulsi<\/strong><\/h2>\n\n\n\n<p><\/p>\n\n\n\n<p>Pregare. Dialogare con Dio. Ringraziare per i doni ricevuti, chiedere pi\u00f9 giustizia e pace, con parole proprie o con un impulso di preghiera. Fra\u2019 Nicolao e Dorotea sono punti di riferimento nello sconcerto dei nostri tempi. Vissero la pace di Dio.<\/p>\n\n\n\n<div class=\"wp-block-columns is-layout-flex wp-container-core-columns-layout-1 wp-block-columns-is-layout-flex\">\n<div class=\"wp-block-column bk-blue is-layout-flow wp-block-column-is-layout-flow\">\n<p><strong>La preghiera di Bruder Klaus<\/strong><\/p>\n\n\n\n<p>Mio Signore e mio Dio,<br>togli da me<br>tutto ci\u00f2 che mi allontana da Te.<\/p>\n\n\n\n<p>Mio Signore e mio Dio,<br>dammi tutto ci\u00f2<br>che mi conduce a Te.<\/p>\n\n\n\n<p>Mio Signore e mio Dio,<br>toglimi a me<br>e dammi tutto a Te.<\/p>\n\n\n\n<p>Amen.<\/p>\n\n\n\n<p><em>preghiera quotidiana di Bruder Klaus<\/em><\/p>\n\n\n\n<p>tradotto in altre <a href=\"https:\/\/bruderklaus.com\/niklaus-von-fluee-dorothee-wyss\/gebete\/bruder-klaus-gebet-in-15-sprachen\/\">lingue<\/a><\/p>\n<\/div>\n\n\n\n<div class=\"wp-block-column bk-blue is-layout-flow wp-block-column-is-layout-flow\">\n<p><strong>Eins sein mit dir, mein Herr und mein Gott<\/strong><\/p>\n\n\n\n<p>Wie Bruder Klaus und Dorothee<br>will ich mich sammeln,<br>mein Herr und mein Gott.<\/p>\n\n\n\n<p>Still geworden vor Dir<br>will ich ruhen in Dir.<\/p>\n\n\n\n<p>Ruhig geworden in Dir<br>will ich lauschen Deinem Wort.<\/p>\n\n\n\n<p>Um eins zu werden,<br>eins zu sein<br>und eins zu bleiben mit Dir<br>auf dem Weg,<br>den Du mir weist.<br>Amen.<\/p>\n\n\n\n<p><em>nach H.M. Burkard<\/em><\/p>\n<\/div>\n\n\n\n<div class=\"wp-block-column bk-blue is-layout-flow wp-block-column-is-layout-flow\">\n<p><strong>Flur und Fels, mein Herr und mein Gott<\/strong><\/p>\n\n\n\n<p>Flur und Fels<br>auf dem ich sicher steh\u2019 und baue.<\/p>\n\n\n\n<p>Klaus und \u00abSieger aus dem Volk\u00bb<br>der mir Mut gibt, mich einzumischen.<\/p>\n\n\n\n<p>Vision aus der Tiefe<br>die mich erhebt und leitet.<\/p>\n\n\n\n<p>Ratschlag aus der Stille<br>der mir die Richtung weist.<\/p>\n\n\n\n<p>Nahrung aus dem Brot des Lebens die meine Sehnsucht stillt.<\/p>\n\n\n\n<p>Mein Herr und mein Gott<br>gib mich ganz zu eigen dir.<\/p>\n<\/div>\n<\/div>\n\n\n\n<div style=\"height:50px\" aria-hidden=\"true\" class=\"wp-block-spacer\"><\/div>\n\n\n\n<div class=\"wp-block-columns is-layout-flex wp-container-core-columns-layout-2 wp-block-columns-is-layout-flex\">\n<div class=\"wp-block-column bk-blue is-layout-flow wp-block-column-is-layout-flow\">\n<p><strong>Friede ist in Gott<\/strong><\/p>\n\n\n\n<p>Gott, das Leben von Bruder Klaus leitet uns an, das Herz offen zu halten f\u00fcr dich und die Menschen. Ein Fenster seiner Zelle weist ins Innere der Kapelle, zu Deinem g\u00f6ttlichen Geheimnis. Das andere weist hinaus in die Welt zu den Menschen und zur Sch\u00f6pfung, die Du uns anvertraut hast.<\/p>\n\n\n\n<p>Bruder Klaus hat Vers\u00f6hnung gestiftet f\u00fcr viele Ratsuchende, f\u00fcr die Eidgenossenschaft und weit dar\u00fcber hinaus. \u00abIhr sollt einander gehorsam sein\u00bb und \u00abFriede ist allweg in Gott\u00bb sind seine Worte, die uns den Weg weisen.<\/p>\n\n\n\n<p>Treuer Gott, auf die F\u00fcrbitte von Bruder Klaus und seiner Frau Dorothee begleite uns mit Deinem Rat und Segen. Mache uns zu Werkzeugen des Friedens, offen f\u00fcr dich und die Menschen, durch Jesus Christus im heiligen Geist. Amen.<\/p>\n<\/div>\n\n\n\n<div class=\"wp-block-column bk-blue is-layout-flow wp-block-column-is-layout-flow\">\n<p><strong>Guter Gott<\/strong><\/p>\n\n\n\n<p>Guter Gott,<br>im H\u00f6ren auf Dich, hat der heilige Bruder Klaus<br>Familie und Besitz losgelassen,<br>um in der Einsamkeit f\u00fcr dich allein zu leben;<br>du aber hast ihn zu zum Ratgeber f\u00fcr viele<br>und zum Friedensstifter in scheinbar<br>unl\u00f6sbaren Konflikten gemacht.<\/p>\n\n\n\n<p>H\u00f6re auf seine F\u00fcrsprache:<\/p>\n\n\n\n<p>Nimm alles vor mir,<br>was mich trennt vor dir<br>und mache auch mich zu einem<br>Werkzeug deines Friedens.<\/p>\n\n\n\n<p>Darum bitte ich durch Jesus Christus.<br>Amen.<\/p>\n<\/div>\n<\/div>\n\n\n\n<div style=\"height:50px\" aria-hidden=\"true\" class=\"wp-block-spacer\"><\/div>\n\n\n\n<div class=\"wp-block-columns is-layout-flex wp-container-core-columns-layout-3 wp-block-columns-is-layout-flex\">\n<div class=\"wp-block-column bk-blue is-layout-flow wp-block-column-is-layout-flow\">\n<p><strong>La paix est en Dieu<\/strong><\/p>\n\n\n\n<p>Dieu de paix, nous te remercions pour le t\u00e9moignage de Saint Nicolas de Flue.<br>Il d\u2019a \u00e9cout\u00e9, toi et sa femme Doroth\u00e9e et a quitt\u00e9 sa famille et ses biens.<br>Jusqu\u2019\u00e0 son dernier jour il a v\u00e9cu dans le Ranft en je\u00fbnent et en priant.<br>C\u2019est l\u00e0 que tu as oeuvr\u00e9 en lui pour en faire un conseiller inspir\u00e9 et un artisan de paix.<br>Il savait que la paix est toujours en toi, \u00f4 Dieu, car tu es la paix!<br>Par son intercession nous te prions:<br>enl\u00e8ve de nous tout ce qui nous s\u00e9pare de toi, et fais de nous aussi des instruments de ta paix. Nous te le demandons par J\u00e9sus-Christ dans le Saint-Esprit. Amen.<\/p>\n\n\n\n<p><\/p>\n\n\n\n<p><\/p>\n<\/div>\n\n\n\n<div class=\"wp-block-column bk-blue is-layout-flow wp-block-column-is-layout-flow\">\n<p><strong>Friede ist in Gott<\/strong><\/p>\n\n\n\n<p>Gott des, Frieden, wir danken dir f\u00fcr das Lebenszeugnis des heiligen Bruder Klaus.<br>Er h\u00f6rte auf dich und seine Frau Dorothee und liess Familie und Besitz los.<br>Bis zu seinem Tod lebte er fastend und betend im Ranft.<br>Dort hast du ihn zu einem Ratgeber und Friedenstifter gemacht.<br>Er hat erkannt: Friede ist immer in dir, o Gott, denn du bist der Friede!<br>Wir bitten dich:<br>H\u00f6re auf seine F\u00fcrsprache. Nimm alles von uns, was uns trennt von dir, und mache auch uns zu Werkzeugen deines Friedens \u2013 durch Jesus Christus im Heiligen Geist. Amen.<\/p>\n\n\n\n<p><br><\/p>\n<\/div>\n<\/div>\n\n\n\n<div style=\"height:50px\" aria-hidden=\"true\" class=\"wp-block-spacer\"><\/div>\n\n\n\n<div class=\"wp-block-columns is-layout-flex wp-container-core-columns-layout-4 wp-block-columns-is-layout-flex\">\n<div class=\"wp-block-column bk-blue is-layout-flow wp-block-column-is-layout-flow\">\n<p>In der Mitte<br>bist du, Liebe<br>und ich strebe zu Dir<\/p>\n\n\n\n<p>In der Mitte<br>bist du, G\u00fcte<br>und ich strebe zu Dir<\/p>\n\n\n\n<p>In der Mitte<br>bist du, Kraft<br>und ich strebe zu Dir<\/p>\n\n\n\n<p>In der Mitte<br>bist du, Freude<br>und ich strebe zu Dir<\/p>\n\n\n\n<p>In der Mitte<br>bist du, Friede<br>und ich strebe zu Dir<\/p>\n\n\n\n<p>In der Mitte<br>bist du, Gerechtigkeit<br>und ich strebe zu Dir<\/p>\n\n\n\n<p>In der Mitte<br>bist du, Gott<br>und ich strebe zu Dir<\/p>\n\n\n\n<p><em>Anton Rotzetter<\/em><\/p>\n<\/div>\n\n\n\n<div class=\"wp-block-column bk-blue is-layout-flow wp-block-column-is-layout-flow\">\n<p><strong>Hinein \u2013 gewachsen<\/strong><br>Zwischen dem L\u00fcften der Betten und dem Lesen der Beeren<br>zwischen Kindern und K\u00e4lbern Webstuhl und Herd der K\u00e4lte den Vorrat angelegt<\/p>\n\n\n\n<p>Zwischen zerbeteten N\u00e4chten und zerfallenen Tr\u00e4umen<br>zwischen fragen und flehen sehnen und doch l\u00e4ngst wissen irgendeinen Weg gesucht<\/p>\n\n\n\n<p>Zwischen dem Gerede der Leute und dem Gest\u00fcrm der Gef\u00fchle<br>zwischen sorgen und ringen versuchen und versagen einander zu erreichen<br>in ein Ja hineingewachsen<\/p>\n\n\n\n<p>Zwischen alten Mustern und neuer N\u00e4he zwischen verlassen und verbunden<br>hoffen und glauben in die Freiheit entlassen<br>die Liebe<\/p>\n\n\n\n<p><em>Jacqueline Keune, Zeitschrift \u00abferment, Bruder Klaus 1\/2017\u00bb<\/em><\/p>\n<\/div>\n\n\n\n<div class=\"wp-block-column bk-blue is-layout-flow wp-block-column-is-layout-flow\">\n<p>von anfang an<br>erw\u00e4hlt<br>bereitet<br>dem licht ge\u00f6ffnet<br>die nacht ist gebrochen<br>ein stern<\/p>\n\n\n\n<p>still und bestimmt<br>auf tragendem grund<br>was immer geschieht<br>fest<br>wie der stein<\/p>\n\n\n\n<p>lebendige kraft<br>aus innerstem sein<br>gesalbt<br>gezeichnet<br>f\u00fcr immer<\/p>\n\n\n\n<p><\/p>\n\n\n\n<p><em>Margrit Spichtig-Nann,<\/em><br>aus <em>Erleuchtete Nacht<\/em><\/p>\n<\/div>\n<\/div>\n\n\n\n<div style=\"height:50px\" aria-hidden=\"true\" class=\"wp-block-spacer\"><\/div>\n\n\n\n<div class=\"wp-block-columns is-layout-flex wp-container-core-columns-layout-5 wp-block-columns-is-layout-flex\">\n<div class=\"wp-block-column bk-blue is-layout-flow wp-block-column-is-layout-flow\">\n<p><strong>Gebet von Papst Johannes Paul II am Grab von Bruder Klaus, 14. Juni 1984 (gek\u00fcrzt):<\/strong><\/p>\n\n\n\n<p>Mein Herr und mein Gott, in schwerer Zeit hast du den heiligen Bruder Klaus berufen, \u00abGewissen\u00bb der Mitb\u00fcrger zu sein und Frieden zu stiften. Dank deiner F\u00fchrung wurde die Ehe und Familie auf dem Fl\u00fceli zum Ort des Glaubens und des Gebetes.<\/p>\n\n\n\n<p>Dank deiner g\u00fctigen Vorsehung fand Bruder Klaus in Dorothee eine verst\u00e4ndige Gattin, die mit ihm um die Kraft gerungen und gebetet hat, deinem g\u00f6ttlichen Willen zu gehorchen.<\/p>\n\n\n\n<p>Du hast Dorothee berufen, an Stelle ihres Gatten die Verantwortung f\u00fcr Familie, Haus und Hof zu \u00fcbernehmen, damit der Weg des Heiligen frei werde f\u00fcr das Leben im Ranft, frei f\u00fcr das Gebet, frei f\u00fcr deinen Auftrag, Frieden zu stiften. Darum \u00f6ffnen wir uns deinem Geist.<\/p>\n\n\n\n<p>Mit dem Lieblingsgebet des heiligen Bruder Klaus bitten wir dich um den Frieden im eigenen Herzen und um den Frieden in der Welt:<\/p>\n\n\n\n<p>Mein Herr und mein Gott,<br>nimm alles von mir, was mich hindert zu dir.<\/p>\n\n\n\n<p>Mein Herr und mein Gott,<br>gib alles mir, was mich f\u00f6rdert zu dir.<\/p>\n\n\n\n<p>Mein Herr und mein Gott,<br>nimm mich mir und gib mich ganz zu eigen dir. Amen.<\/p>\n<\/div>\n<\/div>\n\n\n\n<div style=\"height:50px\" aria-hidden=\"true\" class=\"wp-block-spacer\"><\/div>\n\n\n\n<div class=\"wp-block-columns is-layout-flex wp-container-core-columns-layout-6 wp-block-columns-is-layout-flex\">\n<div class=\"wp-block-column bk-blue is-layout-flow wp-block-column-is-layout-flow\">\n<p><strong>Guter Gott,<\/strong><\/p>\n\n\n\n<p>dein Sohn gab sein Leben f\u00fcr die Menschen und ihre Sehnsucht nach Gerechtigkeit und Frieden.<br>Er \u00f6ffnete einen Ausweg aus der Spirale der Gewalt und des Vergeltens.<\/p>\n\n\n\n<p>Erbarme dich aller,<br>die Gedanken des Hasses in sich tragen und f\u00fchre sie zur Umkehr.<\/p>\n\n\n\n<p>Vor allem bitten wir f\u00fcr den Frieden<br>in jenem Teil der Erde, wo du Mensch geworden bist.<\/p>\n\n\n\n<p>Sende aus deinen Geist,<br>dass er uns alle st\u00e4rken m\u00f6ge, f\u00fcr Gerechtigkeit und Frieden einzustehen.<\/p>\n\n\n\n<p>So bitten wir, zusammen mit Bruder Klaus und Dorothee, mit Franziskus und allen Werkzeugen des Friedens. Amen.<\/p>\n<\/div>\n\n\n\n<div class=\"wp-block-column bk-blue is-layout-flow wp-block-column-is-layout-flow\">\n<p><strong>Guter Gott,<\/strong><\/p>\n\n\n\n<p>im H\u00f6ren auf Dich,<br>hat der heilige Bruder Klaus<br>Familie und Besitz losgelassen,<br>um in der Einsamkeit f\u00fcr dich allein zu leben;<br>du aber hast ihn zu zum Ratgeber f\u00fcr viele<br>und zum Friedensstifter in scheinbar<br>unl\u00f6sbaren Konflikten gemacht.<\/p>\n\n\n\n<p>H\u00f6re auf seine F\u00fcrsprache:<\/p>\n\n\n\n<p>Nimm alles vor mir,<br>was mich trennt vor dir<br>und mache auch mich zu einem <br>Werkzeug deines Friedens.<\/p>\n\n\n\n<p>Darum bitte ich durch Christus unseren Herrn.<br>Amen.<\/p>\n<\/div>\n<\/div>\n","protected":false},"excerpt":{"rendered":"<p>Preghiere e impulsi Pregare. Dialogare con Dio. Ringraziare per i doni ricevuti, chiedere pi\u00f9 giustizia e pace, con parole proprie o con un impulso di preghiera. Fra\u2019 Nicolao e Dorotea sono punti di riferimento nello sconcerto dei nostri tempi. Vissero la pace di Dio. La preghiera di Bruder Klaus Mio Signore e mio Dio,togli da [&hellip;]<\/p>\n","protected":false},"author":7,"featured_media":2157,"parent":10921,"menu_order":300,"comment_status":"closed","ping_status":"closed","template":"","meta":{"_acf_changed":false,"footnotes":""},"acf":[],"_links":{"self":[{"href":"https:\/\/bruderklaus.com\/it\/wp-json\/wp\/v2\/pages\/9537"}],"collection":[{"href":"https:\/\/bruderklaus.com\/it\/wp-json\/wp\/v2\/pages"}],"about":[{"href":"https:\/\/bruderklaus.com\/it\/wp-json\/wp\/v2\/types\/page"}],"author":[{"embeddable":true,"href":"https:\/\/bruderklaus.com\/it\/wp-json\/wp\/v2\/users\/7"}],"replies":[{"embeddable":true,"href":"https:\/\/bruderklaus.com\/it\/wp-json\/wp\/v2\/comments?post=9537"}],"version-history":[{"count":5,"href":"https:\/\/bruderklaus.com\/it\/wp-json\/wp\/v2\/pages\/9537\/revisions"}],"predecessor-version":[{"id":20046,"href":"https:\/\/bruderklaus.com\/it\/wp-json\/wp\/v2\/pages\/9537\/revisions\/20046"}],"up":[{"embeddable":true,"href":"https:\/\/bruderklaus.com\/it\/wp-json\/wp\/v2\/pages\/10921"}],"wp:featuredmedia":[{"embeddable":true,"href":"https:\/\/bruderklaus.com\/it\/wp-json\/wp\/v2\/media\/2157"}],"wp:attachment":[{"href":"https:\/\/bruderklaus.com\/it\/wp-json\/wp\/v2\/media?parent=9537"}],"curies":[{"name":"wp","href":"https:\/\/api.w.org\/{rel}","templated":true}]}}