{"id":9510,"date":"2021-01-26T21:42:56","date_gmt":"2021-01-26T21:42:56","guid":{"rendered":"https:\/\/bruderklaus.com\/alp-chlisterli\/"},"modified":"2021-04-30T19:39:11","modified_gmt":"2021-04-30T17:39:11","slug":"alp-chlisterli","status":"publish","type":"page","link":"https:\/\/bruderklaus.com\/it\/orte-informationen\/pilgerwege\/alp-chlisterli\/","title":{"rendered":"Alpe Chlisterli"},"content":{"rendered":"\n<h2 class=\"wp-block-heading\">Alpe Chlisterli<\/h2>\n\n\n\n<figure class=\"wp-block-image size-large\"><img decoding=\"async\" width=\"1024\" height=\"683\" src=\"https:\/\/bruderklaus.com\/wp-content\/uploads\/2021\/03\/Alp-Chlisterli-2-\u00a9-Bruder-Klaus-Sachseln-1-1024x683.jpg\" alt=\"\" class=\"wp-image-1738\" srcset=\"https:\/\/bruderklaus.com\/wp-content\/uploads\/2021\/03\/Alp-Chlisterli-2-\u00a9-Bruder-Klaus-Sachseln-1-1024x683.jpg 1024w, https:\/\/bruderklaus.com\/wp-content\/uploads\/2021\/03\/Alp-Chlisterli-2-\u00a9-Bruder-Klaus-Sachseln-1-300x200.jpg 300w, https:\/\/bruderklaus.com\/wp-content\/uploads\/2021\/03\/Alp-Chlisterli-2-\u00a9-Bruder-Klaus-Sachseln-1-768x512.jpg 768w, https:\/\/bruderklaus.com\/wp-content\/uploads\/2021\/03\/Alp-Chlisterli-2-\u00a9-Bruder-Klaus-Sachseln-1-1536x1024.jpg 1536w, https:\/\/bruderklaus.com\/wp-content\/uploads\/2021\/03\/Alp-Chlisterli-2-\u00a9-Bruder-Klaus-Sachseln-1.jpg 2048w, https:\/\/bruderklaus.com\/wp-content\/uploads\/2021\/03\/Alp-Chlisterli-2-\u00a9-Bruder-Klaus-Sachseln-1-600x400.jpg 600w\" sizes=\"(max-width: 1024px) 100vw, 1024px\" \/><\/figure>\n\n\n\n<p>Quando Nicolao della Fl\u00fce torn\u00f2 da Liestal, pass\u00f2 prima la notte nella sua stalla a Fl\u00fceli, poi si spost\u00f2 attraverso la Melchtal e si nascose sulla sua alpe Chlisterli. L\u00ec fu scoperto dai cacciatori e quindi si stabil\u00ec nel Ranft.<\/p>\n\n\n\n<p><strong>Sentiero di pellegrinaggio Fl\u00fceli &#8211; Melchtal &#8211; St\u00f6ckalp &#8211; Alp Chlisterli<\/strong><br>Questa \u00e8 probabilmente il percorso che ha preso anche Nicolao della Fl\u00fce.<\/p>\n\n\n\n<p><strong>St\u00f6ckalp &#8211; Alpe Chlisterli &#8211; St\u00f6ckalp<\/strong><br>Distanza di camminata 3,8 km, salita e discesa 300 m ciascuna, tempo di camminata circa 1 h 40 min<br>Dalla fermata dell&#8217;autobus 400 m sulla Fruttstrasse verso Obere St\u00f6ck, alla prima svolta a sinistra sul sentiero escursionistico verso nord.<br>Sul sentiero escursionistico attraverso lo Stockwald fino all&#8217;Alpe Chlisterli. Il ritorno a St\u00f6ckalp segue lo stesso percorso.<\/p>\n\n\n\n<p><a href=\"https:\/\/map.wanderland.ch\/?lang=de&amp;route=all&amp;bgLayer=pk&amp;resolution=1&amp;season=summer&amp;E=2663897&amp;N=1184074&amp;photos=yes&amp;trackId=4906722&amp;logo=yes&amp;layers=Wanderland\">Route<\/a><\/p>\n\n\n\n<p><strong>Cartine<\/strong><br>1 : 25\u2019000 Blatt 1190 \u2018Melchtal\u2019 oder 1 : 50\u2019000 Blatt 245 \u2018Stans\u2019<br>SchweizMobil > <a href=\"http:\/\/www.wanderland.ch\">www.wanderland.ch<\/a> oder swisstopo > <a href=\"http:\/\/www.map.geo.admin.ch\">www.map.geo.admin.ch<\/a>, Thema Geokatalog \u2013 Wanderwege<\/p>\n","protected":false},"excerpt":{"rendered":"<p>Alpe Chlisterli Quando Nicolao della Fl\u00fce torn\u00f2 da Liestal, pass\u00f2 prima la notte nella sua stalla a Fl\u00fceli, poi si spost\u00f2 attraverso la Melchtal e si nascose sulla sua alpe Chlisterli. L\u00ec fu scoperto dai cacciatori e quindi si stabil\u00ec nel Ranft. Sentiero di pellegrinaggio Fl\u00fceli &#8211; Melchtal &#8211; St\u00f6ckalp &#8211; Alp ChlisterliQuesta \u00e8 probabilmente [&hellip;]<\/p>\n","protected":false},"author":3,"featured_media":1721,"parent":9604,"menu_order":320,"comment_status":"closed","ping_status":"closed","template":"","meta":{"_acf_changed":false,"footnotes":""},"acf":[],"_links":{"self":[{"href":"https:\/\/bruderklaus.com\/it\/wp-json\/wp\/v2\/pages\/9510"}],"collection":[{"href":"https:\/\/bruderklaus.com\/it\/wp-json\/wp\/v2\/pages"}],"about":[{"href":"https:\/\/bruderklaus.com\/it\/wp-json\/wp\/v2\/types\/page"}],"author":[{"embeddable":true,"href":"https:\/\/bruderklaus.com\/it\/wp-json\/wp\/v2\/users\/3"}],"replies":[{"embeddable":true,"href":"https:\/\/bruderklaus.com\/it\/wp-json\/wp\/v2\/comments?post=9510"}],"version-history":[{"count":5,"href":"https:\/\/bruderklaus.com\/it\/wp-json\/wp\/v2\/pages\/9510\/revisions"}],"predecessor-version":[{"id":9518,"href":"https:\/\/bruderklaus.com\/it\/wp-json\/wp\/v2\/pages\/9510\/revisions\/9518"}],"up":[{"embeddable":true,"href":"https:\/\/bruderklaus.com\/it\/wp-json\/wp\/v2\/pages\/9604"}],"wp:featuredmedia":[{"embeddable":true,"href":"https:\/\/bruderklaus.com\/it\/wp-json\/wp\/v2\/media\/1721"}],"wp:attachment":[{"href":"https:\/\/bruderklaus.com\/it\/wp-json\/wp\/v2\/media?parent=9510"}],"curies":[{"name":"wp","href":"https:\/\/api.w.org\/{rel}","templated":true}]}}