{"id":9438,"date":"2021-01-26T21:42:56","date_gmt":"2021-01-26T21:42:56","guid":{"rendered":"https:\/\/bruderklaus.com\/flueeli-ranft\/wohnhaus\/"},"modified":"2022-04-24T17:13:46","modified_gmt":"2022-04-24T15:13:46","slug":"wohnhaus","status":"publish","type":"page","link":"https:\/\/bruderklaus.com\/it\/orte-informationen\/flueeli-ranft\/wohnhaus\/","title":{"rendered":"Casa di Nicolao e Dorotea"},"content":{"rendered":"\n<h2 class=\"wp-block-heading\"><strong><strong>La casa di Nicolao e Dorotea<\/strong><\/strong><\/h2>\n\n\n\n<p>Nicolao della Fl\u00fce costru\u00ec la casa sulla Schiblochmatte, intorno al 1445\/6, quando si accas\u00f2.<\/p>\n\n\n\n<p>Qui visse per vent\u2019anni, assieme a sua moglie Dorotea Wyss a ai dieci figli, fino al 16 di ottobre del 1467, quando part\u00ec pellegrino per ritirarsi, poco tempo dopo e vivere stabilmente da eremita nel Ranft. Dorotea e la famiglia continuarono invece a vivere in questa casa per altri 30 anni.<\/p>\n\n\n\n<div class=\"wp-block-columns is-layout-flex wp-container-core-columns-layout-1 wp-block-columns-is-layout-flex\">\n<div class=\"wp-block-column is-layout-flow wp-block-column-is-layout-flow\">\n<figure class=\"wp-block-image size-large\"><img decoding=\"async\" width=\"1024\" height=\"768\" src=\"https:\/\/bruderklaus.com\/wp-content\/uploads\/2021\/03\/img_3538-1024x768.jpg\" alt=\"\" class=\"wp-image-891\" srcset=\"https:\/\/bruderklaus.com\/wp-content\/uploads\/2021\/03\/img_3538-1024x768.jpg 1024w, https:\/\/bruderklaus.com\/wp-content\/uploads\/2021\/03\/img_3538.jpg 2560w, https:\/\/bruderklaus.com\/wp-content\/uploads\/2021\/03\/img_3538-300x225.jpg 300w, https:\/\/bruderklaus.com\/wp-content\/uploads\/2021\/03\/img_3538-768x576.jpg 768w, https:\/\/bruderklaus.com\/wp-content\/uploads\/2021\/03\/img_3538.jpg 2048w\" sizes=\"(max-width: 1024px) 100vw, 1024px\" \/><\/figure>\n<\/div>\n\n\n\n<div class=\"wp-block-column is-layout-flow wp-block-column-is-layout-flow\">\n<figure class=\"wp-block-image size-large\"><img decoding=\"async\" src=\"https:\/\/bruderklaus.com\/wp-content\/uploads\/2021\/03\/IMG_3536-1024x768.jpg\" alt=\"\" class=\"wp-image-5497\"\/><\/figure>\n<\/div>\n<\/div>\n\n\n\n<p>La casa fu ricostruita nel 1946 in concomitanza della canonizzazione e corrisponde, nella sua attuale forma, allo stato originale.<\/p>\n\n\n\n<p>Nel 2020, la residenza \u00e8 stata ufficialmente rinominata casa di Nicolao et Dorotea (Wohnhaus von Niklaus und Dorothee).<\/p>\n\n\n\n<p>Visite da aprile a ottobre.<br>Da novembre a marzo su richiesta.<\/p>\n\n\n<p><a class=\"c-btn-main\"  href=\"https:\/\/bruderklaus.com\/it\/orte-informationen\/anreise-oeffnungszeiten\/oeffnungszeiten\/\">Orari di apertura<\/a><\/p>\n\n\n<div class=\"wp-block-columns is-layout-flex wp-container-core-columns-layout-2 wp-block-columns-is-layout-flex\">\n<div class=\"wp-block-column is-layout-flow wp-block-column-is-layout-flow\" style=\"flex-basis:33.33%\">\n<figure class=\"wp-block-image size-large\"><img decoding=\"async\" src=\"https:\/\/bruderklaus.com\/wp-content\/uploads\/2021\/03\/Wohnhaus-NvF-u.-DW-Kueche-000276-\u00a9-Bruder-Klaus-Sachseln-1-1021x1024.jpg\" alt=\"\" class=\"wp-image-3142\"\/><\/figure>\n<\/div>\n\n\n\n<div class=\"wp-block-column is-layout-flow wp-block-column-is-layout-flow\" style=\"flex-basis:66.66%\">\n<h2 class=\"wp-block-heading\">La Cucina<\/h2>\n\n\n\n<p>Come ancor oggi \u00e8 consueto in una casa alpestre obvaldese, la cucina \u00e8 aperta fino a sotto il tetto per permettere al fumo di uscire dalla sommit\u00e0. Le conche per formaggi, la zangola, i cucchiai, le scodelle di legno e gli altri utensili furono regalati nel 1946 da contadini del vicinato.<\/p>\n<\/div>\n<\/div>\n\n\n\n<div class=\"wp-block-columns is-layout-flex wp-container-core-columns-layout-3 wp-block-columns-is-layout-flex\">\n<div class=\"wp-block-column is-layout-flow wp-block-column-is-layout-flow\">\n<hr class=\"wp-block-separator\"\/>\n<\/div>\n<\/div>\n\n\n\n<div class=\"wp-block-columns is-layout-flex wp-container-core-columns-layout-7 wp-block-columns-is-layout-flex\">\n<div class=\"wp-block-column is-layout-flow wp-block-column-is-layout-flow\" style=\"flex-basis:100%\">\n<div class=\"wp-block-columns is-layout-flex wp-container-core-columns-layout-5 wp-block-columns-is-layout-flex\">\n<div class=\"wp-block-column is-layout-flow wp-block-column-is-layout-flow\">\n<div class=\"wp-block-columns is-layout-flex wp-container-core-columns-layout-4 wp-block-columns-is-layout-flex\">\n<div class=\"wp-block-column is-layout-flow wp-block-column-is-layout-flow\" style=\"flex-basis:33.33%\">\n<figure class=\"wp-block-image size-large\"><img decoding=\"async\" src=\"https:\/\/bruderklaus.com\/wp-content\/uploads\/2021\/03\/000337-Ofen-Wohnstube-1-1024x644.jpg\" alt=\"\" class=\"wp-image-5500\"\/><\/figure>\n<\/div>\n\n\n\n<div class=\"wp-block-column is-layout-flow wp-block-column-is-layout-flow\" style=\"flex-basis:66.66%\">\n<h2 class=\"wp-block-heading\">Soggiorno<\/h2>\n\n\n\n<p>La stufa fa ricordare le notturne veglie di preghiera di Nicolao, cercatore di Dio. Qui pregava lunghe notti per trovare chiarezza nella sua vocazione. Nella profonda crisi esistenziale, qui pregava assieme alla moglie Dorotea per giungere a una decisione.<\/p>\n\n\n\n<p>Il figlio Hans viene citato nel registro parrocchiale: \u00abOgni notte, quando mi svegliavo, sentivo mio padre pregare; e questo sempre finch\u00e9 non and\u00f2 al Ranft\u00bb.<\/p>\n<\/div>\n<\/div>\n<\/div>\n<\/div>\n\n\n\n<div class=\"wp-block-columns is-layout-flex wp-container-core-columns-layout-6 wp-block-columns-is-layout-flex\">\n<div class=\"wp-block-column is-layout-flow wp-block-column-is-layout-flow\">\n<hr class=\"wp-block-separator\"\/>\n<\/div>\n<\/div>\n<\/div>\n<\/div>\n\n\n\n<div class=\"wp-block-columns is-layout-flex wp-container-core-columns-layout-9 wp-block-columns-is-layout-flex\">\n<div class=\"wp-block-column is-layout-flow wp-block-column-is-layout-flow\">\n<div class=\"wp-block-columns is-layout-flex wp-container-core-columns-layout-8 wp-block-columns-is-layout-flex\">\n<div class=\"wp-block-column is-layout-flow wp-block-column-is-layout-flow\" style=\"flex-basis:33.33%\">\n<figure class=\"wp-block-image size-large\"><img decoding=\"async\" src=\"https:\/\/bruderklaus.com\/wp-content\/uploads\/2021\/03\/WH_Eltern-Schlafgemach20180621_150507-1024x768.jpg\" alt=\"\" class=\"wp-image-5503\"\/><\/figure>\n<\/div>\n\n\n\n<div class=\"wp-block-column is-layout-flow wp-block-column-is-layout-flow\" style=\"flex-basis:66.66%\">\n<h2 class=\"wp-block-heading\"><strong>Camera da letto dei genitori<\/strong><\/h2>\n\n\n\n<p>Dietro il soggiorno c\u2019\u00e8 la camera da letto dei genitori e anche, a turno, del figlio pi\u00f9 piccolo.<\/p>\n\n\n\n<p>Le figlie e i figli pi\u00f9 grandi e il personale domestico dormivano al piano superiore, dove ci sono quattro camere. A quei tempi le persone dormivano per terra su sacchi di pula o di fogliame.<\/p>\n<\/div>\n<\/div>\n<\/div>\n<\/div>\n\n\n\n<div class=\"wp-block-columns is-layout-flex wp-container-core-columns-layout-12 wp-block-columns-is-layout-flex\">\n<div class=\"wp-block-column is-layout-flow wp-block-column-is-layout-flow\">\n<div class=\"wp-block-columns is-layout-flex wp-container-core-columns-layout-10 wp-block-columns-is-layout-flex\">\n<div class=\"wp-block-column is-layout-flow wp-block-column-is-layout-flow\">\n<hr class=\"wp-block-separator\"\/>\n<\/div>\n<\/div>\n\n\n\n<div class=\"wp-block-columns is-layout-flex wp-container-core-columns-layout-11 wp-block-columns-is-layout-flex\">\n<div class=\"wp-block-column is-layout-flow wp-block-column-is-layout-flow\" style=\"flex-basis:33.33%\">\n<figure class=\"wp-block-image size-large\"><img decoding=\"async\" src=\"https:\/\/bruderklaus.com\/wp-content\/uploads\/2021\/03\/Neubeschilderung-Wohnhaus-von-Niklaus-und-Dorothee-Copyright-Bruder-Klaus-SachselnDSC_0017-25-1-1024x678.jpg\" alt=\"\" class=\"wp-image-5506\"\/><\/figure>\n<\/div>\n\n\n\n<div class=\"wp-block-column is-layout-flow wp-block-column-is-layout-flow\" style=\"flex-basis:66.66%\">\n<h2 class=\"wp-block-heading\"><strong>Nouva segnaletica<\/strong><\/h2>\n\n\n\n<p>Nel 2020, la casa \u00e8 stata nuovamente segnalata come \u00ab&nbsp;Residenza di Nicolao e Dorotea&nbsp;\u00bb (Wohnhaus von Niklaus und Dorothee).<\/p>\n\n\n\n<p>\u00c8 la prima volta che Dorotea Wyss ha un segno visibile a Fl\u00fceli.<\/p>\n<\/div>\n<\/div>\n<\/div>\n<\/div>\n\n\n\n<div class=\"wp-block-columns is-layout-flex wp-container-core-columns-layout-13 wp-block-columns-is-layout-flex\">\n<div class=\"wp-block-column is-layout-flow wp-block-column-is-layout-flow\">\n<hr class=\"wp-block-separator\"\/>\n<\/div>\n<\/div>\n","protected":false},"excerpt":{"rendered":"<p>La casa di Nicolao e Dorotea Nicolao della Fl\u00fce costru\u00ec la casa sulla Schiblochmatte, intorno al 1445\/6, quando si accas\u00f2. Qui visse per vent\u2019anni, assieme a sua moglie Dorotea Wyss a ai dieci figli, fino al 16 di ottobre del 1467, quando part\u00ec pellegrino per ritirarsi, poco tempo dopo e vivere stabilmente da eremita nel [&hellip;]<\/p>\n","protected":false},"author":3,"featured_media":1358,"parent":9213,"menu_order":130,"comment_status":"closed","ping_status":"closed","template":"","meta":{"_acf_changed":false,"footnotes":""},"acf":[],"_links":{"self":[{"href":"https:\/\/bruderklaus.com\/it\/wp-json\/wp\/v2\/pages\/9438"}],"collection":[{"href":"https:\/\/bruderklaus.com\/it\/wp-json\/wp\/v2\/pages"}],"about":[{"href":"https:\/\/bruderklaus.com\/it\/wp-json\/wp\/v2\/types\/page"}],"author":[{"embeddable":true,"href":"https:\/\/bruderklaus.com\/it\/wp-json\/wp\/v2\/users\/3"}],"replies":[{"embeddable":true,"href":"https:\/\/bruderklaus.com\/it\/wp-json\/wp\/v2\/comments?post=9438"}],"version-history":[{"count":7,"href":"https:\/\/bruderklaus.com\/it\/wp-json\/wp\/v2\/pages\/9438\/revisions"}],"predecessor-version":[{"id":15911,"href":"https:\/\/bruderklaus.com\/it\/wp-json\/wp\/v2\/pages\/9438\/revisions\/15911"}],"up":[{"embeddable":true,"href":"https:\/\/bruderklaus.com\/it\/wp-json\/wp\/v2\/pages\/9213"}],"wp:featuredmedia":[{"embeddable":true,"href":"https:\/\/bruderklaus.com\/it\/wp-json\/wp\/v2\/media\/1358"}],"wp:attachment":[{"href":"https:\/\/bruderklaus.com\/it\/wp-json\/wp\/v2\/media?parent=9438"}],"curies":[{"name":"wp","href":"https:\/\/api.w.org\/{rel}","templated":true}]}}