{"id":9409,"date":"2021-01-26T21:50:17","date_gmt":"2021-01-26T21:50:17","guid":{"rendered":"https:\/\/bruderklaus.com\/seelsorge\/"},"modified":"2025-06-26T12:43:24","modified_gmt":"2025-06-26T10:43:24","slug":"seelsorge","status":"publish","type":"page","link":"https:\/\/bruderklaus.com\/it\/kontakt\/seelsorge\/","title":{"rendered":"Il cappellano del pellegrinaggio"},"content":{"rendered":"\n<h2 class=\"wp-block-heading\">Il cappellano del pellegrinaggio<\/h2>\n\n\n\n<p>Il cappellano Ernst Fuchs \u00e8 sempre a disposizione (per quanto possibile) per messe, informazioni, colloqui e per il sacramento della confessione.<\/p>\n\n\n\n<div class=\"wp-block-columns is-layout-flex wp-container-core-columns-layout-1 wp-block-columns-is-layout-flex\">\n<div class=\"wp-block-column is-layout-flow wp-block-column-is-layout-flow\" style=\"flex-basis:33.33%\">\n<figure class=\"wp-block-image size-large\"><img decoding=\"async\" width=\"1024\" height=\"994\" src=\"https:\/\/bruderklaus.com\/wp-content\/uploads\/2023\/02\/Fuchs_Ernst_2022-4-2-1024x994.jpg\" alt=\"\" class=\"wp-image-18000\" srcset=\"https:\/\/bruderklaus.com\/wp-content\/uploads\/2023\/02\/Fuchs_Ernst_2022-4-2-1024x994.jpg 1024w, https:\/\/bruderklaus.com\/wp-content\/uploads\/2023\/02\/Fuchs_Ernst_2022-4-2-300x291.jpg 300w, https:\/\/bruderklaus.com\/wp-content\/uploads\/2023\/02\/Fuchs_Ernst_2022-4-2-768x746.jpg 768w, https:\/\/bruderklaus.com\/wp-content\/uploads\/2023\/02\/Fuchs_Ernst_2022-4-2-1536x1491.jpg 1536w, https:\/\/bruderklaus.com\/wp-content\/uploads\/2023\/02\/Fuchs_Ernst_2022-4-2-600x582.jpg 600w, https:\/\/bruderklaus.com\/wp-content\/uploads\/2023\/02\/Fuchs_Ernst_2022-4-2.jpg 2048w\" sizes=\"(max-width: 1024px) 100vw, 1024px\" \/><\/figure>\n<\/div>\n\n\n\n<div class=\"wp-block-column is-layout-flow wp-block-column-is-layout-flow\" style=\"flex-basis:66.66%\">\n<p>Ernst Fuchs<br>Cappellano<br>Pilatusstrasse 12<br>6072 Sachseln<br>Svizzera<\/p>\n\n\n\n<p>Tel: +41 41 660 12 65<br><a href=\"mailto:kaplan@bruderklaus.com\">E-Mail<\/a><\/p>\n\n\n\n<p>Da maggio a ottobre, Ernst Fuchs si trova solitamente a Sachseln il gioved\u00ec, al Ranft il venerd\u00ec e la domenica pomeriggio. Da novembre a fine aprile, Ernst Fuchs si trova occasionalmente al Ranft o a Sachseln.<\/p>\n<\/div>\n<\/div>\n\n\n\n<div class=\"wp-block-columns is-layout-flex wp-container-core-columns-layout-2 wp-block-columns-is-layout-flex\">\n<div class=\"wp-block-column is-layout-flow wp-block-column-is-layout-flow\"><p><a class=\"c-btn-main\"  href=\"https:\/\/bruderklaus.com\/wp-content\/uploads\/2024\/12\/2024_Streiflichter_DE_v2.pdf\">Streiflichter 2024<\/a><\/p><\/div>\n\n\n\n<div class=\"wp-block-column is-layout-flow wp-block-column-is-layout-flow\"><p><a class=\"c-btn-main\"  target=\"_blank\"  href=\"https:\/\/bruderklaus.com\/wp-content\/uploads\/2024\/12\/2024_Streiflichter_DE_v3.pdf\">Streiflichter 2024<\/a><\/p><\/div>\n\n\n\n<div class=\"wp-block-column is-layout-flow wp-block-column-is-layout-flow\"><p><a class=\"c-btn-main\"  href=\"https:\/\/bruderklaus.com\/wp-content\/uploads\/2023\/10\/2023_Streiflichter_Teil-1_DE.pdf\">Streiflichter 2023<\/a><\/p><\/div>\n<\/div>\n\n\n\n<div class=\"wp-block-columns is-layout-flex wp-container-core-columns-layout-3 wp-block-columns-is-layout-flex\">\n<div class=\"wp-block-column is-layout-flow wp-block-column-is-layout-flow\">\n<p><strong>Uniti nella preghiera con San Nicolao della Flue &#8211; per la pace<\/strong><\/p>\n\n\n\n<p>Celebriamo la <strong>Messa di San Nicolao (Bruder-Klausen-Messe) nel gioved\u00ec alle 11:00 nella chiesa del pellegrinaggio di Sachseln<\/strong>. Portiamo davanti a Dio le nostre intenzioni personali e quelle delle persone che confidano nell&#8217;aiuto di San Nicolao della Fl\u00fce e di sua moglie Dorotea. Durante questa funzione preghiamo soprattutto per la pace nel nostro Paese e nel mondo.<\/p>\n\n\n\n<p>Se non potete unirvi alla preghiera sulla tomba del santo, saremo lieti se vi unirete a noi da lontano. Potete ispirarvi ai metodi di preghiera del santo del Ranft: meditare il Padre Nostro e l&#8217;Ave Maria con un rosario o un cordone di preghiera (<a href=\"https:\/\/bruderklaus.com\/it\/niklaus-von-fluee-dorothee-wyss\/gebete\/baetti\/\">B\u00e4tti<\/a>), approfondire la preghiera \u00abMio Signore e mio Dio\u00bb, contemplare l&#8217;immagine della meditazione. <a href=\"https:\/\/bruderklaus.com\/it\/niklaus-von-fluee-dorothee-wyss\/gebete\/\">Altri<\/a> suggerimenti per la preghiera.<\/p>\n\n\n\n<p><strong>\u00abGuter Gott, im H\u00f6ren auf Dich, hat der Heilige Bruder Klaus Familie und Besitz losgelassen, um in der Einsamkeit f\u00fcr dich allein zu leben; du aber hast ihn zu zum Ratgeber f\u00fcr viele und zum Friedensstifter gemacht. H\u00f6re auf seine F\u00fcrsprache: Nimm alles vor mir, was mich trennt von dir und mache auch mich zu einem Werkzeug deines Friedens. Amen\u00bb<\/strong> <em>(Adattato dalla preghiera quotidiana della Messa di Bruder Klaus)<\/em><\/p>\n\n\n\n<p>.<\/p>\n\n\n\n<p><strong>La pace \u00e8 in Dio<\/strong><\/p>\n\n\n\n<p><strong>Dio della pace, ti ringraziamo per la testimonianza di San Nicolao della Flue.<br>Ha dato ascolto a Te e alla sua sposa Dorotea e ha lasciato famiglia e beni.<br>Ha vissuto nel <em>Ranft<\/em> sino alla sua morte, digiunando e pregando.<br>\u00c8 l\u00ec che lo hai plasmato consigliere e operatore di pace.<br>Sapeva che la pace \u00e8 sempre in Te, o Dio, perch\u00e9 Tu sei la pace!<br>Ti preghiamo, ascolta la sua intercessione: <br>togli da noi tutto ci\u00f2 che ci divide da Te, e fa che anche noi diveniamo strumenti <br>della Tua pace \u2013 per Ges\u00f9 Cristo nello Spirito Santo. Amen<\/strong><\/p>\n\n\n\n<p>Coloro che possono essere presenti gioved\u00ec sono anche cordialmente invitati all&#8217;opportunit\u00e0 di discussione e confessione dalle 10:00 e all&#8217;impulso con benedizione alle 14:30 (selettivo), entrambi nella chiesa del pellegrinaggio a Sachseln.<\/p>\n<\/div>\n<\/div>\n","protected":false},"excerpt":{"rendered":"<p>Il cappellano del pellegrinaggio Il cappellano Ernst Fuchs \u00e8 sempre a disposizione (per quanto possibile) per messe, informazioni, colloqui e per il sacramento della confessione. Ernst FuchsCappellanoPilatusstrasse 126072 SachselnSvizzera Tel: +41 41 660 12 65E-Mail Da maggio a ottobre, Ernst Fuchs si trova solitamente a Sachseln il gioved\u00ec, al Ranft il venerd\u00ec e la domenica [&hellip;]<\/p>\n","protected":false},"author":3,"featured_media":1881,"parent":9784,"menu_order":30,"comment_status":"closed","ping_status":"closed","template":"","meta":{"_acf_changed":false,"footnotes":""},"acf":[],"_links":{"self":[{"href":"https:\/\/bruderklaus.com\/it\/wp-json\/wp\/v2\/pages\/9409"}],"collection":[{"href":"https:\/\/bruderklaus.com\/it\/wp-json\/wp\/v2\/pages"}],"about":[{"href":"https:\/\/bruderklaus.com\/it\/wp-json\/wp\/v2\/types\/page"}],"author":[{"embeddable":true,"href":"https:\/\/bruderklaus.com\/it\/wp-json\/wp\/v2\/users\/3"}],"replies":[{"embeddable":true,"href":"https:\/\/bruderklaus.com\/it\/wp-json\/wp\/v2\/comments?post=9409"}],"version-history":[{"count":45,"href":"https:\/\/bruderklaus.com\/it\/wp-json\/wp\/v2\/pages\/9409\/revisions"}],"predecessor-version":[{"id":22987,"href":"https:\/\/bruderklaus.com\/it\/wp-json\/wp\/v2\/pages\/9409\/revisions\/22987"}],"up":[{"embeddable":true,"href":"https:\/\/bruderklaus.com\/it\/wp-json\/wp\/v2\/pages\/9784"}],"wp:featuredmedia":[{"embeddable":true,"href":"https:\/\/bruderklaus.com\/it\/wp-json\/wp\/v2\/media\/1881"}],"wp:attachment":[{"href":"https:\/\/bruderklaus.com\/it\/wp-json\/wp\/v2\/media?parent=9409"}],"curies":[{"name":"wp","href":"https:\/\/api.w.org\/{rel}","templated":true}]}}