{"id":9382,"date":"2021-01-26T21:42:56","date_gmt":"2021-01-26T21:42:56","guid":{"rendered":"https:\/\/bruderklaus.com\/untere-ranftkapelle\/"},"modified":"2021-04-23T16:06:18","modified_gmt":"2021-04-23T14:06:18","slug":"untere-ranftkapelle","status":"publish","type":"page","link":"https:\/\/bruderklaus.com\/it\/orte-informationen\/ranft\/untere-ranftkapelle\/","title":{"rendered":"Cappella inferiore"},"content":{"rendered":"\n<h2 class=\"wp-block-heading\"><strong>La cappella inferiore del Ranft<\/strong><\/h2>\n\n\n\n<figure class=\"wp-block-image size-large\"><img decoding=\"async\" width=\"1024\" height=\"685\" src=\"https:\/\/bruderklaus.com\/wp-content\/uploads\/2021\/03\/untere-kapelledsc_0109-3-1024x685-1.jpg\" alt=\"\" class=\"wp-image-1550\" srcset=\"https:\/\/bruderklaus.com\/wp-content\/uploads\/2021\/03\/untere-kapelledsc_0109-3-1024x685-1.jpg 1024w, https:\/\/bruderklaus.com\/wp-content\/uploads\/2021\/03\/untere-kapelledsc_0109-3-1024x685-1-300x201.jpg 300w, https:\/\/bruderklaus.com\/wp-content\/uploads\/2021\/03\/untere-kapelledsc_0109-3-1024x685-1-768x514.jpg 768w, https:\/\/bruderklaus.com\/wp-content\/uploads\/2021\/03\/untere-kapelledsc_0109-3-1024x685-1-600x401.jpg 600w\" sizes=\"(max-width: 1024px) 100vw, 1024px\" \/><\/figure>\n\n\n\n<div class=\"wp-block-columns is-layout-flex wp-container-core-columns-layout-1 wp-block-columns-is-layout-flex\">\n<div class=\"wp-block-column is-layout-flow wp-block-column-is-layout-flow\" style=\"flex-basis:25%\"><\/div>\n\n\n\n<div class=\"wp-block-column is-layout-flow wp-block-column-is-layout-flow\" style=\"flex-basis:50%\"><\/div>\n\n\n\n<div class=\"wp-block-column is-layout-flow wp-block-column-is-layout-flow\" style=\"flex-basis:25%\"><\/div>\n<\/div>\n\n\n\n<div class=\"wp-block-columns is-layout-flex wp-container-core-columns-layout-2 wp-block-columns-is-layout-flex\">\n<div class=\"wp-block-column is-layout-flow wp-block-column-is-layout-flow\" style=\"flex-basis:33.33%\">\n<figure class=\"wp-block-image size-large\"><img decoding=\"async\" width=\"1024\" height=\"805\" src=\"https:\/\/bruderklaus.com\/wp-content\/uploads\/2021\/03\/orte_ranft_untere-kapelle_innen00006711-1024x805.jpg\" alt=\"\" class=\"wp-image-1864\" srcset=\"https:\/\/bruderklaus.com\/wp-content\/uploads\/2021\/03\/orte_ranft_untere-kapelle_innen00006711-1024x805.jpg 1024w, https:\/\/bruderklaus.com\/wp-content\/uploads\/2021\/03\/orte_ranft_untere-kapelle_innen00006711-300x236.jpg 300w, https:\/\/bruderklaus.com\/wp-content\/uploads\/2021\/03\/orte_ranft_untere-kapelle_innen00006711-768x604.jpg 768w, https:\/\/bruderklaus.com\/wp-content\/uploads\/2021\/03\/orte_ranft_untere-kapelle_innen00006711-1536x1208.jpg 1536w, https:\/\/bruderklaus.com\/wp-content\/uploads\/2021\/03\/orte_ranft_untere-kapelle_innen00006711.jpg 2048w, https:\/\/bruderklaus.com\/wp-content\/uploads\/2021\/03\/orte_ranft_untere-kapelle_innen00006711-600x472.jpg 600w\" sizes=\"(max-width: 1024px) 100vw, 1024px\" \/><\/figure>\n<\/div>\n\n\n\n<div class=\"wp-block-column is-layout-flow wp-block-column-is-layout-flow\" style=\"flex-basis:66.66%\">\n<p>Dopo la morte di Bruder Klaus il flusso dei pellegrini aument\u00f2. Cos\u00ec, nel 1501, fu costruita<br>questa cappella pi\u00f9 grande e \u2013 come la cappella superiore \u2013 dedicata alla Madonna, a Maria Maddalena, alla S. Croce e ai 10.000 martiri. La cappella rappresenta uno dei pi\u00f9 pregevoli esempi di architettura tardo gotica e all\u2019interno ospita ricchi affreschi decorativi.<\/p>\n\n\n\n<p>Le pitture nel coro risalgono all\u2019epoca della costruzione. Gli affreschi sulle pareti laterali, datati all\u2019inizio del 16\u00b0 secolo, rappresentano scene tratte dalla vita di Bruder Klaus e della passione di Cristo.<\/p>\n<\/div>\n<\/div>\n\n\n\n<div class=\"wp-block-columns is-layout-flex wp-container-core-columns-layout-3 wp-block-columns-is-layout-flex\">\n<div class=\"wp-block-column is-layout-flow wp-block-column-is-layout-flow\">\n<hr class=\"wp-block-separator\"\/>\n<\/div>\n<\/div>\n\n\n\n<div class=\"wp-block-columns is-layout-flex wp-container-core-columns-layout-4 wp-block-columns-is-layout-flex\">\n<div class=\"wp-block-column is-layout-flow wp-block-column-is-layout-flow\" style=\"flex-basis:33.33%\">\n<figure class=\"wp-block-image size-large\"><img decoding=\"async\" width=\"500\" height=\"409\" src=\"https:\/\/bruderklaus.com\/wp-content\/uploads\/2021\/03\/Ranft_untere-Kapelle_Fresko-000346-\u00a9-Bruder-Klaus-Sachseln.jpg\" alt=\"\" class=\"wp-image-3235\" srcset=\"https:\/\/bruderklaus.com\/wp-content\/uploads\/2021\/03\/Ranft_untere-Kapelle_Fresko-000346-\u00a9-Bruder-Klaus-Sachseln.jpg 500w, https:\/\/bruderklaus.com\/wp-content\/uploads\/2021\/03\/Ranft_untere-Kapelle_Fresko-000346-\u00a9-Bruder-Klaus-Sachseln-300x245.jpg 300w\" sizes=\"(max-width: 500px) 100vw, 500px\" \/><\/figure>\n<\/div>\n\n\n\n<div class=\"wp-block-column is-layout-flow wp-block-column-is-layout-flow\" style=\"flex-basis:66.66%\">\n<p>La parete posteriore \u00e8 ornata da un monumentale dipinto votivo nella tradizione degli ex-voto dipinti. Mostra superficialmente come la Svizzera sia stata risparmiata durante la prima guerra mondiale grazie all&#8217;intercessione di Bruder Klaus.<\/p>\n\n\n\n<p>Design: Robert Durrer<br>Realizzazione: Robert Durrer, Albert Hinter, Hans von Matt<br>al nome dell&#8217;Associazione popolare cattolica Svizzera<\/p>\n<\/div>\n<\/div>\n\n\n\n<div class=\"wp-block-columns is-layout-flex wp-container-core-columns-layout-5 wp-block-columns-is-layout-flex\"><\/div>\n","protected":false},"excerpt":{"rendered":"<p>La cappella inferiore del Ranft Dopo la morte di Bruder Klaus il flusso dei pellegrini aument\u00f2. Cos\u00ec, nel 1501, fu costruitaquesta cappella pi\u00f9 grande e \u2013 come la cappella superiore \u2013 dedicata alla Madonna, a Maria Maddalena, alla S. Croce e ai 10.000 martiri. La cappella rappresenta uno dei pi\u00f9 pregevoli esempi di architettura tardo [&hellip;]<\/p>\n","protected":false},"author":3,"featured_media":2335,"parent":9520,"menu_order":225,"comment_status":"closed","ping_status":"closed","template":"","meta":{"_acf_changed":false,"footnotes":""},"acf":[],"_links":{"self":[{"href":"https:\/\/bruderklaus.com\/it\/wp-json\/wp\/v2\/pages\/9382"}],"collection":[{"href":"https:\/\/bruderklaus.com\/it\/wp-json\/wp\/v2\/pages"}],"about":[{"href":"https:\/\/bruderklaus.com\/it\/wp-json\/wp\/v2\/types\/page"}],"author":[{"embeddable":true,"href":"https:\/\/bruderklaus.com\/it\/wp-json\/wp\/v2\/users\/3"}],"replies":[{"embeddable":true,"href":"https:\/\/bruderklaus.com\/it\/wp-json\/wp\/v2\/comments?post=9382"}],"version-history":[{"count":2,"href":"https:\/\/bruderklaus.com\/it\/wp-json\/wp\/v2\/pages\/9382\/revisions"}],"predecessor-version":[{"id":9384,"href":"https:\/\/bruderklaus.com\/it\/wp-json\/wp\/v2\/pages\/9382\/revisions\/9384"}],"up":[{"embeddable":true,"href":"https:\/\/bruderklaus.com\/it\/wp-json\/wp\/v2\/pages\/9520"}],"wp:featuredmedia":[{"embeddable":true,"href":"https:\/\/bruderklaus.com\/it\/wp-json\/wp\/v2\/media\/2335"}],"wp:attachment":[{"href":"https:\/\/bruderklaus.com\/it\/wp-json\/wp\/v2\/media?parent=9382"}],"curies":[{"name":"wp","href":"https:\/\/api.w.org\/{rel}","templated":true}]}}