{"id":9368,"date":"2021-01-26T21:45:10","date_gmt":"2021-01-26T21:45:10","guid":{"rendered":"https:\/\/bruderklaus.com\/ranftmobil\/"},"modified":"2021-07-04T16:45:57","modified_gmt":"2021-07-04T14:45:57","slug":"ranftmobil","status":"publish","type":"page","link":"https:\/\/bruderklaus.com\/it\/angebote-wallfahrt\/ranftmobil\/","title":{"rendered":"Ranft-Mobile"},"content":{"rendered":"\n<div class=\"wp-block-group is-layout-flow wp-block-group-is-layout-flow\"><div class=\"wp-block-group__inner-container\">\n<h2 class=\"wp-block-heading\" id=\"vehicule-electrique-accompagne\"><strong><strong><strong>V\u00e9hicule \u00e9lectrique accompagn\u00e9<\/strong><\/strong><\/strong><\/h2>\n\n\n\n<div class=\"wp-block-columns is-layout-flex wp-container-core-columns-layout-1 wp-block-columns-is-layout-flex\">\n<div class=\"wp-block-column is-layout-flow wp-block-column-is-layout-flow\" style=\"flex-basis:33.33%\">\n<figure class=\"wp-block-image size-large\"><img decoding=\"async\" width=\"1024\" height=\"966\" src=\"https:\/\/bruderklaus.com\/wp-content\/uploads\/2021\/03\/img_2363-rm2-aufwrts-beim-kreuz_geschn1-1024x966.jpg\" alt=\"\" class=\"wp-image-2254\" srcset=\"https:\/\/bruderklaus.com\/wp-content\/uploads\/2021\/03\/img_2363-rm2-aufwrts-beim-kreuz_geschn1-1024x966.jpg 1024w, https:\/\/bruderklaus.com\/wp-content\/uploads\/2021\/03\/img_2363-rm2-aufwrts-beim-kreuz_geschn1-300x283.jpg 300w, https:\/\/bruderklaus.com\/wp-content\/uploads\/2021\/03\/img_2363-rm2-aufwrts-beim-kreuz_geschn1-768x725.jpg 768w, https:\/\/bruderklaus.com\/wp-content\/uploads\/2021\/03\/img_2363-rm2-aufwrts-beim-kreuz_geschn1-1536x1450.jpg 1536w, https:\/\/bruderklaus.com\/wp-content\/uploads\/2021\/03\/img_2363-rm2-aufwrts-beim-kreuz_geschn1.jpg 2048w, https:\/\/bruderklaus.com\/wp-content\/uploads\/2021\/03\/img_2363-rm2-aufwrts-beim-kreuz_geschn1-600x566.jpg 600w\" sizes=\"(max-width: 1024px) 100vw, 1024px\" \/><\/figure>\n<\/div>\n\n\n\n<div class=\"wp-block-column is-layout-flow wp-block-column-is-layout-flow\" style=\"flex-basis:66.66%\">\n<p><strong>Ranft-Mobil<\/strong><\/p>\n\n\n\n<p>V\u00e9hicule \u00e9lectrique accompagn\u00e9 pour les personnes qui ne peuvent pas se rendre au Ranft par leurs propres moyens. <\/p>\n\n\n\n<p>Participation aux frais, r\u00e9servation \u00e0 l&#8217;avance. +41 41 670 30 30, <br>ranft-mobil.ch<\/p>\n\n\n\n<p><a href=\"https:\/\/ranft-mobil.ch\/index.php\">Inscription<\/a><\/p>\n<\/div>\n<\/div>\n<\/div><\/div>\n","protected":false},"excerpt":{"rendered":"","protected":false},"author":3,"featured_media":3495,"parent":9764,"menu_order":40,"comment_status":"closed","ping_status":"closed","template":"","meta":{"_acf_changed":false,"footnotes":""},"acf":[],"_links":{"self":[{"href":"https:\/\/bruderklaus.com\/it\/wp-json\/wp\/v2\/pages\/9368"}],"collection":[{"href":"https:\/\/bruderklaus.com\/it\/wp-json\/wp\/v2\/pages"}],"about":[{"href":"https:\/\/bruderklaus.com\/it\/wp-json\/wp\/v2\/types\/page"}],"author":[{"embeddable":true,"href":"https:\/\/bruderklaus.com\/it\/wp-json\/wp\/v2\/users\/3"}],"replies":[{"embeddable":true,"href":"https:\/\/bruderklaus.com\/it\/wp-json\/wp\/v2\/comments?post=9368"}],"version-history":[{"count":3,"href":"https:\/\/bruderklaus.com\/it\/wp-json\/wp\/v2\/pages\/9368\/revisions"}],"predecessor-version":[{"id":13180,"href":"https:\/\/bruderklaus.com\/it\/wp-json\/wp\/v2\/pages\/9368\/revisions\/13180"}],"up":[{"embeddable":true,"href":"https:\/\/bruderklaus.com\/it\/wp-json\/wp\/v2\/pages\/9764"}],"wp:featuredmedia":[{"embeddable":true,"href":"https:\/\/bruderklaus.com\/it\/wp-json\/wp\/v2\/media\/3495"}],"wp:attachment":[{"href":"https:\/\/bruderklaus.com\/it\/wp-json\/wp\/v2\/media?parent=9368"}],"curies":[{"name":"wp","href":"https:\/\/api.w.org\/{rel}","templated":true}]}}