{"id":9345,"date":"2021-01-26T21:42:56","date_gmt":"2021-01-26T21:42:56","guid":{"rendered":"https:\/\/bruderklaus.com\/pilgergottesdienste\/"},"modified":"2022-07-25T16:00:55","modified_gmt":"2022-07-25T14:00:55","slug":"pilgergottesdienste","status":"publish","type":"page","link":"https:\/\/bruderklaus.com\/it\/orte-informationen\/sachseln\/pilgergottesdienste\/","title":{"rendered":"Servizi per i pellegrini"},"content":{"rendered":"\n<h2 class=\"wp-block-heading\"><strong><strong>Servizi parrocchiali e di pellegrinaggio<\/strong><\/strong><\/h2>\n\n\n\n<p>Siete cordialmente invitati a partecipare alla celebrazione delle funzioni parrocchiali a Sachseln, a Fl\u00fceli e a Ranft.<br>Orari e luoghi di servizio: <a href=\"https:\/\/bruderklaus.com\/agenda\/\">Agenda<\/a><\/p>\n\n\n\n<div class=\"wp-block-columns is-layout-flex wp-container-core-columns-layout-1 wp-block-columns-is-layout-flex\">\n<div class=\"wp-block-column is-layout-flow wp-block-column-is-layout-flow\">\n<hr class=\"wp-block-separator has-css-opacity\"\/>\n<\/div>\n<\/div>\n\n\n\n<h2 class=\"wp-block-heading\">Cappellano di pellegrinaggio<\/h2>\n\n\n\n<p>Il cappellano \u00e8 disponibile per servizi, informazioni, colloqui e per il sacramento della confessione.<br><a href=\"https:\/\/bruderklaus.com\/it\/kontakt\/seelsorge\/\">Contatto<\/a><\/p>\n\n\n\n<p>Di solito lo si pu\u00f2 trovare da aprile a ottobre il venerd\u00ec nel Ranft e la domenica nella parrocchia e nella chiesa di pellegrinaggio di Sachseln e dintorni.<\/p>\n\n\n\n<hr class=\"wp-block-separator has-alpha-channel-opacity\"\/>\n\n\n\n<h2 class=\"wp-block-heading\"><strong><strong>Prenotazione dei servizi per i pellegrini<\/strong><\/strong><\/h2>\n\n\n\n<p>Le chiese e le cappelle sono a disposizione dei gruppi di pellegrini per le proprie funzioni, devozioni, impulsi, tempi di preghiera, ecc. Per i gruppi che non hanno un proprio sacerdote, il cappellano \u00e8 disponibile, se possibile. Informazioni e prenotazioni:<\/p>\n\n\n<p><a class=\"c-btn-main\"  href=\"https:\/\/bruderklaus.com\/fr\/wallfahrt\/\">Ufficio dei Pellegrini<\/a><\/p>\n\n\n<div class=\"wp-block-columns is-layout-flex wp-container-core-columns-layout-2 wp-block-columns-is-layout-flex\">\n<div class=\"wp-block-column is-layout-flow wp-block-column-is-layout-flow\">\n<hr class=\"wp-block-separator has-css-opacity\"\/>\n<\/div>\n<\/div>\n\n\n\n<div class=\"wp-block-columns is-layout-flex wp-container-core-columns-layout-3 wp-block-columns-is-layout-flex\">\n<div class=\"wp-block-column is-layout-flow wp-block-column-is-layout-flow\">\n<h2 class=\"wp-block-heading\"><strong><strong>Chiese e cappelle del luogo di pellegrinaggio<\/strong><\/strong><\/h2>\n<\/div>\n<\/div>\n\n\n\n<div class=\"wp-block-columns is-layout-flex wp-container-core-columns-layout-7 wp-block-columns-is-layout-flex\">\n<div class=\"wp-block-column is-layout-flow wp-block-column-is-layout-flow\">\n<div class=\"wp-block-columns is-layout-flex wp-container-core-columns-layout-4 wp-block-columns-is-layout-flex\">\n<div class=\"wp-block-column is-layout-flow wp-block-column-is-layout-flow\" style=\"flex-basis:33.33%\">\n<figure class=\"wp-block-image size-large\"><img decoding=\"async\" width=\"1024\" height=\"826\" src=\"https:\/\/bruderklaus.com\/wp-content\/uploads\/2021\/03\/orte_sachseln_pfarrkirche_innen000045-1-1024x826.jpg\" alt=\"\" class=\"wp-image-796\" srcset=\"https:\/\/bruderklaus.com\/wp-content\/uploads\/2021\/03\/orte_sachseln_pfarrkirche_innen000045-1-1024x826.jpg 1024w, https:\/\/bruderklaus.com\/wp-content\/uploads\/2021\/03\/orte_sachseln_pfarrkirche_innen000045-1-300x242.jpg 300w, https:\/\/bruderklaus.com\/wp-content\/uploads\/2021\/03\/orte_sachseln_pfarrkirche_innen000045-1-768x620.jpg 768w, https:\/\/bruderklaus.com\/wp-content\/uploads\/2021\/03\/orte_sachseln_pfarrkirche_innen000045-1-1536x1239.jpg 1536w, https:\/\/bruderklaus.com\/wp-content\/uploads\/2021\/03\/orte_sachseln_pfarrkirche_innen000045-1-600x484.jpg 600w, https:\/\/bruderklaus.com\/wp-content\/uploads\/2021\/03\/orte_sachseln_pfarrkirche_innen000045-1.jpg 2048w\" sizes=\"(max-width: 1024px) 100vw, 1024px\" \/><\/figure>\n<\/div>\n\n\n\n<div class=\"wp-block-column is-layout-flow wp-block-column-is-layout-flow\" style=\"flex-basis:66.66%\">\n<p><strong>Chiesa parrocchiale e di pellegrinaggio di Sachseln<\/strong><\/p>\n\n\n\n<p>La chiesa parrocchiale e di pellegrinaggio ospita la tomba di Bruder Klaus dal 1679.<br>La tavola di meditazione e i il saio indossato del santo si possono trovare qui.<\/p>\n\n\n\n<p>Capacit\u00e0: 500 persone \/ organo disponibile<\/p>\n<\/div>\n<\/div>\n\n\n\n<hr class=\"wp-block-separator has-css-opacity is-style-default\"\/>\n\n\n\n<div class=\"wp-block-columns is-layout-flex wp-container-core-columns-layout-5 wp-block-columns-is-layout-flex\">\n<div class=\"wp-block-column is-layout-flow wp-block-column-is-layout-flow\" style=\"flex-basis:33.33%\">\n<figure class=\"wp-block-image size-large\"><img decoding=\"async\" src=\"https:\/\/bruderklaus.com\/wp-content\/uploads\/2021\/03\/20180905_085623_v1-1024x634.jpg\" alt=\"\" class=\"wp-image-1089\"\/><\/figure>\n<\/div>\n\n\n\n<div class=\"wp-block-column is-layout-flow wp-block-column-is-layout-flow\" style=\"flex-basis:66.66%\">\n<p><strong>Cappella funeraria di Sachseln<\/strong><\/p>\n\n\n\n<p>Il primo luogo di sepoltura di Bruder Klaus fu nella cappella funeraria di oggi. La cappella \u00e8 annessa alla chiesa parrocchiale e di pellegrinaggio di Sachseln.<\/p>\n\n\n\n<p>Capacit\u00e0: 50 persone \/ senza organo<\/p>\n<\/div>\n<\/div>\n\n\n\n<hr class=\"wp-block-separator has-css-opacity is-style-default\"\/>\n\n\n\n<div class=\"wp-block-columns is-layout-flex wp-container-core-columns-layout-6 wp-block-columns-is-layout-flex\">\n<div class=\"wp-block-column is-layout-flow wp-block-column-is-layout-flow\" style=\"flex-basis:33.33%\">\n<figure class=\"wp-block-image size-large\"><img decoding=\"async\" src=\"https:\/\/bruderklaus.com\/wp-content\/uploads\/2021\/03\/6073_Flueeli_Kapelle-Karl-Borromaeus_geschn-1-1024x822.jpg\" alt=\"\" class=\"wp-image-2483\"\/><\/figure>\n<\/div>\n\n\n\n<div class=\"wp-block-column is-layout-flow wp-block-column-is-layout-flow\" style=\"flex-basis:66.66%\">\n<p><strong>Cappella del Fl\u00fceli<\/strong><\/p>\n\n\n\n<p>La cappella del Fl\u00fceli si trova sulla roccia (Fluo) che ha dato il nome al villaggio e a Niklaus von Fl\u00fce. La cappella fu consacrata a Carlo Borromeo nel 1618.<\/p>\n\n\n\n<p>Capacit\u00e0: 120 persone \/ organo disponibile<\/p>\n<\/div>\n<\/div>\n<\/div>\n<\/div>\n\n\n\n<hr class=\"wp-block-separator has-css-opacity is-style-default\"\/>\n\n\n\n<div class=\"wp-block-columns is-layout-flex wp-container-core-columns-layout-8 wp-block-columns-is-layout-flex\">\n<div class=\"wp-block-column is-layout-flow wp-block-column-is-layout-flow\" style=\"flex-basis:33.33%\">\n<figure class=\"wp-block-image size-large\"><img decoding=\"async\" width=\"1024\" height=\"768\" src=\"https:\/\/bruderklaus.com\/wp-content\/uploads\/2021\/03\/Feierplatz-1-\u00a9-Bruder-Klaus-Sachseln.jpg\" alt=\"\" class=\"wp-image-1238\" srcset=\"https:\/\/bruderklaus.com\/wp-content\/uploads\/2021\/03\/Feierplatz-1-\u00a9-Bruder-Klaus-Sachseln.jpg 1024w, https:\/\/bruderklaus.com\/wp-content\/uploads\/2021\/03\/Feierplatz-1-\u00a9-Bruder-Klaus-Sachseln-300x225.jpg 300w, https:\/\/bruderklaus.com\/wp-content\/uploads\/2021\/03\/Feierplatz-1-\u00a9-Bruder-Klaus-Sachseln-768x576.jpg 768w, https:\/\/bruderklaus.com\/wp-content\/uploads\/2021\/03\/Feierplatz-1-\u00a9-Bruder-Klaus-Sachseln-600x450.jpg 600w\" sizes=\"(max-width: 1024px) 100vw, 1024px\" \/><\/figure>\n<\/div>\n\n\n\n<div class=\"wp-block-column is-layout-flow wp-block-column-is-layout-flow\" style=\"flex-basis:66.66%\">\n<p><strong>Piazza delle celebrazioni Fl\u00fceli<\/strong><\/p>\n\n\n\n<p>La piazza delle celebrazioni ai piedi della roccia Fl\u00fceli (sotto la cappella Fl\u00fceli) progettato per la canonizzazione di Bruder Klaus nel 1947.<\/p>\n\n\n\n<p>Capacit\u00e0: circa 1.000 persone \/ numero limitato di panche e sedie pieghevoli \/ la zona dell&#8217;altare \u00e8 coperta.<\/p>\n<\/div>\n<\/div>\n\n\n\n<hr class=\"wp-block-separator has-css-opacity is-style-default\"\/>\n\n\n\n<div class=\"wp-block-columns is-layout-flex wp-container-core-columns-layout-9 wp-block-columns-is-layout-flex\">\n<div class=\"wp-block-column is-layout-flow wp-block-column-is-layout-flow\" style=\"flex-basis:33.33%\">\n<figure class=\"wp-block-image size-large\"><img decoding=\"async\" src=\"https:\/\/bruderklaus.com\/wp-content\/uploads\/2021\/03\/obere-ranftkapelle-innenraum1-1024x824.jpg\" alt=\"\" class=\"wp-image-1872\"\/><\/figure>\n<\/div>\n\n\n\n<div class=\"wp-block-column is-layout-flow wp-block-column-is-layout-flow\" style=\"flex-basis:66.66%\">\n<p><strong>Cappella superiore del Ranft<\/strong><\/p>\n\n\n\n<p>La cappella superiore del Ranft \u00e8 collegata alla cella eremitica di Bruder Klaus. Visse qui per quasi vent\u2019anni e mor\u00ec nel 1487.<\/p>\n\n\n\n<p>Capacit\u00e0: 50 persone \/ nessun organo disponibile \/ nessuna prenotazione possibile la domenica<\/p>\n<\/div>\n<\/div>\n\n\n\n<hr class=\"wp-block-separator has-css-opacity\"\/>\n\n\n\n<div class=\"wp-block-columns is-layout-flex wp-container-core-columns-layout-10 wp-block-columns-is-layout-flex\">\n<div class=\"wp-block-column is-layout-flow wp-block-column-is-layout-flow\" style=\"flex-basis:33.33%\">\n<figure class=\"wp-block-image size-large\"><img decoding=\"async\" width=\"1024\" height=\"680\" src=\"https:\/\/bruderklaus.com\/wp-content\/uploads\/2021\/03\/ranft-glise-infrieure-51-1024x680.jpg\" alt=\"\" class=\"wp-image-1857\" srcset=\"https:\/\/bruderklaus.com\/wp-content\/uploads\/2021\/03\/ranft-glise-infrieure-51-1024x680.jpg 1024w, https:\/\/bruderklaus.com\/wp-content\/uploads\/2021\/03\/ranft-glise-infrieure-51-300x199.jpg 300w, https:\/\/bruderklaus.com\/wp-content\/uploads\/2021\/03\/ranft-glise-infrieure-51-768x510.jpg 768w, https:\/\/bruderklaus.com\/wp-content\/uploads\/2021\/03\/ranft-glise-infrieure-51-1536x1020.jpg 1536w, https:\/\/bruderklaus.com\/wp-content\/uploads\/2021\/03\/ranft-glise-infrieure-51-600x398.jpg 600w, https:\/\/bruderklaus.com\/wp-content\/uploads\/2021\/03\/ranft-glise-infrieure-51.jpg 2048w\" sizes=\"(max-width: 1024px) 100vw, 1024px\" \/><\/figure>\n<\/div>\n\n\n\n<div class=\"wp-block-column is-layout-flow wp-block-column-is-layout-flow\" style=\"flex-basis:66.66%\">\n<p><strong>Cappella inferiore del Ranft<\/strong><\/p>\n\n\n\n<p>Dopo la morte di Bruder Klaus il flusso dei pellegrini aument\u00f2. Cos\u00ec, nel 1501, fu construita la pi\u00f9 grande cappella inferiore di Ranft. \u00c8 un gioiello tardo gotico, consacrato nel 1504.<\/p>\n\n\n\n<p>Capacit\u00e0: 140 persone \/ nessun organo disponibile<\/p>\n<\/div>\n<\/div>\n\n\n\n<hr class=\"wp-block-separator has-css-opacity\"\/>\n\n\n\n<div class=\"wp-block-columns is-layout-flex wp-container-core-columns-layout-11 wp-block-columns-is-layout-flex\">\n<div class=\"wp-block-column is-layout-flow wp-block-column-is-layout-flow\" style=\"flex-basis:33.33%\">\n<figure class=\"wp-block-image size-large\"><img decoding=\"async\" width=\"1024\" height=\"683\" src=\"https:\/\/bruderklaus.com\/wp-content\/uploads\/2021\/03\/Alp-Chlisterli-Kapelle-\u00a9-Bruder-Klaus-Sachseln-1-1024x683.jpg\" alt=\"\" class=\"wp-image-1558\" srcset=\"https:\/\/bruderklaus.com\/wp-content\/uploads\/2021\/03\/Alp-Chlisterli-Kapelle-\u00a9-Bruder-Klaus-Sachseln-1-1024x683.jpg 1024w, https:\/\/bruderklaus.com\/wp-content\/uploads\/2021\/03\/Alp-Chlisterli-Kapelle-\u00a9-Bruder-Klaus-Sachseln-1-300x200.jpg 300w, https:\/\/bruderklaus.com\/wp-content\/uploads\/2021\/03\/Alp-Chlisterli-Kapelle-\u00a9-Bruder-Klaus-Sachseln-1-768x512.jpg 768w, https:\/\/bruderklaus.com\/wp-content\/uploads\/2021\/03\/Alp-Chlisterli-Kapelle-\u00a9-Bruder-Klaus-Sachseln-1-1536x1025.jpg 1536w, https:\/\/bruderklaus.com\/wp-content\/uploads\/2021\/03\/Alp-Chlisterli-Kapelle-\u00a9-Bruder-Klaus-Sachseln-1-600x400.jpg 600w, https:\/\/bruderklaus.com\/wp-content\/uploads\/2021\/03\/Alp-Chlisterli-Kapelle-\u00a9-Bruder-Klaus-Sachseln-1.jpg 2048w\" sizes=\"(max-width: 1024px) 100vw, 1024px\" \/><\/figure>\n<\/div>\n\n\n\n<div class=\"wp-block-column is-layout-flow wp-block-column-is-layout-flow\" style=\"flex-basis:66.66%\">\n<p><strong>Cappella di montagna Chlisterli<\/strong><\/p>\n\n\n\n<p>La semplice cappella Chlisterli commemora Nicolao della Fl\u00fce, che si nascose qui dopo il suo ritorno da Liestal prima di andare al Ranft.<\/p>\n\n\n\n<p>Capacit\u00e0: 6 persone (interno) \/ nessuna connessione elettrica<\/p>\n<\/div>\n<\/div>\n\n\n\n<hr class=\"wp-block-separator has-css-opacity\"\/>\n\n\n\n<p>Per i servizi di pellegrinaggio nei dintorni (Melchtal, St. Niklausen, Stalden ecc.) l&#8217;ufficio pellegrinaggi organizza i contatti.<\/p>\n","protected":false},"excerpt":{"rendered":"<p>Servizi parrocchiali e di pellegrinaggio Siete cordialmente invitati a partecipare alla celebrazione delle funzioni parrocchiali a Sachseln, a Fl\u00fceli e a Ranft.Orari e luoghi di servizio: Agenda Cappellano di pellegrinaggio Il cappellano \u00e8 disponibile per servizi, informazioni, colloqui e per il sacramento della confessione.Contatto Di solito lo si pu\u00f2 trovare da aprile a ottobre il [&hellip;]<\/p>\n","protected":false},"author":3,"featured_media":1188,"parent":9623,"menu_order":80,"comment_status":"closed","ping_status":"closed","template":"","meta":{"_acf_changed":false,"footnotes":""},"acf":[],"_links":{"self":[{"href":"https:\/\/bruderklaus.com\/it\/wp-json\/wp\/v2\/pages\/9345"}],"collection":[{"href":"https:\/\/bruderklaus.com\/it\/wp-json\/wp\/v2\/pages"}],"about":[{"href":"https:\/\/bruderklaus.com\/it\/wp-json\/wp\/v2\/types\/page"}],"author":[{"embeddable":true,"href":"https:\/\/bruderklaus.com\/it\/wp-json\/wp\/v2\/users\/3"}],"replies":[{"embeddable":true,"href":"https:\/\/bruderklaus.com\/it\/wp-json\/wp\/v2\/comments?post=9345"}],"version-history":[{"count":9,"href":"https:\/\/bruderklaus.com\/it\/wp-json\/wp\/v2\/pages\/9345\/revisions"}],"predecessor-version":[{"id":16413,"href":"https:\/\/bruderklaus.com\/it\/wp-json\/wp\/v2\/pages\/9345\/revisions\/16413"}],"up":[{"embeddable":true,"href":"https:\/\/bruderklaus.com\/it\/wp-json\/wp\/v2\/pages\/9623"}],"wp:featuredmedia":[{"embeddable":true,"href":"https:\/\/bruderklaus.com\/it\/wp-json\/wp\/v2\/media\/1188"}],"wp:attachment":[{"href":"https:\/\/bruderklaus.com\/it\/wp-json\/wp\/v2\/media?parent=9345"}],"curies":[{"name":"wp","href":"https:\/\/api.w.org\/{rel}","templated":true}]}}