{"id":9294,"date":"2021-01-26T21:42:56","date_gmt":"2021-01-26T21:42:56","guid":{"rendered":"https:\/\/bruderklaus.com\/museum-bruder-klaus-2\/"},"modified":"2021-04-23T11:54:01","modified_gmt":"2021-04-23T09:54:01","slug":"museum-bruder-klaus-2","status":"publish","type":"page","link":"https:\/\/bruderklaus.com\/it\/orte-informationen\/sachseln\/museum-bruder-klaus-2\/","title":{"rendered":"Museo Bruder Klaus"},"content":{"rendered":"\n<h2 class=\"wp-block-heading\">Museo Bruder Klaus Sachseln<\/h2>\n\n\n\n<p>Nicolao della Fl\u00fce e Dorotea Wyss sono al centro del Museo Bruder Klaus Sachseln. Presentazioni audiovisive, musica e filmati, cos\u00ec come oggetti storici, offrono una variegata introduzione alla vita e al lavoro di queste personalit\u00e0 formative.<\/p>\n\n\n\n<p>Dal 1976 il museo si trova in una delle pi\u00f9 belle case di Obvaldo, la \u00ab&nbsp;Peter-Ignaz-von-Fl\u00fce-Haus&nbsp;\u00bb, diagonalmente di fronte alla chiesa. La casa e il giardino sono progettati in stile francese e sono stati in gran parte conservati nel loro stato originale.<\/p>\n\n\n\n<p>Museo aperto dalla Domenica delle Palme a Ognissanti<\/p>\n\n\n<p><a class=\"c-btn-main\"  href=\"https:\/\/museumbruderklaus.ch\/aktuell\">Museo Bruder Klaus<\/a><\/p>\n\n\n<div class=\"wp-block-columns is-layout-flex wp-container-core-columns-layout-2 wp-block-columns-is-layout-flex\">\n<div class=\"wp-block-column is-layout-flow wp-block-column-is-layout-flow\">\n<figure class=\"wp-block-image size-large\"><img decoding=\"async\" width=\"1024\" height=\"683\" src=\"https:\/\/bruderklaus.com\/wp-content\/uploads\/2021\/03\/angebote_fhrung-kombi_museum-und-pfarrkirche1-1024x683.jpg\" alt=\"\" class=\"wp-image-2821\" srcset=\"https:\/\/bruderklaus.com\/wp-content\/uploads\/2021\/03\/angebote_fhrung-kombi_museum-und-pfarrkirche1-1024x683.jpg 1024w, https:\/\/bruderklaus.com\/wp-content\/uploads\/2021\/03\/angebote_fhrung-kombi_museum-und-pfarrkirche1-300x200.jpg 300w, https:\/\/bruderklaus.com\/wp-content\/uploads\/2021\/03\/angebote_fhrung-kombi_museum-und-pfarrkirche1-768x512.jpg 768w, https:\/\/bruderklaus.com\/wp-content\/uploads\/2021\/03\/angebote_fhrung-kombi_museum-und-pfarrkirche1-1536x1024.jpg 1536w, https:\/\/bruderklaus.com\/wp-content\/uploads\/2021\/03\/angebote_fhrung-kombi_museum-und-pfarrkirche1.jpg 2048w, https:\/\/bruderklaus.com\/wp-content\/uploads\/2021\/03\/angebote_fhrung-kombi_museum-und-pfarrkirche1-600x400.jpg 600w\" sizes=\"(max-width: 1024px) 100vw, 1024px\" \/><\/figure>\n<\/div>\n\n\n\n<div class=\"wp-block-column is-layout-flow wp-block-column-is-layout-flow\">\n<figure class=\"wp-block-image size-large\"><img decoding=\"async\" width=\"1024\" height=\"787\" src=\"https:\/\/bruderklaus.com\/wp-content\/uploads\/2021\/03\/Museum-Bruder-Klaus_Stammbaumgross_Detail_04-1024x787.jpg\" alt=\"\" class=\"wp-image-4158\" srcset=\"https:\/\/bruderklaus.com\/wp-content\/uploads\/2021\/03\/Museum-Bruder-Klaus_Stammbaumgross_Detail_04-1024x787.jpg 1024w, https:\/\/bruderklaus.com\/wp-content\/uploads\/2021\/03\/Museum-Bruder-Klaus_Stammbaumgross_Detail_04-300x231.jpg 300w, https:\/\/bruderklaus.com\/wp-content\/uploads\/2021\/03\/Museum-Bruder-Klaus_Stammbaumgross_Detail_04-768x590.jpg 768w, https:\/\/bruderklaus.com\/wp-content\/uploads\/2021\/03\/Museum-Bruder-Klaus_Stammbaumgross_Detail_04-1536x1181.jpg 1536w, https:\/\/bruderklaus.com\/wp-content\/uploads\/2021\/03\/Museum-Bruder-Klaus_Stammbaumgross_Detail_04.jpg 2048w, https:\/\/bruderklaus.com\/wp-content\/uploads\/2021\/03\/Museum-Bruder-Klaus_Stammbaumgross_Detail_04-600x461.jpg 600w\" sizes=\"(max-width: 1024px) 100vw, 1024px\" \/><\/figure>\n\n\n\n<div class=\"wp-block-columns is-layout-flex wp-container-core-columns-layout-1 wp-block-columns-is-layout-flex\">\n<div class=\"wp-block-column is-layout-flow wp-block-column-is-layout-flow\"><\/div>\n<\/div>\n<\/div>\n\n\n\n<div class=\"wp-block-column is-layout-flow wp-block-column-is-layout-flow\">\n<figure class=\"wp-block-image size-large\"><img decoding=\"async\" width=\"1024\" height=\"683\" src=\"https:\/\/bruderklaus.com\/wp-content\/uploads\/2021\/03\/Statue-Hugo-Imfeld_DSC3812_Bild-Michael-Meier-1024x683.jpg\" alt=\"\" class=\"wp-image-1138\" srcset=\"https:\/\/bruderklaus.com\/wp-content\/uploads\/2021\/03\/Statue-Hugo-Imfeld_DSC3812_Bild-Michael-Meier-1024x683.jpg 1024w, https:\/\/bruderklaus.com\/wp-content\/uploads\/2021\/03\/Statue-Hugo-Imfeld_DSC3812_Bild-Michael-Meier-300x200.jpg 300w, https:\/\/bruderklaus.com\/wp-content\/uploads\/2021\/03\/Statue-Hugo-Imfeld_DSC3812_Bild-Michael-Meier-768x512.jpg 768w, https:\/\/bruderklaus.com\/wp-content\/uploads\/2021\/03\/Statue-Hugo-Imfeld_DSC3812_Bild-Michael-Meier-1536x1024.jpg 1536w, https:\/\/bruderklaus.com\/wp-content\/uploads\/2021\/03\/Statue-Hugo-Imfeld_DSC3812_Bild-Michael-Meier.jpg 2048w, https:\/\/bruderklaus.com\/wp-content\/uploads\/2021\/03\/Statue-Hugo-Imfeld_DSC3812_Bild-Michael-Meier-600x400.jpg 600w\" sizes=\"(max-width: 1024px) 100vw, 1024px\" \/><\/figure>\n<\/div>\n<\/div>\n\n\n\n<div class=\"wp-block-columns is-layout-flex wp-container-core-columns-layout-3 wp-block-columns-is-layout-flex\">\n<div class=\"wp-block-column is-layout-flow wp-block-column-is-layout-flow\">\n<hr class=\"wp-block-separator\"\/>\n<\/div>\n<\/div>\n\n\n\n<div class=\"wp-block-columns is-layout-flex wp-container-core-columns-layout-4 wp-block-columns-is-layout-flex\">\n<div class=\"wp-block-column is-layout-flow wp-block-column-is-layout-flow\">\n<figure class=\"wp-block-image size-large\"><a href=\"https:\/\/bruderklaus.com\/wp-content\/uploads\/2022\/04\/208_DSC00974_klein_Dorothee_K.Kiser_.jpg\"><img decoding=\"async\" width=\"1024\" height=\"683\" src=\"https:\/\/bruderklaus.com\/wp-content\/uploads\/2022\/04\/208_DSC00974_klein_Dorothee_K.Kiser_-1024x683.jpg\" alt=\"\" class=\"wp-image-15882\" srcset=\"https:\/\/bruderklaus.com\/wp-content\/uploads\/2022\/04\/208_DSC00974_klein_Dorothee_K.Kiser_-1024x683.jpg 1024w, https:\/\/bruderklaus.com\/wp-content\/uploads\/2022\/04\/208_DSC00974_klein_Dorothee_K.Kiser_-300x200.jpg 300w, https:\/\/bruderklaus.com\/wp-content\/uploads\/2022\/04\/208_DSC00974_klein_Dorothee_K.Kiser_-768x512.jpg 768w, https:\/\/bruderklaus.com\/wp-content\/uploads\/2022\/04\/208_DSC00974_klein_Dorothee_K.Kiser_-1536x1024.jpg 1536w, https:\/\/bruderklaus.com\/wp-content\/uploads\/2022\/04\/208_DSC00974_klein_Dorothee_K.Kiser_-600x400.jpg 600w, https:\/\/bruderklaus.com\/wp-content\/uploads\/2022\/04\/208_DSC00974_klein_Dorothee_K.Kiser_.jpg 2048w\" sizes=\"(max-width: 1024px) 100vw, 1024px\" \/><\/a><\/figure>\n<\/div>\n\n\n\n<div class=\"wp-block-column is-layout-flow wp-block-column-is-layout-flow\">\n<h2 class=\"wp-block-heading\">Dorothee Statue<\/h2>\n\n\n\n<p>Die Dorothee Statue beim Kirchturm von Sachseln wurde 1991 vom Luzerner Bildhauer Rolf Brem im Auftrag der katholischen B\u00e4uerinnen geschaffen. Der Standort befindet sich in der N\u00e4he des vermuteten Grabes von Dorothee Wyss.<\/p>\n\n\n\n<p>Papst Johannes Paul II nannte Dorothee Wyss 1984 bei seinem Besuch am Grab von Bruder Klaus von Fl\u00fce \u00abeine heiligm\u00e4ssige Frau\u00bb.<\/p>\n<\/div>\n<\/div>\n\n\n\n<div class=\"wp-block-columns is-layout-flex wp-container-core-columns-layout-5 wp-block-columns-is-layout-flex\">\n<div class=\"wp-block-column is-layout-flow wp-block-column-is-layout-flow\"><\/div>\n<\/div>\n\n\n\n<p><\/p>\n","protected":false},"excerpt":{"rendered":"<p>Museo Bruder Klaus Sachseln Nicolao della Fl\u00fce e Dorotea Wyss sono al centro del Museo Bruder Klaus Sachseln. Presentazioni audiovisive, musica e filmati, cos\u00ec come oggetti storici, offrono una variegata introduzione alla vita e al lavoro di queste personalit\u00e0 formative. Dal 1976 il museo si trova in una delle pi\u00f9 belle case di Obvaldo, la [&hellip;]<\/p>\n","protected":false},"author":3,"featured_media":2463,"parent":9623,"menu_order":70,"comment_status":"closed","ping_status":"closed","template":"","meta":{"_acf_changed":false,"footnotes":""},"acf":[],"_links":{"self":[{"href":"https:\/\/bruderklaus.com\/it\/wp-json\/wp\/v2\/pages\/9294"}],"collection":[{"href":"https:\/\/bruderklaus.com\/it\/wp-json\/wp\/v2\/pages"}],"about":[{"href":"https:\/\/bruderklaus.com\/it\/wp-json\/wp\/v2\/types\/page"}],"author":[{"embeddable":true,"href":"https:\/\/bruderklaus.com\/it\/wp-json\/wp\/v2\/users\/3"}],"replies":[{"embeddable":true,"href":"https:\/\/bruderklaus.com\/it\/wp-json\/wp\/v2\/comments?post=9294"}],"version-history":[{"count":2,"href":"https:\/\/bruderklaus.com\/it\/wp-json\/wp\/v2\/pages\/9294\/revisions"}],"predecessor-version":[{"id":9297,"href":"https:\/\/bruderklaus.com\/it\/wp-json\/wp\/v2\/pages\/9294\/revisions\/9297"}],"up":[{"embeddable":true,"href":"https:\/\/bruderklaus.com\/it\/wp-json\/wp\/v2\/pages\/9623"}],"wp:featuredmedia":[{"embeddable":true,"href":"https:\/\/bruderklaus.com\/it\/wp-json\/wp\/v2\/media\/2463"}],"wp:attachment":[{"href":"https:\/\/bruderklaus.com\/it\/wp-json\/wp\/v2\/media?parent=9294"}],"curies":[{"name":"wp","href":"https:\/\/api.w.org\/{rel}","templated":true}]}}