{"id":9264,"date":"2021-03-15T21:25:09","date_gmt":"2021-03-15T21:25:09","guid":{"rendered":"https:\/\/bruderklaus.com\/moesli\/"},"modified":"2026-04-17T10:54:48","modified_gmt":"2026-04-17T08:54:48","slug":"moesli","status":"publish","type":"page","link":"https:\/\/bruderklaus.com\/it\/orte-informationen\/weitere-orte\/moesli\/","title":{"rendered":"Cappella M\u00f6sli"},"content":{"rendered":"\n<h2 class=\"wp-block-heading\"><strong>La cappella M\u00f6sli di Bruder Ulrich<\/strong><\/h2>\n\n\n\n<div class=\"wp-block-columns is-layout-flex wp-container-core-columns-layout-1 wp-block-columns-is-layout-flex\">\n<div class=\"wp-block-column is-layout-flow wp-block-column-is-layout-flow\" style=\"flex-basis:33.33%\">\n<figure class=\"wp-block-image size-large\"><img decoding=\"async\" width=\"1280\" height=\"956\" src=\"https:\/\/bruderklaus.com\/wp-content\/uploads\/2021\/03\/Moesli-2_Bild-Evi-R..jpg\" alt=\"\" class=\"wp-image-3883\" srcset=\"https:\/\/bruderklaus.com\/wp-content\/uploads\/2021\/03\/Moesli-2_Bild-Evi-R..jpg 1280w, https:\/\/bruderklaus.com\/wp-content\/uploads\/2021\/03\/Moesli-2_Bild-Evi-R.-300x224.jpg 300w, https:\/\/bruderklaus.com\/wp-content\/uploads\/2021\/03\/Moesli-2_Bild-Evi-R.-1024x765.jpg 1024w, https:\/\/bruderklaus.com\/wp-content\/uploads\/2021\/03\/Moesli-2_Bild-Evi-R.-768x574.jpg 768w, https:\/\/bruderklaus.com\/wp-content\/uploads\/2021\/03\/Moesli-2_Bild-Evi-R.-600x448.jpg 600w\" sizes=\"(max-width: 1280px) 100vw, 1280px\" \/><\/figure>\n<\/div>\n\n\n\n<div class=\"wp-block-column is-layout-flow wp-block-column-is-layout-flow\" style=\"flex-basis:66.66%\">\n<p>La cappella del M\u00f6sli \u00e8 uno degli edifici tardo-medievali pi\u00f9 notevoli dell&#8217;Unterwaldo. Nel 1469, Fratello Ulrich (Bruder Ulrich), un prete proveniente da Memmingen, si stabil\u00ec, con il consenso di Nicolao della Flue, nel Ranft sul versante di Kerns. La cappella M\u00f6sli venne costruita nel 1484. All&#8217;interno: ciclo di affreschi del XVI secolo e dipinti su tavola del XVIII secolo con raffigurazioni tratte dalla vita di Fratello Ulrich, cos\u00ec come una delle, presumibilmente, prime raffigurazioni di Dorotea Wyss.<\/p>\n\n\n\n<p>La cappella M\u00f6sli venne costruita da Bruder Ulrich nel 1484 e pi\u00f9 tardi \u00e8 stata consacrata ai Santi Bartolomeo, Michele e Anna.<\/p>\n\n\n\n<p><\/p>\n\n\n<p><a class=\"c-btn-main\"  href=\"https:\/\/2021.bruderklaus.com\/produkt\/kapelle-st-niklausen-und-kapelle-moesli\/\">Kapelle St. Niklausen und Kapelle M\u00f6sli<\/a><\/p><\/div>\n<\/div>\n\n\n\n<div class=\"wp-block-columns is-layout-flex wp-container-core-columns-layout-2 wp-block-columns-is-layout-flex\">\n<div class=\"wp-block-column is-layout-flow wp-block-column-is-layout-flow\">\n<figure class=\"wp-block-image size-large\"><img decoding=\"async\" width=\"1723\" height=\"2037\" src=\"https:\/\/bruderklaus.com\/wp-content\/uploads\/2021\/03\/Dorothee_moesli_4.jpg\" alt=\"\" class=\"wp-image-3895\" srcset=\"https:\/\/bruderklaus.com\/wp-content\/uploads\/2021\/03\/Dorothee_moesli_4.jpg 1723w, https:\/\/bruderklaus.com\/wp-content\/uploads\/2021\/03\/Dorothee_moesli_4-254x300.jpg 254w, https:\/\/bruderklaus.com\/wp-content\/uploads\/2021\/03\/Dorothee_moesli_4-866x1024.jpg 866w, https:\/\/bruderklaus.com\/wp-content\/uploads\/2021\/03\/Dorothee_moesli_4-768x908.jpg 768w, https:\/\/bruderklaus.com\/wp-content\/uploads\/2021\/03\/Dorothee_moesli_4-1299x1536.jpg 1299w, https:\/\/bruderklaus.com\/wp-content\/uploads\/2021\/03\/Dorothee_moesli_4-600x709.jpg 600w\" sizes=\"(max-width: 1723px) 100vw, 1723px\" \/><\/figure>\n\n\n\n<p><\/p>\n<\/div>\n\n\n\n<div class=\"wp-block-column is-layout-flow wp-block-column-is-layout-flow\">\n<figure class=\"wp-block-image size-large\"><img decoding=\"async\" width=\"1013\" height=\"1024\" src=\"https:\/\/bruderklaus.com\/wp-content\/uploads\/2026\/04\/moesli-kapelle-innen000069-1013x1024.jpg\" alt=\"\" class=\"wp-image-25260\" srcset=\"https:\/\/bruderklaus.com\/wp-content\/uploads\/2026\/04\/moesli-kapelle-innen000069-1013x1024.jpg 1013w, https:\/\/bruderklaus.com\/wp-content\/uploads\/2026\/04\/moesli-kapelle-innen000069-297x300.jpg 297w, https:\/\/bruderklaus.com\/wp-content\/uploads\/2026\/04\/moesli-kapelle-innen000069-768x776.jpg 768w, https:\/\/bruderklaus.com\/wp-content\/uploads\/2026\/04\/moesli-kapelle-innen000069-1520x1536.jpg 1520w, https:\/\/bruderklaus.com\/wp-content\/uploads\/2026\/04\/moesli-kapelle-innen000069-2026x2048.jpg 2026w, https:\/\/bruderklaus.com\/wp-content\/uploads\/2026\/04\/moesli-kapelle-innen000069-600x606.jpg 600w, https:\/\/bruderklaus.com\/wp-content\/uploads\/2026\/04\/moesli-kapelle-innen000069-100x100.jpg 100w, https:\/\/bruderklaus.com\/wp-content\/uploads\/2026\/04\/moesli-kapelle-innen000069.jpg 2048w\" sizes=\"(max-width: 1013px) 100vw, 1013px\" \/><\/figure>\n<\/div>\n\n\n\n<div class=\"wp-block-column is-layout-flow wp-block-column-is-layout-flow\">\n<figure class=\"wp-block-image size-full is-resized\"><img decoding=\"async\" width=\"486\" height=\"558\" src=\"https:\/\/bruderklaus.com\/wp-content\/uploads\/2021\/03\/6066_mosli_br-ulrich_fresko00007011.jpg\" alt=\"\" class=\"wp-image-2829\" style=\"aspect-ratio:0.9915492957746479;width:317px;height:auto\"\/><\/figure>\n<\/div>\n<\/div>\n\n\n<p><a class=\"c-btn-main\"  href=\"https:\/\/2021.bruderklaus.com\/orte-informationen\/pilgerwege\/sarnen-flueeli-sachseln\/\">Rund um Fl\u00fceli-Ranft<\/a><\/p>","protected":false},"excerpt":{"rendered":"<p>La cappella M\u00f6sli di Bruder Ulrich La cappella del M\u00f6sli \u00e8 uno degli edifici tardo-medievali pi\u00f9 notevoli dell&#8217;Unterwaldo. Nel 1469, Fratello Ulrich (Bruder Ulrich), un prete proveniente da Memmingen, si stabil\u00ec, con il consenso di Nicolao della Flue, nel Ranft sul versante di Kerns. La cappella M\u00f6sli venne costruita nel 1484. All&#8217;interno: ciclo di affreschi [&hellip;]<\/p>\n","protected":false},"author":3,"featured_media":3902,"parent":9683,"menu_order":1,"comment_status":"closed","ping_status":"closed","template":"","meta":{"_acf_changed":false,"footnotes":""},"acf":[],"_links":{"self":[{"href":"https:\/\/bruderklaus.com\/it\/wp-json\/wp\/v2\/pages\/9264"}],"collection":[{"href":"https:\/\/bruderklaus.com\/it\/wp-json\/wp\/v2\/pages"}],"about":[{"href":"https:\/\/bruderklaus.com\/it\/wp-json\/wp\/v2\/types\/page"}],"author":[{"embeddable":true,"href":"https:\/\/bruderklaus.com\/it\/wp-json\/wp\/v2\/users\/3"}],"replies":[{"embeddable":true,"href":"https:\/\/bruderklaus.com\/it\/wp-json\/wp\/v2\/comments?post=9264"}],"version-history":[{"count":7,"href":"https:\/\/bruderklaus.com\/it\/wp-json\/wp\/v2\/pages\/9264\/revisions"}],"predecessor-version":[{"id":25263,"href":"https:\/\/bruderklaus.com\/it\/wp-json\/wp\/v2\/pages\/9264\/revisions\/25263"}],"up":[{"embeddable":true,"href":"https:\/\/bruderklaus.com\/it\/wp-json\/wp\/v2\/pages\/9683"}],"wp:featuredmedia":[{"embeddable":true,"href":"https:\/\/bruderklaus.com\/it\/wp-json\/wp\/v2\/media\/3902"}],"wp:attachment":[{"href":"https:\/\/bruderklaus.com\/it\/wp-json\/wp\/v2\/media?parent=9264"}],"curies":[{"name":"wp","href":"https:\/\/api.w.org\/{rel}","templated":true}]}}