{"id":9239,"date":"2021-01-26T21:42:56","date_gmt":"2021-01-26T21:42:56","guid":{"rendered":"https:\/\/bruderklaus.com\/flueeli-ranft\/geburtshaus\/"},"modified":"2022-04-24T17:12:57","modified_gmt":"2022-04-24T15:12:57","slug":"geburtshaus","status":"publish","type":"page","link":"https:\/\/bruderklaus.com\/it\/orte-informationen\/flueeli-ranft\/geburtshaus\/","title":{"rendered":"Casa natale"},"content":{"rendered":"\n<h2 class=\"wp-block-heading\"><strong><strong>La casa natale di Nicolao della Fl\u00fce<\/strong><\/strong><\/h2>\n\n\n\n<div class=\"wp-block-columns is-layout-flex wp-container-core-columns-layout-1 wp-block-columns-is-layout-flex\">\n<div class=\"wp-block-column is-layout-flow wp-block-column-is-layout-flow\" style=\"flex-basis:33.33%\">\n<figure class=\"wp-block-image size-large\"><img decoding=\"async\" width=\"1024\" height=\"1022\" src=\"https:\/\/bruderklaus.com\/wp-content\/uploads\/2021\/03\/orte_fleli_geburtshaus_geburtskammer0003332-1-1024x1022.jpg\" alt=\"\" class=\"wp-image-968\" srcset=\"https:\/\/bruderklaus.com\/wp-content\/uploads\/2021\/03\/orte_fleli_geburtshaus_geburtskammer0003332-1-1024x1022.jpg 1024w, https:\/\/bruderklaus.com\/wp-content\/uploads\/2021\/03\/orte_fleli_geburtshaus_geburtskammer0003332-1.jpg 2003w, https:\/\/bruderklaus.com\/wp-content\/uploads\/2021\/03\/orte_fleli_geburtshaus_geburtskammer0003332-1-150x150.jpg 150w, https:\/\/bruderklaus.com\/wp-content\/uploads\/2021\/03\/orte_fleli_geburtshaus_geburtskammer0003332-1-300x300.jpg 300w, https:\/\/bruderklaus.com\/wp-content\/uploads\/2021\/03\/orte_fleli_geburtshaus_geburtskammer0003332-1-768x767.jpg 768w, https:\/\/bruderklaus.com\/wp-content\/uploads\/2021\/03\/orte_fleli_geburtshaus_geburtskammer0003332-1-712x712.jpg 712w, https:\/\/bruderklaus.com\/wp-content\/uploads\/2021\/03\/orte_fleli_geburtshaus_geburtskammer0003332-1-100x100.jpg 100w\" sizes=\"(max-width: 1024px) 100vw, 1024px\" \/><\/figure>\n<\/div>\n\n\n\n<div class=\"wp-block-column is-layout-flow wp-block-column-is-layout-flow\" style=\"flex-basis:66.66%\">\n<p>La casa natale si erge sulla propriet\u00e0 familiare dei della Fl\u00fce. In questa casa nacque Nicolao e vi visse fino a quando si spos\u00f2 con Dorotea Wyss.<\/p>\n\n\n\n<p>La casa pass\u00f2 di propriet\u00e0 seguendo una linea ereditaria diretta maschile (fino al 1650) e oggi appartiene alla fondazione delle cappelle Fl\u00fceli-Ranft, istituita da Bruder Klaus. L\u2019attuale aspetto risale al restauro del 1925 e ricorda la cultura e lo stile abitativo tardo medioevale.<\/p>\n\n\n\n<p>Visite da aprile a ottobre.<br>Da novembre a marzo su richiesta.<\/p>\n<\/div>\n<\/div>\n\n\n\n<div class=\"wp-block-columns is-layout-flex wp-container-core-columns-layout-2 wp-block-columns-is-layout-flex\">\n<div class=\"wp-block-column is-layout-flow wp-block-column-is-layout-flow\">\n<figure class=\"wp-block-image size-large\"><img decoding=\"async\" src=\"https:\/\/bruderklaus.com\/wp-content\/uploads\/2021\/03\/20180621_150054.jpg\" alt=\"\" class=\"wp-image-4196\"\/><\/figure>\n<\/div>\n\n\n\n<div class=\"wp-block-column is-layout-flow wp-block-column-is-layout-flow\">\n<figure class=\"wp-block-image size-large\"><img decoding=\"async\" width=\"1024\" height=\"768\" src=\"https:\/\/bruderklaus.com\/wp-content\/uploads\/2021\/03\/geburtshaus-1024x768.jpg\" alt=\"\" class=\"wp-image-898\" srcset=\"https:\/\/bruderklaus.com\/wp-content\/uploads\/2021\/03\/geburtshaus-1024x768.jpg 1024w, https:\/\/bruderklaus.com\/wp-content\/uploads\/2021\/03\/geburtshaus.jpg 2560w, https:\/\/bruderklaus.com\/wp-content\/uploads\/2021\/03\/geburtshaus-300x225.jpg 300w, https:\/\/bruderklaus.com\/wp-content\/uploads\/2021\/03\/geburtshaus-768x576.jpg 768w, https:\/\/bruderklaus.com\/wp-content\/uploads\/2021\/03\/geburtshaus.jpg 2048w\" sizes=\"(max-width: 1024px) 100vw, 1024px\" \/><\/figure>\n<\/div>\n\n\n\n<div class=\"wp-block-column is-layout-flow wp-block-column-is-layout-flow\">\n<figure class=\"wp-block-image size-large\"><img decoding=\"async\" src=\"https:\/\/bruderklaus.com\/wp-content\/uploads\/2021\/03\/20180621_151912.jpg\" alt=\"\" class=\"wp-image-4199\"\/><\/figure>\n<\/div>\n<\/div>\n\n\n\n<div class=\"wp-block-columns is-layout-flex wp-container-core-columns-layout-3 wp-block-columns-is-layout-flex\">\n<div class=\"wp-block-column is-layout-flow wp-block-column-is-layout-flow\">\n<hr class=\"wp-block-separator\"\/>\n<\/div>\n<\/div>\n\n\n\n<div class=\"wp-block-columns is-layout-flex wp-container-core-columns-layout-4 wp-block-columns-is-layout-flex\">\n<div class=\"wp-block-column is-layout-flow wp-block-column-is-layout-flow\" style=\"flex-basis:33.33%\">\n<figure class=\"wp-block-image size-large\"><img decoding=\"async\" width=\"2048\" height=\"1152\" src=\"https:\/\/bruderklaus.com\/wp-content\/uploads\/2021\/03\/Film_GH_20200607_12133913.jpg\" alt=\"\" class=\"wp-image-1337\"\/><\/figure>\n<\/div>\n\n\n\n<div class=\"wp-block-column is-layout-flow wp-block-column-is-layout-flow\" style=\"flex-basis:66.66%\">\n<p>Al piano superiore, film (15 min.) \u00ab&nbsp;La giovent\u00f9 spiega Nicolao della Fl\u00fce&nbsp;\u00bb (Jugend erkl\u00e4rt Niklaus von Fl\u00fce, film in tedesco) sulla vita e l&#8217;opera del santo patrono della Svizzera.<\/p>\n\n\n\n<p>Liberamente accessibile durante le ore di apertura.<\/p>\n<\/div>\n<\/div>\n\n\n\n<div class=\"wp-block-columns is-layout-flex wp-container-core-columns-layout-6 wp-block-columns-is-layout-flex\">\n<div class=\"wp-block-column is-layout-flow wp-block-column-is-layout-flow\" style=\"flex-basis:100%\">\n<div class=\"wp-block-columns is-layout-flex wp-container-core-columns-layout-5 wp-block-columns-is-layout-flex\">\n<div class=\"wp-block-column is-layout-flow wp-block-column-is-layout-flow\">\n<hr class=\"wp-block-separator\"\/>\n<\/div>\n<\/div>\n<\/div>\n<\/div>\n\n\n<p><a class=\"c-btn-main\"  href=\"https:\/\/bruderklaus.com\/it\/orte-informationen\/anreise-oeffnungszeiten\/oeffnungszeiten\/\">Orari di apertura<\/a><\/p>","protected":false},"excerpt":{"rendered":"<p>La casa natale di Nicolao della Fl\u00fce La casa natale si erge sulla propriet\u00e0 familiare dei della Fl\u00fce. In questa casa nacque Nicolao e vi visse fino a quando si spos\u00f2 con Dorotea Wyss. La casa pass\u00f2 di propriet\u00e0 seguendo una linea ereditaria diretta maschile (fino al 1650) e oggi appartiene alla fondazione delle cappelle [&hellip;]<\/p>\n","protected":false},"author":3,"featured_media":1321,"parent":9213,"menu_order":70,"comment_status":"closed","ping_status":"closed","template":"","meta":{"_acf_changed":false,"footnotes":""},"acf":[],"_links":{"self":[{"href":"https:\/\/bruderklaus.com\/it\/wp-json\/wp\/v2\/pages\/9239"}],"collection":[{"href":"https:\/\/bruderklaus.com\/it\/wp-json\/wp\/v2\/pages"}],"about":[{"href":"https:\/\/bruderklaus.com\/it\/wp-json\/wp\/v2\/types\/page"}],"author":[{"embeddable":true,"href":"https:\/\/bruderklaus.com\/it\/wp-json\/wp\/v2\/users\/3"}],"replies":[{"embeddable":true,"href":"https:\/\/bruderklaus.com\/it\/wp-json\/wp\/v2\/comments?post=9239"}],"version-history":[{"count":5,"href":"https:\/\/bruderklaus.com\/it\/wp-json\/wp\/v2\/pages\/9239\/revisions"}],"predecessor-version":[{"id":15909,"href":"https:\/\/bruderklaus.com\/it\/wp-json\/wp\/v2\/pages\/9239\/revisions\/15909"}],"up":[{"embeddable":true,"href":"https:\/\/bruderklaus.com\/it\/wp-json\/wp\/v2\/pages\/9213"}],"wp:featuredmedia":[{"embeddable":true,"href":"https:\/\/bruderklaus.com\/it\/wp-json\/wp\/v2\/media\/1321"}],"wp:attachment":[{"href":"https:\/\/bruderklaus.com\/it\/wp-json\/wp\/v2\/media?parent=9239"}],"curies":[{"name":"wp","href":"https:\/\/api.w.org\/{rel}","templated":true}]}}